{"id":44707,"date":"2024-08-18T09:36:21","date_gmt":"2024-08-18T09:36:21","guid":{"rendered":"https:\/\/staging.nbg.eu\/product\/ced-deluxe-quick-patch-tape-gun\/"},"modified":"2024-09-10T09:15:57","modified_gmt":"2024-09-10T09:15:57","slug":"ced-deluxe-quick-patch-teippipyssy","status":"publish","type":"product","link":"https:\/\/staging.nbg.eu\/fi\/tuote\/ced-deluxe-quick-patch-teippipyssy\/","title":{"rendered":"Ced Deluxe Quick Patch Teippipyssy"},"content":{"rendered":"<p>Esittelyss\u00e4 CED Deluxe Quick Patch -teippauspistooli: Lopullinen ratkaisu maalitaulujen reikien paikkaamiseen!<\/p>\n<ul>\n<li>Nopeampi ja helpompi kuin k\u00e4sin paikkaaminen<\/li>\n<li>Yhteensopiva useimpien t\u00e4ysikokoisten paikkojen kanssa<\/li>\n<li>Yksinkertainen purista-ja-vapauta-toiminto<\/li>\n<li>Helppo t\u00e4hd\u00e4t\u00e4, k\u00e4ytt\u00e4\u00e4 ja ladata uudelleen<\/li>\n<li>Lis\u00e4\u00e4 tehokkuutta ja s\u00e4\u00e4st\u00e4\u00e4 aikaa<\/li>\n<li>Hauska ja vaivaton k\u00e4ytt\u00e4\u00e4<\/li>\n<\/ul>\n<p>Paranna ampumaharjoitteluasi CED Deluxe -teippauspistoolin avulla &#8211; kaikki yhdess\u00e4 ty\u00f6kalussa nopeaan ja tehokkaaseen paikkaamiseen!<\/p>\n","protected":false},"excerpt":{"rendered":"<p>Tehokas maalilappujen kiinnitysty\u00f6kalu. Helppo k\u00e4ytt\u00e4\u00e4, ladata ja t\u00e4hd\u00e4t\u00e4. Hauska!<\/p>\n","protected":false},"featured_media":27511,"template":"","meta":{"_acf_changed":false},"product_brand":[11270],"product_cat":[13223,13190,13198],"product_tag":[],"class_list":{"0":"post-44707","1":"product","2":"type-product","3":"status-publish","4":"has-post-thumbnail","6":"product_brand-doublealpha","7":"product_cat-maalit","8":"product_cat-paikat-ja-paikkauspistooli","9":"product_cat-paperikohteet","11":"first","12":"instock","13":"taxable","14":"shipping-taxable","15":"purchasable","16":"product-type-simple"},"acf":[],"_links":{"self":[{"href":"https:\/\/staging.nbg.eu\/fi\/wp-json\/wp\/v2\/product\/44707","targetHints":{"allow":["GET"]}}],"collection":[{"href":"https:\/\/staging.nbg.eu\/fi\/wp-json\/wp\/v2\/product"}],"about":[{"href":"https:\/\/staging.nbg.eu\/fi\/wp-json\/wp\/v2\/types\/product"}],"wp:featuredmedia":[{"embeddable":true,"href":"https:\/\/staging.nbg.eu\/fi\/wp-json\/wp\/v2\/media\/27511"}],"wp:attachment":[{"href":"https:\/\/staging.nbg.eu\/fi\/wp-json\/wp\/v2\/media?parent=44707"}],"wp:term":[{"taxonomy":"product_brand","embeddable":true,"href":"https:\/\/staging.nbg.eu\/fi\/wp-json\/wp\/v2\/product_brand?post=44707"},{"taxonomy":"product_cat","embeddable":true,"href":"https:\/\/staging.nbg.eu\/fi\/wp-json\/wp\/v2\/product_cat?post=44707"},{"taxonomy":"product_tag","embeddable":true,"href":"https:\/\/staging.nbg.eu\/fi\/wp-json\/wp\/v2\/product_tag?post=44707"}],"curies":[{"name":"wp","href":"https:\/\/api.w.org\/{rel}","templated":true}]}}