{"id":44685,"date":"2024-08-18T09:36:41","date_gmt":"2024-08-18T09:36:41","guid":{"rendered":"https:\/\/staging.nbg.eu\/product\/mr-bulletfeeder-pro-9-38s\/"},"modified":"2024-09-10T09:12:09","modified_gmt":"2024-09-10T09:12:09","slug":"mrbulletfeeder-pro-938s","status":"publish","type":"product","link":"https:\/\/staging.nbg.eu\/fi\/tuote\/mrbulletfeeder-pro-938s\/","title":{"rendered":"Mr.Bulletfeeder Pro 9\/38S"},"content":{"rendered":"<div class=\"product-description\">\n<h2>Mr.Bulletfeeder Pro 9\/38S<\/h2>\n<p>Nosta uudelleenlatauspeli\u00e4si Mr.Bulletfeeder Pro 9\/38S:ll\u00e4, t\u00e4ydellisell\u00e4 ratkaisulla suurivolyymiseen ammustuotantoon. T\u00e4m\u00e4 edistyksellinen luotinsy\u00f6tt\u00e4j\u00e4 tarjoaa:<\/p>\n<ul>\n<li>Valtava kapasiteetti: Pit\u00e4\u00e4 yli 1 000 kpl 9mm 124 gr luotia<\/li>\n<li>Vaikuttava tuotanto: Jopa 7 200 luotia tunnissa<\/li>\n<li>Tukeva rakenne: Ter\u00e4ksinen pudotusmatriisi parantaa kest\u00e4vyytt\u00e4<\/li>\n<li>S\u00e4\u00e4dett\u00e4v\u00e4 jalusta: Alumiininen, teleskooppinen ja korkeuss\u00e4\u00e4dett\u00e4v\u00e4 optimaalista asentoa varten<\/li>\n<li>Parannettu luotettavuus: Painavammat osat takaavat johdonmukaisen suorituskyvyn<\/li>\n<\/ul>\n<p>T\u00e4ydellinen kaupallisille uudelleenlataajille ja suurivolyymisille ampujille, Mr.Bulletfeeder Pro 9\/38S virtaviivaistaa ammustuotantoprosessiasi s\u00e4\u00e4st\u00e4en aikaa ja vaivaa.<\/p>\n<\/div>\n","protected":false},"excerpt":{"rendered":"<p>Mr.Bulletfeeder Pro 9\/38S: Suurikapasiteettinen luotinsy\u00f6tt\u00f6laite vakavasti otettaville lataajille.<\/p>\n","protected":false},"featured_media":27534,"template":"","meta":{"_acf_changed":false},"product_brand":[11270],"product_cat":[13221,13193],"product_tag":[],"class_list":{"0":"post-44685","1":"product","2":"type-product","3":"status-publish","4":"has-post-thumbnail","6":"product_brand-doublealpha","7":"product_cat-lataaminen","8":"product_cat-latauskoneet","10":"first","11":"outofstock","12":"taxable","13":"shipping-taxable","14":"purchasable","15":"product-type-simple"},"acf":[],"_links":{"self":[{"href":"https:\/\/staging.nbg.eu\/fi\/wp-json\/wp\/v2\/product\/44685","targetHints":{"allow":["GET"]}}],"collection":[{"href":"https:\/\/staging.nbg.eu\/fi\/wp-json\/wp\/v2\/product"}],"about":[{"href":"https:\/\/staging.nbg.eu\/fi\/wp-json\/wp\/v2\/types\/product"}],"wp:featuredmedia":[{"embeddable":true,"href":"https:\/\/staging.nbg.eu\/fi\/wp-json\/wp\/v2\/media\/27534"}],"wp:attachment":[{"href":"https:\/\/staging.nbg.eu\/fi\/wp-json\/wp\/v2\/media?parent=44685"}],"wp:term":[{"taxonomy":"product_brand","embeddable":true,"href":"https:\/\/staging.nbg.eu\/fi\/wp-json\/wp\/v2\/product_brand?post=44685"},{"taxonomy":"product_cat","embeddable":true,"href":"https:\/\/staging.nbg.eu\/fi\/wp-json\/wp\/v2\/product_cat?post=44685"},{"taxonomy":"product_tag","embeddable":true,"href":"https:\/\/staging.nbg.eu\/fi\/wp-json\/wp\/v2\/product_tag?post=44685"}],"curies":[{"name":"wp","href":"https:\/\/api.w.org\/{rel}","templated":true}]}}