{"id":44663,"date":"2024-08-18T09:37:01","date_gmt":"2024-08-18T09:37:01","guid":{"rendered":"https:\/\/staging.nbg.eu\/product\/daa-carry-it-all-cia-backpack\/"},"modified":"2024-09-10T09:08:31","modified_gmt":"2024-09-10T09:08:31","slug":"daa-carry-it-all-cia-reppu","status":"publish","type":"product","link":"https:\/\/staging.nbg.eu\/fi\/tuote\/daa-carry-it-all-cia-reppu\/","title":{"rendered":"Daa Carry It All (Cia) Reppu"},"content":{"rendered":"<h2>DAA Carry It All (CIA) -reppu<\/h2>\n<p>T\u00e4ydellinen ratakumppani omistautuneille IPSC-ampujille, Double-Alpha CIA -reppu on suunniteltu t\u00e4ytt\u00e4m\u00e4\u00e4n ja ylitt\u00e4m\u00e4\u00e4n odotuksesi.<\/p>\n<h2>T\u00e4rkeimm\u00e4t ominaisuudet:<\/h2>\n<ul>\n<li>Kest\u00e4v\u00e4 D600 Cordura -materiaali vett\u00e4 hylkivill\u00e4 ominaisuuksilla<\/li>\n<li>Hypalon-vuorattu pohja lis\u00e4suojaksi<\/li>\n<li>Tarranauhoitettu sis\u00e4puoli muokattavaa s\u00e4ilytyst\u00e4 varten<\/li>\n<li>Irrotettava keskiosa<\/li>\n<li>Tilava ylempi etutasku kuulosuojaimille<\/li>\n<li>Ulkoinen tarrapaneeli personointia varten<\/li>\n<li>MOLLE-nauhat lis\u00e4kiinnityksi\u00e4 varten<\/li>\n<li>Mukavat, irrotettavat olkahihnat<\/li>\n<li>Ergonominen muotoilu optimaaliseen painon jakautumiseen<\/li>\n<\/ul>\n<h2>Tekniset tiedot:<\/h2>\n<ul>\n<li>Mitat: 42L x 27S x 56K cm<\/li>\n<li>Tilavuus: Noin 37L<\/li>\n<li>Paino: 2,8 kg<\/li>\n<li>V\u00e4ri: Musta<\/li>\n<\/ul>\n<p>Koe t\u00e4ydellinen yhdistelm\u00e4 kest\u00e4vyytt\u00e4, toiminnallisuutta ja mukavuutta DAA CIA -repun kanssa \u2013 v\u00e4ltt\u00e4m\u00e4t\u00f6n varuste vuosiksi luotettavaan k\u00e4ytt\u00f6\u00f6n radalla.<\/p>\n","protected":false},"excerpt":{"rendered":"<p>DAA CIA Reppu: Kest\u00e4v\u00e4, monik\u00e4ytt\u00f6inen laukku IPSC-ampujille.<\/p>\n","protected":false},"featured_media":27764,"template":"","meta":{"_acf_changed":false},"product_brand":[11270],"product_cat":[13238,13192],"product_tag":[],"class_list":{"0":"post-44663","1":"product","2":"type-product","3":"status-publish","4":"has-post-thumbnail","6":"product_brand-doublealpha","7":"product_cat-ampumalaukut","8":"product_cat-varusteet","10":"first","11":"outofstock","12":"taxable","13":"shipping-taxable","14":"purchasable","15":"product-type-simple"},"acf":[],"_links":{"self":[{"href":"https:\/\/staging.nbg.eu\/fi\/wp-json\/wp\/v2\/product\/44663","targetHints":{"allow":["GET"]}}],"collection":[{"href":"https:\/\/staging.nbg.eu\/fi\/wp-json\/wp\/v2\/product"}],"about":[{"href":"https:\/\/staging.nbg.eu\/fi\/wp-json\/wp\/v2\/types\/product"}],"wp:featuredmedia":[{"embeddable":true,"href":"https:\/\/staging.nbg.eu\/fi\/wp-json\/wp\/v2\/media\/27764"}],"wp:attachment":[{"href":"https:\/\/staging.nbg.eu\/fi\/wp-json\/wp\/v2\/media?parent=44663"}],"wp:term":[{"taxonomy":"product_brand","embeddable":true,"href":"https:\/\/staging.nbg.eu\/fi\/wp-json\/wp\/v2\/product_brand?post=44663"},{"taxonomy":"product_cat","embeddable":true,"href":"https:\/\/staging.nbg.eu\/fi\/wp-json\/wp\/v2\/product_cat?post=44663"},{"taxonomy":"product_tag","embeddable":true,"href":"https:\/\/staging.nbg.eu\/fi\/wp-json\/wp\/v2\/product_tag?post=44663"}],"curies":[{"name":"wp","href":"https:\/\/api.w.org\/{rel}","templated":true}]}}