{"id":44619,"date":"2024-08-18T09:37:54","date_gmt":"2024-08-18T09:37:54","guid":{"rendered":"https:\/\/staging.nbg.eu\/product\/daa-primer-pickup-tubes-5-pack-small\/"},"modified":"2024-09-10T08:58:42","modified_gmt":"2024-09-10T08:58:42","slug":"daa-nallikeraeysputket-5-pakkaus-pieni","status":"publish","type":"product","link":"https:\/\/staging.nbg.eu\/fi\/tuote\/daa-nallikeraeysputket-5-pakkaus-pieni\/","title":{"rendered":"Daa Nalliker\u00e4ysputket, 5-Pakkaus, Pieni"},"content":{"rendered":"<div class=\"product-description\">\n<h2>DAA Nallien poimintaputket, 5 kpl, pienet<\/h2>\n<p>Paranna latauskokemustasi DAA:n nallien poimintaputkilla. N\u00e4m\u00e4 putket on valmistettu ensiluokkaisesta alumiinista k\u00e4ytt\u00e4en mukautettuja pursotusty\u00f6kaluja, mik\u00e4 takaa vertaansa vailla olevan tarkkuuden ja viimeistelyn. Punainen anodisoitu pinta pienille nalleille helpottaa tunnistamista ja lis\u00e4\u00e4 tyylikkyytt\u00e4.<\/p>\n<ul>\n<li>Ergonominen poimintap\u00e4\u00e4, jossa on leve\u00e4mpi sormitukialue, ehk\u00e4isee k\u00e4sien v\u00e4symist\u00e4<\/li>\n<li>Uudelleensuunniteltu k\u00e4rki, jossa on kaksoishampaat nallin varmaa otetta varten<\/li>\n<li>L\u00e4pikuultavat p\u00e4\u00e4tykappaleet helpottavat nallien n\u00e4kyvyytt\u00e4<\/li>\n<li>Tiukasti istuvat p\u00e4\u00e4t est\u00e4v\u00e4t tahattoman irtoamisen<\/li>\n<li>Johdonmukainen sis\u00e4- ja ulkoviistotus optimaalista sy\u00f6tt\u00f6\u00e4 varten<\/li>\n<\/ul>\n<p>Koe DAA:n nallien poimintaputkien mukavuus ja tehokkuus latausprosessissasi. P\u00e4ivit\u00e4 varustuksesi t\u00e4n\u00e4\u00e4n!<\/p>\n<\/div>\n","protected":false},"excerpt":{"rendered":"<p>DAA esisytytinannostelijan putket: 5 kappaleen pakkaus, pienikokoisia, punaiseksi anodisoitua alumiinia, ergonominen muotoilu.<\/p>\n","protected":false},"featured_media":28040,"template":"","meta":{"_acf_changed":false},"product_brand":[11270],"product_cat":[13221,13175],"product_tag":[],"class_list":{"0":"post-44619","1":"product","2":"type-product","3":"status-publish","4":"has-post-thumbnail","6":"product_brand-doublealpha","7":"product_cat-lataaminen","8":"product_cat-latausvaelineet","10":"first","11":"outofstock","12":"taxable","13":"shipping-taxable","14":"purchasable","15":"product-type-simple"},"acf":[],"_links":{"self":[{"href":"https:\/\/staging.nbg.eu\/fi\/wp-json\/wp\/v2\/product\/44619","targetHints":{"allow":["GET"]}}],"collection":[{"href":"https:\/\/staging.nbg.eu\/fi\/wp-json\/wp\/v2\/product"}],"about":[{"href":"https:\/\/staging.nbg.eu\/fi\/wp-json\/wp\/v2\/types\/product"}],"wp:featuredmedia":[{"embeddable":true,"href":"https:\/\/staging.nbg.eu\/fi\/wp-json\/wp\/v2\/media\/28040"}],"wp:attachment":[{"href":"https:\/\/staging.nbg.eu\/fi\/wp-json\/wp\/v2\/media?parent=44619"}],"wp:term":[{"taxonomy":"product_brand","embeddable":true,"href":"https:\/\/staging.nbg.eu\/fi\/wp-json\/wp\/v2\/product_brand?post=44619"},{"taxonomy":"product_cat","embeddable":true,"href":"https:\/\/staging.nbg.eu\/fi\/wp-json\/wp\/v2\/product_cat?post=44619"},{"taxonomy":"product_tag","embeddable":true,"href":"https:\/\/staging.nbg.eu\/fi\/wp-json\/wp\/v2\/product_tag?post=44619"}],"curies":[{"name":"wp","href":"https:\/\/api.w.org\/{rel}","templated":true}]}}