{"id":44597,"date":"2024-08-18T09:38:23","date_gmt":"2024-09-10T08:53:09","guid":{"rendered":"https:\/\/staging.nbg.eu\/product\/flex-alpha-x-racer-x-extended-ball-joint-rod\/"},"modified":"2024-09-10T08:53:46","modified_gmt":"2024-09-10T08:53:46","slug":"flex-alpha-x-racer-x-pidennetty-pallonivel-tanko","status":"publish","type":"product","link":"https:\/\/staging.nbg.eu\/fi\/tuote\/flex-alpha-x-racer-x-pidennetty-pallonivel-tanko\/","title":{"rendered":"Flex \/ Alpha-X \/ Racer-X Pidennetty Pallonivel Tanko"},"content":{"rendered":"<p><strong>Flex \/ Alpha-X \/ Racer-X Pidennetty Palloniveltanko<\/strong> on r\u00e4\u00e4t\u00e4l\u00f6ity ratkaisu ampujille, jotka haluavat aseensa kauemmas kehostaan tai vy\u00f6st\u00e4\u00e4n. T\u00e4m\u00e4 lis\u00e4varuste pident\u00e4\u00e4 pallonivelen kaulaa 8 mm:ll\u00e4, tarjoten:<\/p>\n<ul>\n<li>Lis\u00e4\u00e4ntyneen et\u00e4isyyden kotelon ja ripustimen v\u00e4lill\u00e4<\/li>\n<li>Paremman s\u00e4\u00e4dett\u00e4vyyden henkil\u00f6kohtaista mukavuutta varten<\/li>\n<li>Suuremman vapauden aseen kulmassa ja asennossa<\/li>\n<\/ul>\n<p>Ihanteellinen erilaisille vartalotyypeille tai erityisille kantamistavoille, t\u00e4m\u00e4 tanko tarjoaa t\u00e4ydellisen tasapainon saavutettavuuden ja mukavuuden v\u00e4lill\u00e4.<\/p>\n","protected":false},"excerpt":{"rendered":"<p>Pidenn\u00e4 kotelon et\u00e4isyytt\u00e4 mukautetulla 8 mm:n palloniveltangolla.<\/p>\n","protected":false},"featured_media":28109,"template":"","meta":{"_acf_changed":false},"product_brand":[11270],"product_cat":[13179,13212,13217],"product_tag":[],"class_list":{"0":"post-44597","1":"product","2":"type-product","3":"status-publish","4":"has-post-thumbnail","6":"product_brand-doublealpha","7":"product_cat-kotelo","8":"product_cat-kotelotarvikkeet","9":"product_cat-urheilukotelot","11":"first","12":"instock","13":"taxable","14":"shipping-taxable","15":"purchasable","16":"product-type-simple"},"acf":[],"_links":{"self":[{"href":"https:\/\/staging.nbg.eu\/fi\/wp-json\/wp\/v2\/product\/44597","targetHints":{"allow":["GET"]}}],"collection":[{"href":"https:\/\/staging.nbg.eu\/fi\/wp-json\/wp\/v2\/product"}],"about":[{"href":"https:\/\/staging.nbg.eu\/fi\/wp-json\/wp\/v2\/types\/product"}],"wp:featuredmedia":[{"embeddable":true,"href":"https:\/\/staging.nbg.eu\/fi\/wp-json\/wp\/v2\/media\/28109"}],"wp:attachment":[{"href":"https:\/\/staging.nbg.eu\/fi\/wp-json\/wp\/v2\/media?parent=44597"}],"wp:term":[{"taxonomy":"product_brand","embeddable":true,"href":"https:\/\/staging.nbg.eu\/fi\/wp-json\/wp\/v2\/product_brand?post=44597"},{"taxonomy":"product_cat","embeddable":true,"href":"https:\/\/staging.nbg.eu\/fi\/wp-json\/wp\/v2\/product_cat?post=44597"},{"taxonomy":"product_tag","embeddable":true,"href":"https:\/\/staging.nbg.eu\/fi\/wp-json\/wp\/v2\/product_tag?post=44597"}],"curies":[{"name":"wp","href":"https:\/\/api.w.org\/{rel}","templated":true}]}}