{"id":44565,"date":"2024-08-18T09:38:38","date_gmt":"2024-08-18T09:38:38","guid":{"rendered":"https:\/\/staging.nbg.eu\/product\/daa-primer-pro-collator-small-primer\/"},"modified":"2024-09-10T08:46:59","modified_gmt":"2024-09-10T08:46:59","slug":"daa-primer-pro-lajittelija-pieni-nalli","status":"publish","type":"product","link":"https:\/\/staging.nbg.eu\/fi\/tuote\/daa-primer-pro-lajittelija-pieni-nalli\/","title":{"rendered":"Daa Primer-Pro Lajittelija Pieni Nalli"},"content":{"rendered":"<h2>Daa Primer-Pro Lajittelija Pienille Nallisytyttimille<\/h2>\n<p>Mullistaa latausprosessisi PRIMER-PRO:lla Double-Alphalta! T\u00e4m\u00e4 innovatiivinen, patenttia odottava laite tarjoaa ainutlaatuisen ratkaisun pienten kiv\u00e4\u00e4rin ja pistoolin nallisytyttimien k\u00e4sittelyyn.<\/p>\n<ul>\n<li>Tehokas lajittelija-tyyppinen muotoilu 20 tarkkuusmuotoillulla kanavalla<\/li>\n<li>Luotettava hylk\u00e4ysj\u00e4rjestelm\u00e4 varmistaa nallisytyttimien oikean suuntauksen<\/li>\n<li>Optinen anturi laskee nallisytyttimet ja pys\u00e4htyy 100:n kohdalla<\/li>\n<li>\u00c4lyk\u00e4s tukosten ehk\u00e4isy ja helppo ongelmien ratkaisu<\/li>\n<li>Innovatiivinen ulostulon k\u00e4ytt\u00f6varsi nallisytyttimien sujuvaan sijoittamiseen<\/li>\n<li>Sis\u00e4lt\u00e4\u00e4 yhden magneettisen kauluksen Dillon-nallisytytinputkelle<\/li>\n<li>12V DC virtal\u00e4hde US\/EU-sovittimilla ja 2m johdolla<\/li>\n<\/ul>\n<p>Huom: Nallisytytinputki ei sis\u00e4lly. Lis\u00e4\u00e4 magneettisia kauluksia saatavilla erikseen.<\/p>\n","protected":false},"excerpt":{"rendered":"<p>Tehokas ja luotettava pieni nallien lajittelija nopeaan uudelleenlataukseen.<\/p>\n","protected":false},"featured_media":28201,"template":"","meta":{"_acf_changed":false},"product_brand":[11270],"product_cat":[13221,13193],"product_tag":[],"class_list":{"0":"post-44565","1":"product","2":"type-product","3":"status-publish","4":"has-post-thumbnail","6":"product_brand-doublealpha","7":"product_cat-lataaminen","8":"product_cat-latauskoneet","10":"first","11":"outofstock","12":"taxable","13":"shipping-taxable","14":"purchasable","15":"product-type-simple"},"acf":[],"_links":{"self":[{"href":"https:\/\/staging.nbg.eu\/fi\/wp-json\/wp\/v2\/product\/44565","targetHints":{"allow":["GET"]}}],"collection":[{"href":"https:\/\/staging.nbg.eu\/fi\/wp-json\/wp\/v2\/product"}],"about":[{"href":"https:\/\/staging.nbg.eu\/fi\/wp-json\/wp\/v2\/types\/product"}],"wp:featuredmedia":[{"embeddable":true,"href":"https:\/\/staging.nbg.eu\/fi\/wp-json\/wp\/v2\/media\/28201"}],"wp:attachment":[{"href":"https:\/\/staging.nbg.eu\/fi\/wp-json\/wp\/v2\/media?parent=44565"}],"wp:term":[{"taxonomy":"product_brand","embeddable":true,"href":"https:\/\/staging.nbg.eu\/fi\/wp-json\/wp\/v2\/product_brand?post=44565"},{"taxonomy":"product_cat","embeddable":true,"href":"https:\/\/staging.nbg.eu\/fi\/wp-json\/wp\/v2\/product_cat?post=44565"},{"taxonomy":"product_tag","embeddable":true,"href":"https:\/\/staging.nbg.eu\/fi\/wp-json\/wp\/v2\/product_tag?post=44565"}],"curies":[{"name":"wp","href":"https:\/\/api.w.org\/{rel}","templated":true}]}}