{"id":44541,"date":"2024-08-18T09:38:53","date_gmt":"2024-08-18T09:38:53","guid":{"rendered":"https:\/\/staging.nbg.eu\/product\/alpha-xi-pouch-without-inlay\/"},"modified":"2024-09-10T08:39:31","modified_gmt":"2024-09-10T08:39:31","slug":"alpha-xi-tasku-ilman-sisustaa","status":"publish","type":"product","link":"https:\/\/staging.nbg.eu\/fi\/tuote\/alpha-xi-tasku-ilman-sisustaa\/","title":{"rendered":"Alpha-Xi Tasku Ilman Sisustaa"},"content":{"rendered":"<h2>Alpha-Xi -lipaskotelo ilman sis\u00e4osaa &#8211; Viimeistely<\/h2>\n<p>Esittelyss\u00e4 Alpha-Xi -lipaskotelo, vallankumouksellinen taktisen varustuksen suunnittelu. T\u00e4m\u00e4 kotelo sis\u00e4lt\u00e4\u00e4:<\/p>\n<ul>\n<li>Parannettu kest\u00e4vyys r\u00e4\u00e4t\u00e4l\u00f6idyll\u00e4 leve\u00e4p\u00e4isell\u00e4 ruuvikiinnityksell\u00e4<\/li>\n<li>8 monipuolista kiinnityskohtaa optimaalista sijoittelua varten<\/li>\n<li>Kolme korkeusasetusta sek\u00e4 oikea- ett\u00e4 vasenk\u00e4tisille ampujille<\/li>\n<li>Kaksi korkeusasetusta luodit ulosp\u00e4in -kiinnitykselle<\/li>\n<li>Avainistukka-kiinnitys vakautta varten<\/li>\n<\/ul>\n<p>Alpha-Xi:n parannettu pallonivellinen kiinnitys takaa vertaansa vailla olevan lujuuden jopa vaativissa olosuhteissa. Olipa kyseess\u00e4 maastoutuminen tai esteiden ylitt\u00e4minen, t\u00e4m\u00e4 kotelo kest\u00e4\u00e4 haasteen. Koe seuraava taso lippaiden kantamisessa Alpha-Xi -kotelolla &#8211; kest\u00e4vyys ja joustavuus uudelleen m\u00e4\u00e4riteltyin\u00e4.<\/p>\n<p><strong>Huomaa:<\/strong> T\u00e4m\u00e4 versio ei sis\u00e4ll\u00e4 sis\u00e4osaa.<\/p>\n","protected":false},"excerpt":{"rendered":"<p>Kest\u00e4v\u00e4 lipastaskuvarustus, jossa on edistyksellinen pallonivel-vy\u00f6kiinnitys.<\/p>\n","protected":false},"featured_media":28270,"template":"","meta":{"_acf_changed":false},"product_brand":[11270],"product_cat":[13179,13168,13183,13217,13192],"product_tag":[],"class_list":{"0":"post-44541","1":"product","2":"type-product","3":"status-publish","4":"has-post-thumbnail","6":"product_brand-doublealpha","7":"product_cat-kotelo","8":"product_cat-lippaanpitimet","9":"product_cat-pussit","10":"product_cat-urheilukotelot","11":"product_cat-varusteet","13":"first","14":"instock","15":"taxable","16":"shipping-taxable","17":"purchasable","18":"product-type-simple"},"acf":[],"_links":{"self":[{"href":"https:\/\/staging.nbg.eu\/fi\/wp-json\/wp\/v2\/product\/44541","targetHints":{"allow":["GET"]}}],"collection":[{"href":"https:\/\/staging.nbg.eu\/fi\/wp-json\/wp\/v2\/product"}],"about":[{"href":"https:\/\/staging.nbg.eu\/fi\/wp-json\/wp\/v2\/types\/product"}],"wp:featuredmedia":[{"embeddable":true,"href":"https:\/\/staging.nbg.eu\/fi\/wp-json\/wp\/v2\/media\/28270"}],"wp:attachment":[{"href":"https:\/\/staging.nbg.eu\/fi\/wp-json\/wp\/v2\/media?parent=44541"}],"wp:term":[{"taxonomy":"product_brand","embeddable":true,"href":"https:\/\/staging.nbg.eu\/fi\/wp-json\/wp\/v2\/product_brand?post=44541"},{"taxonomy":"product_cat","embeddable":true,"href":"https:\/\/staging.nbg.eu\/fi\/wp-json\/wp\/v2\/product_cat?post=44541"},{"taxonomy":"product_tag","embeddable":true,"href":"https:\/\/staging.nbg.eu\/fi\/wp-json\/wp\/v2\/product_tag?post=44541"}],"curies":[{"name":"wp","href":"https:\/\/api.w.org\/{rel}","templated":true}]}}