{"id":44519,"date":"2024-08-18T09:39:07","date_gmt":"2024-08-18T09:39:07","guid":{"rendered":"https:\/\/staging.nbg.eu\/product\/daa-pcc-magzine-pouch-type-glock\/"},"modified":"2024-09-10T08:33:15","modified_gmt":"2024-09-10T08:33:15","slug":"daa-pcc-lipastaskut-tyyppi-glock","status":"publish","type":"product","link":"https:\/\/staging.nbg.eu\/fi\/tuote\/daa-pcc-lipastaskut-tyyppi-glock\/","title":{"rendered":"Daa Pcc Lipastaskut &#8211; Tyyppi Glock"},"content":{"rendered":"<h2>DAA PCC -lipaskotelo &#8211; Glock-tyyppi<\/h2>\n<p>Nosta pistoolikaliiperin karbiinisi (PCC) peli uudelle tasolle DAA PCC -lipaskotelolla, joka on suunniteltu erityisesti Glock-lippaita varten. T\u00e4m\u00e4 r\u00e4\u00e4t\u00e4l\u00f6ity kotelo vastaa IPSC- ja USPSA-kilpailujen ainutlaatuisiin haasteisiin.<\/p>\n<ul>\n<li>Kest\u00e4v\u00e4 kuituvahvistettu nailonrakenne<\/li>\n<li>Erityisen pitk\u00e4 muotoilu (12 cm\/4,75&#8243;) 40-50 patruunan lippaiden tukevaan pitoon<\/li>\n<li>S\u00e4\u00e4dett\u00e4v\u00e4 pitovoima kahdella ruuvilla<\/li>\n<li>Etuosan aukko nopeampaa vetoa varten<\/li>\n<li>Viistetty yl\u00e4reuna nopeampia lippaanvaihtoja varten<\/li>\n<li>Molempik\u00e4tinen muotoilu useilla korkeusasennoilla<\/li>\n<li>Suuri pallonivellinen kiinnitys kest\u00e4vyytt\u00e4 varten<\/li>\n<li>Pit\u00e4\u00e4 lippaat luodit taaksep\u00e4in &#8221;nyrkkiottoa&#8221; varten lippaanvaihdossa<\/li>\n<\/ul>\n<p>Optimoi PCC-suorituskykysi t\u00e4ll\u00e4 tarkoitukseen suunnitellulla lipaskotelolla Double-Alphalta.<\/p>\n","protected":false},"excerpt":{"rendered":"<p>PCC-lipastaskut Glockille: Mittojen mukaan tehty, turvallinen, nopeat lippaan vaihdot.<\/p>\n","protected":false},"featured_media":28408,"template":"","meta":{"_acf_changed":false},"product_brand":[11270],"product_cat":[13168,13183,13217,13192],"product_tag":[],"class_list":{"0":"post-44519","1":"product","2":"type-product","3":"status-publish","4":"has-post-thumbnail","6":"product_brand-doublealpha","7":"product_cat-lippaanpitimet","8":"product_cat-pussit","9":"product_cat-urheilukotelot","10":"product_cat-varusteet","12":"first","13":"outofstock","14":"taxable","15":"shipping-taxable","16":"purchasable","17":"product-type-simple"},"acf":[],"_links":{"self":[{"href":"https:\/\/staging.nbg.eu\/fi\/wp-json\/wp\/v2\/product\/44519","targetHints":{"allow":["GET"]}}],"collection":[{"href":"https:\/\/staging.nbg.eu\/fi\/wp-json\/wp\/v2\/product"}],"about":[{"href":"https:\/\/staging.nbg.eu\/fi\/wp-json\/wp\/v2\/types\/product"}],"wp:featuredmedia":[{"embeddable":true,"href":"https:\/\/staging.nbg.eu\/fi\/wp-json\/wp\/v2\/media\/28408"}],"wp:attachment":[{"href":"https:\/\/staging.nbg.eu\/fi\/wp-json\/wp\/v2\/media?parent=44519"}],"wp:term":[{"taxonomy":"product_brand","embeddable":true,"href":"https:\/\/staging.nbg.eu\/fi\/wp-json\/wp\/v2\/product_brand?post=44519"},{"taxonomy":"product_cat","embeddable":true,"href":"https:\/\/staging.nbg.eu\/fi\/wp-json\/wp\/v2\/product_cat?post=44519"},{"taxonomy":"product_tag","embeddable":true,"href":"https:\/\/staging.nbg.eu\/fi\/wp-json\/wp\/v2\/product_tag?post=44519"}],"curies":[{"name":"wp","href":"https:\/\/api.w.org\/{rel}","templated":true}]}}