{"id":44496,"date":"2024-08-18T09:39:25","date_gmt":"2024-08-18T09:39:25","guid":{"rendered":"https:\/\/staging.nbg.eu\/product\/corn-cob-media-4kg\/"},"modified":"2024-09-10T08:26:10","modified_gmt":"2024-09-10T08:26:10","slug":"maissintaehkaemedia-4kg","status":"publish","type":"product","link":"https:\/\/staging.nbg.eu\/fi\/tuote\/maissintaehkaemedia-4kg\/","title":{"rendered":"Maissint\u00e4hk\u00e4media 4Kg"},"content":{"rendered":"<h2>Maissint\u00e4hk\u00e4media 4 kg<\/h2>\n<p>Paranna hylsyjen puhdistusta ensiluokkaisella 4 kg:n maissint\u00e4hk\u00e4medialla. T\u00e4m\u00e4 korkealaatuinen media on suunniteltu:<\/p>\n<ul>\n<li>Poistamaan hiekka, lika ja ruutij\u00e4\u00e4m\u00e4t hylsyist\u00e4<\/li>\n<li>Kiillottamaan hylsyt kauniiksi<\/li>\n<li>Puhdistamaan jopa pienimm\u00e4t kolot hylsyn reunoista ja nallikannoista<\/li>\n<\/ul>\n<p>Sopii t\u00e4ydellisesti pieniin ja keskikokoisiin rumpuihin ja t\u00e4rykalvoihin. Pienirakeinen mediamme varmistaa hylsyjen perusteellisen puhdistuksen. 4 kg:n m\u00e4\u00e4r\u00e4 mahdollistaa useamman k\u00e4ytt\u00f6kerran, tarjoten erinomaisen vastineen rahalle.<\/p>\n<p>Vaikka t\u00e4t\u00e4 mediaa voidaan k\u00e4ytt\u00e4\u00e4 toistuvasti, suosittelemme s\u00e4\u00e4nn\u00f6llist\u00e4 vaihtamista parhaan puhdistustuloksen yll\u00e4pit\u00e4miseksi. Sijoita maissint\u00e4hk\u00e4mediaamme t\u00e4n\u00e4\u00e4n ja koe ero latausprosessissasi!<\/p>\n","protected":false},"excerpt":{"rendered":"<p>4 kg maissint\u00e4hk\u00e4materiaalia: Puhdistaa ja kiillottaa messinkihylsyt, uudelleenk\u00e4ytett\u00e4v\u00e4.<\/p>\n","protected":false},"featured_media":28569,"template":"","meta":{"_acf_changed":false},"product_brand":[],"product_cat":[13219,13221],"product_tag":[],"class_list":{"0":"post-44496","1":"product","2":"type-product","3":"status-publish","4":"has-post-thumbnail","6":"product_cat-hylsyn-valmistelu","7":"product_cat-lataaminen","9":"first","10":"outofstock","11":"taxable","12":"shipping-taxable","13":"purchasable","14":"product-type-simple"},"acf":[],"_links":{"self":[{"href":"https:\/\/staging.nbg.eu\/fi\/wp-json\/wp\/v2\/product\/44496","targetHints":{"allow":["GET"]}}],"collection":[{"href":"https:\/\/staging.nbg.eu\/fi\/wp-json\/wp\/v2\/product"}],"about":[{"href":"https:\/\/staging.nbg.eu\/fi\/wp-json\/wp\/v2\/types\/product"}],"wp:featuredmedia":[{"embeddable":true,"href":"https:\/\/staging.nbg.eu\/fi\/wp-json\/wp\/v2\/media\/28569"}],"wp:attachment":[{"href":"https:\/\/staging.nbg.eu\/fi\/wp-json\/wp\/v2\/media?parent=44496"}],"wp:term":[{"taxonomy":"product_brand","embeddable":true,"href":"https:\/\/staging.nbg.eu\/fi\/wp-json\/wp\/v2\/product_brand?post=44496"},{"taxonomy":"product_cat","embeddable":true,"href":"https:\/\/staging.nbg.eu\/fi\/wp-json\/wp\/v2\/product_cat?post=44496"},{"taxonomy":"product_tag","embeddable":true,"href":"https:\/\/staging.nbg.eu\/fi\/wp-json\/wp\/v2\/product_tag?post=44496"}],"curies":[{"name":"wp","href":"https:\/\/api.w.org\/{rel}","templated":true}]}}