{"id":44474,"date":"2024-08-18T09:39:38","date_gmt":"2024-08-18T09:39:38","guid":{"rendered":"https:\/\/staging.nbg.eu\/product\/sordin-silicone-gel-replacement-ear-pads\/"},"modified":"2024-09-10T08:15:27","modified_gmt":"2024-09-10T08:15:27","slug":"sordin-silikonigeeliset-korvatyynyt","status":"publish","type":"product","link":"https:\/\/staging.nbg.eu\/fi\/tuote\/sordin-silikonigeeliset-korvatyynyt\/","title":{"rendered":"Sordin Silikonigeeliset Korvatyynyt"},"content":{"rendered":"<div class=\"product-description\">\n<h2>Sordin Silikonigeeli-korvatyynyt<\/h2>\n<p>P\u00e4ivit\u00e4 Sordin-kuulonsuojaimesi Silikonigeeli-vaihtosarjalla, joka sis\u00e4lt\u00e4\u00e4:<\/p>\n<ul>\n<li>2 Silikonigeeli-korvatyyny\u00e4<\/li>\n<li>2 Eristystyyny\u00e4<\/li>\n<\/ul>\n<p>Koe ylivertainen mukavuus ja \u00e4\u00e4nensuojaus n\u00e4ill\u00e4 innovatiivisilla geelityynyill\u00e4, jotka muotoutuvat p\u00e4\u00e4si muotoihin. Ne sopivat t\u00e4ydellisesti k\u00e4ytett\u00e4v\u00e4ksi ampumalasien kanssa, mukautuen lasien sankojen ymp\u00e4rille parantaen suojausta ja mukavuutta.<\/p>\n<p>Yhteensopiva kaikkien Sordin-mallien kanssa: Supreme Pro, Pro-X ja Pro+3. Helppo asentaa ilman muutoksia.<\/p>\n<p>Paranna hygieniaa ja suorituskyky\u00e4 vaihtamalla korvatyynyt s\u00e4\u00e4nn\u00f6llisesti. Kokeile n\u00e4it\u00e4 geelityynyj\u00e4 huomataksesi eron mukavuudessa ja \u00e4\u00e4nieristyksess\u00e4.<\/p>\n<\/div>\n","protected":false},"excerpt":{"rendered":"<p>Silikonigeelityynyt Sordin-kuulokkeisiin. Parantaa mukavuutta ja \u00e4\u00e4nensuojausta.<\/p>\n","protected":false},"featured_media":28592,"template":"","meta":{"_acf_changed":false},"product_brand":[],"product_cat":[13187,13192],"product_tag":[],"class_list":{"0":"post-44474","1":"product","2":"type-product","3":"status-publish","4":"has-post-thumbnail","6":"product_cat-kuulosuojaimet","7":"product_cat-varusteet","9":"first","10":"outofstock","11":"taxable","12":"shipping-taxable","13":"purchasable","14":"product-type-simple"},"acf":[],"_links":{"self":[{"href":"https:\/\/staging.nbg.eu\/fi\/wp-json\/wp\/v2\/product\/44474","targetHints":{"allow":["GET"]}}],"collection":[{"href":"https:\/\/staging.nbg.eu\/fi\/wp-json\/wp\/v2\/product"}],"about":[{"href":"https:\/\/staging.nbg.eu\/fi\/wp-json\/wp\/v2\/types\/product"}],"wp:featuredmedia":[{"embeddable":true,"href":"https:\/\/staging.nbg.eu\/fi\/wp-json\/wp\/v2\/media\/28592"}],"wp:attachment":[{"href":"https:\/\/staging.nbg.eu\/fi\/wp-json\/wp\/v2\/media?parent=44474"}],"wp:term":[{"taxonomy":"product_brand","embeddable":true,"href":"https:\/\/staging.nbg.eu\/fi\/wp-json\/wp\/v2\/product_brand?post=44474"},{"taxonomy":"product_cat","embeddable":true,"href":"https:\/\/staging.nbg.eu\/fi\/wp-json\/wp\/v2\/product_cat?post=44474"},{"taxonomy":"product_tag","embeddable":true,"href":"https:\/\/staging.nbg.eu\/fi\/wp-json\/wp\/v2\/product_tag?post=44474"}],"curies":[{"name":"wp","href":"https:\/\/api.w.org\/{rel}","templated":true}]}}