{"id":44420,"date":"2024-08-18T19:22:32","date_gmt":"2024-09-10T08:07:47","guid":{"rendered":"https:\/\/staging.nbg.eu\/product\/flex-holster-insert-block\/"},"modified":"2024-09-10T08:08:29","modified_gmt":"2024-09-10T08:08:29","slug":"flex-holster-insert-block","status":"publish","type":"product","link":"https:\/\/staging.nbg.eu\/fi\/tuote\/flex-holster-insert-block\/","title":{"rendered":"Flex Holster Insert Block"},"content":{"rendered":"<div class=\"product-description\">\n<h2>Flex-holsterin sis\u00e4osa: Mukautettava istuvuus pistoollesi<\/h2>\n<p>Vallankumouksellinen Flex-holsterin sis\u00e4osa tarjoaa vertaansa vailla olevan s\u00e4\u00e4dett\u00e4vyyden varmistaen t\u00e4ydellisen istuvuuden l\u00e4hes kaikille pistoolimalleille. Saatavana A- ja B-tyyppein\u00e4, t\u00e4m\u00e4 innovatiivinen muotoilu mahdollistaa holsterin sis\u00e4osan hienos\u00e4\u00e4d\u00f6n optimaalisen suorituskyvyn ja mukavuuden saavuttamiseksi.<\/p>\n<h3>T\u00e4rkeimm\u00e4t ominaisuudet:<\/h3>\n<ul>\n<li>S\u00e4\u00e4dett\u00e4v\u00e4t luistin lukitushipat tarkkaan sovitukseen<\/li>\n<li>Sivuv\u00e4likappaleet ja kiilat r\u00e4\u00e4t\u00e4l\u00f6ityyn kohdistukseen<\/li>\n<li>Valinnainen etuv\u00e4likappale lis\u00e4s\u00e4\u00e4t\u00f6\u00e4 varten<\/li>\n<li>Alumiininen luistinlukitus magneettikiinnityksell\u00e4<\/li>\n<li>Leve\u00e4, litte\u00e4 ruostumattomasta ter\u00e4ksest\u00e4 valmistettu varmistinvipu helppoa aktivointia varten<\/li>\n<\/ul>\n<p>Flex-sis\u00e4osan kokoonpano ratkaisee yleisi\u00e4 sovitusongelmia, jotka johtuvat valmistusvaihteluista, varmistaen tiukan ja turvallisen istuvuuden juuri sinun aseellesi. K\u00e4ytt\u00e4j\u00e4yst\u00e4v\u00e4llisen muotoilun ansiosta voit helposti s\u00e4\u00e4t\u00e4\u00e4 sis\u00e4osaa vastaamaan pistoolisi liipaisinkaaren ainutlaatuisia mittoja.<\/p>\n<p>Koe holsterin r\u00e4\u00e4t\u00e4l\u00f6innin seuraava taso Flex-holsterin sis\u00e4osalla \u2013 lopullinen ratkaisu vaativille ampujille, jotka edellytt\u00e4v\u00e4t tarkkuutta ja luotettavuutta.<\/p>\n<\/div>\n","protected":false},"excerpt":{"rendered":"<p>Mukautettava holsterin sis\u00e4osa t\u00e4ydelliseen pistoolin istuvuuteen ja turvallisuuteen.<\/p>\n","protected":false},"featured_media":28615,"template":"","meta":{"_acf_changed":false},"product_brand":[11270],"product_cat":[13179,13212,13217,13192],"product_tag":[],"class_list":{"0":"post-44420","1":"product","2":"type-product","3":"status-publish","4":"has-post-thumbnail","6":"product_brand-doublealpha","7":"product_cat-kotelo","8":"product_cat-kotelotarvikkeet","9":"product_cat-urheilukotelot","10":"product_cat-varusteet","12":"first","13":"instock","14":"taxable","15":"shipping-taxable","16":"purchasable","17":"product-type-variable","18":"wvs-archive-product-wrapper"},"acf":[],"_links":{"self":[{"href":"https:\/\/staging.nbg.eu\/fi\/wp-json\/wp\/v2\/product\/44420","targetHints":{"allow":["GET"]}}],"collection":[{"href":"https:\/\/staging.nbg.eu\/fi\/wp-json\/wp\/v2\/product"}],"about":[{"href":"https:\/\/staging.nbg.eu\/fi\/wp-json\/wp\/v2\/types\/product"}],"wp:featuredmedia":[{"embeddable":true,"href":"https:\/\/staging.nbg.eu\/fi\/wp-json\/wp\/v2\/media\/28615"}],"wp:attachment":[{"href":"https:\/\/staging.nbg.eu\/fi\/wp-json\/wp\/v2\/media?parent=44420"}],"wp:term":[{"taxonomy":"product_brand","embeddable":true,"href":"https:\/\/staging.nbg.eu\/fi\/wp-json\/wp\/v2\/product_brand?post=44420"},{"taxonomy":"product_cat","embeddable":true,"href":"https:\/\/staging.nbg.eu\/fi\/wp-json\/wp\/v2\/product_cat?post=44420"},{"taxonomy":"product_tag","embeddable":true,"href":"https:\/\/staging.nbg.eu\/fi\/wp-json\/wp\/v2\/product_tag?post=44420"}],"curies":[{"name":"wp","href":"https:\/\/api.w.org\/{rel}","templated":true}]}}