{"id":44306,"date":"2024-08-18T19:23:04","date_gmt":"2024-09-10T07:48:34","guid":{"rendered":"https:\/\/staging.nbg.eu\/product\/d%d0%b0%d0%b0-ratchet-inner-belt\/"},"modified":"2024-09-10T07:49:24","modified_gmt":"2024-09-10T07:49:24","slug":"d%d0%b0%d0%b0-ratchet-inner-belt","status":"publish","type":"product","link":"https:\/\/staging.nbg.eu\/fi\/tuote\/d%d0%b0%d0%b0-ratchet-inner-belt\/","title":{"rendered":"D\u0410\u0410 Ratchet Inner Belt"},"content":{"rendered":"<h2>DAA R\u00e4ikk\u00e4vy\u00f6n sis\u00e4vy\u00f6<\/h2>\n<p>Koe vertaansa vailla olevaa mukavuutta innovatiivisella DAA r\u00e4ikk\u00e4vy\u00f6n sis\u00e4vy\u00f6ll\u00e4. Siin\u00e4 on ainutlaatuinen kokoontaittuva osio, joka on suunniteltu asettumaan r\u00e4ik\u00e4n alle, poistaen ep\u00e4mukavat painepisteet kirist\u00e4ess\u00e4si ja lyhent\u00e4ess\u00e4si ulkovy\u00f6t\u00e4.<\/p>\n<ul>\n<li>Kokoontaittuva osio ilman muoviydint\u00e4 tai tarranauhaa helpottaa taittamista<\/li>\n<li>Ter\u00e4v\u00e4k\u00e4rkiset p\u00e4\u00e4t helpottavat pujottamista housunkiinnikkeiden l\u00e4pi<\/li>\n<li>Ylivertainen mukavuus perinteisiin sis\u00e4v\u00f6ihin verrattuna<\/li>\n<li>Valmistettu samoista korkealaatuisista materiaaleista kuin tavalliset DAA-sis\u00e4vy\u00f6t<\/li>\n<\/ul>\n<p>Sano hyv\u00e4stit kovien, vaikeasti taittuvien materiaalien aiheuttamalle ep\u00e4mukavuudelle. DAA r\u00e4ikk\u00e4vy\u00f6n sis\u00e4vy\u00f6 varmistaa tiukan istuvuuden tinkim\u00e4tt\u00e4 mukavuudesta, tehden siit\u00e4 t\u00e4ydellisen valinnan vaativille k\u00e4ytt\u00e4jille, jotka haluavat parasta vy\u00f6teknologiaa.<\/p>\n","protected":false},"excerpt":{"rendered":"<p>Mukava sis\u00e4vy\u00f6, jossa taittuva osa r\u00e4ik\u00e4llisi\u00e4 solkia varten.<\/p>\n","protected":false},"featured_media":29052,"template":"","meta":{"_acf_changed":false},"product_brand":[11270],"product_cat":[13195,13192],"product_tag":[],"class_list":{"0":"post-44306","1":"product","2":"type-product","3":"status-publish","4":"has-post-thumbnail","6":"product_brand-doublealpha","7":"product_cat-urheiluvyoet","8":"product_cat-varusteet","10":"first","11":"instock","12":"taxable","13":"shipping-taxable","14":"purchasable","15":"product-type-variable","16":"wvs-archive-product-wrapper"},"acf":[],"_links":{"self":[{"href":"https:\/\/staging.nbg.eu\/fi\/wp-json\/wp\/v2\/product\/44306","targetHints":{"allow":["GET"]}}],"collection":[{"href":"https:\/\/staging.nbg.eu\/fi\/wp-json\/wp\/v2\/product"}],"about":[{"href":"https:\/\/staging.nbg.eu\/fi\/wp-json\/wp\/v2\/types\/product"}],"wp:featuredmedia":[{"embeddable":true,"href":"https:\/\/staging.nbg.eu\/fi\/wp-json\/wp\/v2\/media\/29052"}],"wp:attachment":[{"href":"https:\/\/staging.nbg.eu\/fi\/wp-json\/wp\/v2\/media?parent=44306"}],"wp:term":[{"taxonomy":"product_brand","embeddable":true,"href":"https:\/\/staging.nbg.eu\/fi\/wp-json\/wp\/v2\/product_brand?post=44306"},{"taxonomy":"product_cat","embeddable":true,"href":"https:\/\/staging.nbg.eu\/fi\/wp-json\/wp\/v2\/product_cat?post=44306"},{"taxonomy":"product_tag","embeddable":true,"href":"https:\/\/staging.nbg.eu\/fi\/wp-json\/wp\/v2\/product_tag?post=44306"}],"curies":[{"name":"wp","href":"https:\/\/api.w.org\/{rel}","templated":true}]}}