{"id":44173,"date":"2024-08-18T19:27:11","date_gmt":"2024-09-10T07:41:33","guid":{"rendered":"https:\/\/staging.nbg.eu\/product\/flex-holster-lh-rh-aluminum-assembly\/"},"modified":"2024-09-10T07:42:20","modified_gmt":"2024-09-10T07:42:20","slug":"flex-holster-lh-rh-aluminum-assembly","status":"publish","type":"product","link":"https:\/\/staging.nbg.eu\/fi\/tuote\/flex-holster-lh-rh-aluminum-assembly\/","title":{"rendered":"Flex Holster Lh\/Rh Aluminum Assembly"},"content":{"rendered":"<h2>Flex-kotelo Vas\/Oik Alumiinikokoonpano<\/h2>\n<p>Flex-kotelo on laadukas, kilpailutasoinen kotelo, joka on suunniteltu 1,5 tuuman levyisille v\u00f6ille ja sopii t\u00e4ydellisesti yhteen DAA LYNX- ja Premium-v\u00f6iden kanssa. T\u00e4rkeimm\u00e4t ominaisuudet ovat:<\/p>\n<ul>\n<li>T\u00e4ysin CNC-koneistettu alumiinirakenne vertaansa vailla olevan j\u00e4ykkyyden ja kest\u00e4vyyden takaamiseksi<\/li>\n<li>Irrotettava vy\u00f6ripustin helppoa kuljetusta ja s\u00e4ilytyst\u00e4 varten<\/li>\n<li>Innovatiivinen kallistuksen s\u00e4\u00e4t\u00f6j\u00e4rjestelm\u00e4 yksil\u00f6llisen mukavuuden takaamiseksi<\/li>\n<li>Mukana tuleva reisityyny parantaa vakautta<\/li>\n<\/ul>\n<p>Ainutlaatuiset kallistusvaihtoehdot mahdollistavat kotelon asettamisen pystysuoraan tai eri kulmiin, varmistaen optimaalisen mukavuuden riippumatta vartalotyypist\u00e4 tai vy\u00f6n asennosta. Koe \u00e4\u00e4rimm\u00e4inen muokattavuus ja suorituskyky Flex-kotelon avulla.<\/p>\n","protected":false},"excerpt":{"rendered":"<p>Kest\u00e4v\u00e4 CNC-alumiinista valmistettu kotelo s\u00e4\u00e4dett\u00e4v\u00e4ll\u00e4 kallistuksella ja irrotettavalla ripustimella.<\/p>\n","protected":false},"featured_media":28868,"template":"","meta":{"_acf_changed":false},"product_brand":[11270],"product_cat":[13179,13212,13217,13192],"product_tag":[],"class_list":{"0":"post-44173","1":"product","2":"type-product","3":"status-publish","4":"has-post-thumbnail","6":"product_brand-doublealpha","7":"product_cat-kotelo","8":"product_cat-kotelotarvikkeet","9":"product_cat-urheilukotelot","10":"product_cat-varusteet","12":"first","13":"instock","14":"taxable","15":"shipping-taxable","16":"purchasable","17":"product-type-variable","18":"wvs-archive-product-wrapper"},"acf":[],"_links":{"self":[{"href":"https:\/\/staging.nbg.eu\/fi\/wp-json\/wp\/v2\/product\/44173","targetHints":{"allow":["GET"]}}],"collection":[{"href":"https:\/\/staging.nbg.eu\/fi\/wp-json\/wp\/v2\/product"}],"about":[{"href":"https:\/\/staging.nbg.eu\/fi\/wp-json\/wp\/v2\/types\/product"}],"wp:featuredmedia":[{"embeddable":true,"href":"https:\/\/staging.nbg.eu\/fi\/wp-json\/wp\/v2\/media\/28868"}],"wp:attachment":[{"href":"https:\/\/staging.nbg.eu\/fi\/wp-json\/wp\/v2\/media?parent=44173"}],"wp:term":[{"taxonomy":"product_brand","embeddable":true,"href":"https:\/\/staging.nbg.eu\/fi\/wp-json\/wp\/v2\/product_brand?post=44173"},{"taxonomy":"product_cat","embeddable":true,"href":"https:\/\/staging.nbg.eu\/fi\/wp-json\/wp\/v2\/product_cat?post=44173"},{"taxonomy":"product_tag","embeddable":true,"href":"https:\/\/staging.nbg.eu\/fi\/wp-json\/wp\/v2\/product_tag?post=44173"}],"curies":[{"name":"wp","href":"https:\/\/api.w.org\/{rel}","templated":true}]}}