{"id":44068,"date":"2024-03-14T09:38:02","date_gmt":"2024-03-14T09:38:02","guid":{"rendered":"https:\/\/staging.nbg.eu\/product\/tuote-5\/"},"modified":"2024-09-13T10:01:42","modified_gmt":"2024-09-13T10:01:42","slug":"tuote-5","status":"publish","type":"product","link":"https:\/\/staging.nbg.eu\/fi\/tuote\/tuote-5\/","title":{"rendered":"Bore Tech COTTON SWABS &#8211; 100 PACK"},"content":{"rendered":"<p>Bore Tech puuvillapuikot: Soveltuvat kohdistetulle puhdistukselle ja liuottimen tarkalle levitt\u00e4miselle. Ominaisuudet:<\/p>\n<ul>\n<li>V\u00e4h\u00e4n nukkaa j\u00e4tt\u00e4v\u00e4 puuvillap\u00e4\u00e4<\/li>\n<li>15 cm:n taipuisa bambuvarsi<\/li>\n<li>Sopii AR-osille, liipaisinryhmille ja vaikeasti saavutettaville alueille<\/li>\n<li>Soveltuu rasvan levitt\u00e4miseen ja pienten syvennysten puhdistamiseen<\/li>\n<\/ul>\n<p>100 kappaleen pakkaus aseiden huoltotarpeisiin.<\/p>\n","protected":false},"excerpt":{"rendered":"<p>Tarkkuuspuhdistuspuikot aseille. 15 cm:n bambukahva, v\u00e4h\u00e4n nukkaa j\u00e4tt\u00e4v\u00e4 p\u00e4\u00e4.<\/p>\n","protected":false},"featured_media":44069,"template":"","meta":{"_acf_changed":false},"product_brand":[11151],"product_cat":[13206,13233],"product_tag":[],"class_list":{"0":"post-44068","1":"product","2":"type-product","3":"status-publish","4":"has-post-thumbnail","6":"product_brand-boretech","7":"product_cat-aseen-puhdistus","8":"product_cat-harjat","10":"first","11":"instock","12":"taxable","13":"shipping-taxable","14":"purchasable","15":"product-type-simple"},"acf":[],"_links":{"self":[{"href":"https:\/\/staging.nbg.eu\/fi\/wp-json\/wp\/v2\/product\/44068","targetHints":{"allow":["GET"]}}],"collection":[{"href":"https:\/\/staging.nbg.eu\/fi\/wp-json\/wp\/v2\/product"}],"about":[{"href":"https:\/\/staging.nbg.eu\/fi\/wp-json\/wp\/v2\/types\/product"}],"wp:featuredmedia":[{"embeddable":true,"href":"https:\/\/staging.nbg.eu\/fi\/wp-json\/wp\/v2\/media\/44069"}],"wp:attachment":[{"href":"https:\/\/staging.nbg.eu\/fi\/wp-json\/wp\/v2\/media?parent=44068"}],"wp:term":[{"taxonomy":"product_brand","embeddable":true,"href":"https:\/\/staging.nbg.eu\/fi\/wp-json\/wp\/v2\/product_brand?post=44068"},{"taxonomy":"product_cat","embeddable":true,"href":"https:\/\/staging.nbg.eu\/fi\/wp-json\/wp\/v2\/product_cat?post=44068"},{"taxonomy":"product_tag","embeddable":true,"href":"https:\/\/staging.nbg.eu\/fi\/wp-json\/wp\/v2\/product_tag?post=44068"}],"curies":[{"name":"wp","href":"https:\/\/api.w.org\/{rel}","templated":true}]}}