{"id":43951,"date":"2024-08-18T19:33:17","date_gmt":"2024-09-09T15:47:22","guid":{"rendered":"https:\/\/staging.nbg.eu\/product\/lynx-belt-single-link\/"},"modified":"2025-01-24T12:49:41","modified_gmt":"2025-01-24T12:49:41","slug":"lynx-belt-single-link","status":"publish","type":"product","link":"https:\/\/staging.nbg.eu\/fi\/tuote\/lynx-belt-single-link\/","title":{"rendered":"Lynx Belt Single Link"},"content":{"rendered":"<div class=\"product-description\">\n<h2>Lynx-vy\u00f6n yksitt\u00e4inen lenkki<\/h2>\n<p>Muokkaa Lynx-vy\u00f6t\u00e4si yksitt\u00e4isill\u00e4 lenkeill\u00e4:<\/p>\n<ul>\n<li>Valittavana 5 v\u00e4ri\u00e4<\/li>\n<li>Suunnittele vy\u00f6 vastaamaan lippua, ampumaseuraa tai asua<\/li>\n<li>Osta yksitt\u00e4isi\u00e4 lenkkej\u00e4 miss\u00e4 tahansa v\u00e4riss\u00e4 ja m\u00e4\u00e4r\u00e4ss\u00e4<\/li>\n<\/ul>\n<h3>Mitat:<\/h3>\n<ul>\n<li>Pituus: 33 mm (tapista tappiin)<\/li>\n<li>Korkeus: 38,7 mm<\/li>\n<li>Paksuus: 8,8 mm (tarranauhalla), 7 mm (ilman nauhaa)<\/li>\n<\/ul>\n<p>Lynx-vy\u00f6n yksitt\u00e4inen lenkki on tapa muokata vy\u00f6t\u00e4.<\/p>\n<\/div>\n","protected":false},"excerpt":{"rendered":"<p>Muokattava vy\u00f6lenkki: 5 v\u00e4ri\u00e4, sekoita ja yhdist\u00e4 ainutlaatuisia malleja varten.<\/p>\n","protected":false},"featured_media":29144,"template":"","meta":{"_acf_changed":false},"product_brand":[11270],"product_cat":[13195,13192],"product_tag":[],"class_list":{"0":"post-43951","1":"product","2":"type-product","3":"status-publish","4":"has-post-thumbnail","6":"product_brand-doublealpha","7":"product_cat-urheiluvyoet","8":"product_cat-varusteet","10":"first","11":"instock","12":"taxable","13":"shipping-taxable","14":"purchasable","15":"product-type-variable","16":"wvs-archive-product-wrapper"},"acf":[],"_links":{"self":[{"href":"https:\/\/staging.nbg.eu\/fi\/wp-json\/wp\/v2\/product\/43951","targetHints":{"allow":["GET"]}}],"collection":[{"href":"https:\/\/staging.nbg.eu\/fi\/wp-json\/wp\/v2\/product"}],"about":[{"href":"https:\/\/staging.nbg.eu\/fi\/wp-json\/wp\/v2\/types\/product"}],"wp:featuredmedia":[{"embeddable":true,"href":"https:\/\/staging.nbg.eu\/fi\/wp-json\/wp\/v2\/media\/29144"}],"wp:attachment":[{"href":"https:\/\/staging.nbg.eu\/fi\/wp-json\/wp\/v2\/media?parent=43951"}],"wp:term":[{"taxonomy":"product_brand","embeddable":true,"href":"https:\/\/staging.nbg.eu\/fi\/wp-json\/wp\/v2\/product_brand?post=43951"},{"taxonomy":"product_cat","embeddable":true,"href":"https:\/\/staging.nbg.eu\/fi\/wp-json\/wp\/v2\/product_cat?post=43951"},{"taxonomy":"product_tag","embeddable":true,"href":"https:\/\/staging.nbg.eu\/fi\/wp-json\/wp\/v2\/product_tag?post=43951"}],"curies":[{"name":"wp","href":"https:\/\/api.w.org\/{rel}","templated":true}]}}