{"id":43771,"date":"2024-08-18T19:43:56","date_gmt":"2024-09-09T15:34:44","guid":{"rendered":"https:\/\/staging.nbg.eu\/product\/alpha-xi-pouch-inlay\/"},"modified":"2024-09-09T15:35:40","modified_gmt":"2024-09-09T15:35:40","slug":"alpha-xi-pouch-inlay","status":"publish","type":"product","link":"https:\/\/staging.nbg.eu\/fi\/tuote\/alpha-xi-pouch-inlay\/","title":{"rendered":"Alpha-Xi Pouch Inlay"},"content":{"rendered":"<div class=\"product-description\">\n<h2>Alpha-Xi-pussin sis\u00e4osasarja<\/h2>\n<p>Paranna Alpha-Xi-pussiasi mukautetulla sis\u00e4osasarjalla, joka on saatavilla valitsemassasi v\u00e4riss\u00e4. N\u00e4m\u00e4 tarkasti leikatut sis\u00e4osat on suunniteltu sopimaan saumattomasti kaikkiin Alpha-Xi-pussin taskuihin.<\/p>\n<ul>\n<li>T\u00e4ydellinen sarja kaikkiin taskuihin<\/li>\n<li>Helppo asennus 3M-liimataustan avulla<\/li>\n<li>Suojakalvo edess\u00e4 naarmutuksen est\u00e4miseksi<\/li>\n<li>Irrotettavissa (varovasti) k\u00e4ytt\u00e4en p\u00e4\u00e4syreiki\u00e4<\/li>\n<\/ul>\n<p>Asennus on yksinkertaista: irrota osat, poista suojakalvot ja aseta huolellisesti vastaaviin taskuihin. Parhaan tuloksen saavuttamiseksi kokeile sovitusta ennen liimataustan poistamista. Huomaa: \u00c4l\u00e4 asenna osaa taskuun, joka on tarkoitettu pallonivelen kiinnitykseen.<\/p>\n<p><strong>Varoitus:<\/strong> Sis\u00e4osat voivat rikkoutua irrotettaessa. Ole varovainen mukauttaessasi Alpha-Xi-pussiasi.<\/p>\n<\/div>\n","protected":false},"excerpt":{"rendered":"<p>Alpha-Xi taskun sis\u00e4osat: Mittojen mukaan tehdyt lis\u00e4osat parempaan j\u00e4rjestykseen.<\/p>\n","protected":false},"featured_media":37425,"template":"","meta":{"_acf_changed":false},"product_brand":[11270],"product_cat":[13179,13212,13217,13192],"product_tag":[],"class_list":{"0":"post-43771","1":"product","2":"type-product","3":"status-publish","4":"has-post-thumbnail","6":"product_brand-doublealpha","7":"product_cat-kotelo","8":"product_cat-kotelotarvikkeet","9":"product_cat-urheilukotelot","10":"product_cat-varusteet","12":"first","13":"instock","14":"taxable","15":"shipping-taxable","16":"purchasable","17":"product-type-variable","18":"wvs-archive-product-wrapper"},"acf":[],"_links":{"self":[{"href":"https:\/\/staging.nbg.eu\/fi\/wp-json\/wp\/v2\/product\/43771","targetHints":{"allow":["GET"]}}],"collection":[{"href":"https:\/\/staging.nbg.eu\/fi\/wp-json\/wp\/v2\/product"}],"about":[{"href":"https:\/\/staging.nbg.eu\/fi\/wp-json\/wp\/v2\/types\/product"}],"wp:featuredmedia":[{"embeddable":true,"href":"https:\/\/staging.nbg.eu\/fi\/wp-json\/wp\/v2\/media\/37425"}],"wp:attachment":[{"href":"https:\/\/staging.nbg.eu\/fi\/wp-json\/wp\/v2\/media?parent=43771"}],"wp:term":[{"taxonomy":"product_brand","embeddable":true,"href":"https:\/\/staging.nbg.eu\/fi\/wp-json\/wp\/v2\/product_brand?post=43771"},{"taxonomy":"product_cat","embeddable":true,"href":"https:\/\/staging.nbg.eu\/fi\/wp-json\/wp\/v2\/product_cat?post=43771"},{"taxonomy":"product_tag","embeddable":true,"href":"https:\/\/staging.nbg.eu\/fi\/wp-json\/wp\/v2\/product_tag?post=43771"}],"curies":[{"name":"wp","href":"https:\/\/api.w.org\/{rel}","templated":true}]}}