{"id":42357,"date":"2024-08-24T21:40:17","date_gmt":"2024-09-09T15:02:57","guid":{"rendered":"https:\/\/staging.nbg.eu\/product\/vanward-hunter\/"},"modified":"2024-09-09T15:05:27","modified_gmt":"2024-09-09T15:05:27","slug":"vanward-hunter","status":"publish","type":"product","link":"https:\/\/staging.nbg.eu\/fi\/tuote\/vanward-hunter\/","title":{"rendered":"Vanward Hunter"},"content":{"rendered":"<div class=\"product-description\">\n<h2>Vanward Hunter: Edistyksellinen 3D-tulostettu \u00e4\u00e4nenvaimennin<\/h2>\n<p>Vanward Hunter edustaa \u00e4\u00e4nenvaimennintekniikan huippua, joka on kehittynyt tunnetusta TE-Titan-sarjasta. T\u00e4m\u00e4 huippumoderni suunnittelu tarjoaa:<\/p>\n<ul>\n<li>Optimoitu v\u00e4lilevyjen sijoittelu ylivertaiseen paineentasaukseen<\/li>\n<li>Kuusikulmainen ulkopinta parantaa j\u00e4ykkyytt\u00e4 ja tehokasta j\u00e4\u00e4hdytyst\u00e4<\/li>\n<li>Eritt\u00e4in kevyt, vain 258 grammaa*<\/li>\n<li>\u00c4\u00e4rimm\u00e4inen melunvaimennus ylivertaiseen mets\u00e4styssuorituskykyyn<\/li>\n<li>Yksiosainen 3D-tulostettu Grade 5 titaanirakenne<\/li>\n<li>Vaihdettavat ruostumattomat ter\u00e4skierreliitokset<\/li>\n<li>Korroosionkest\u00e4v\u00e4 ja v\u00e4h\u00e4n huoltoa vaativa<\/li>\n<li>Sis\u00e4lt\u00e4\u00e4 POM-tukirenkaan optimaaliseen piipun v\u00e4lyksen<\/li>\n<\/ul>\n<p>Saatavana kaliipereissa .223, .264, .30 ja .338, useilla kierrevaihtoehdoilla sopimaan aseisiisi.<\/p>\n<p>Koe vertaansa vailla oleva vaimennustekniikka, joka on suunniteltu asiantuntevien tarkka-ampujien ja mets\u00e4st\u00e4jien avulla. Vanward Hunter tarjoaa maksimaalisen turvallisuuden, kest\u00e4vyyden ja suorituskyvyn tyylikk\u00e4\u00e4ss\u00e4, innovatiivisessa paketissa.<\/p>\n<\/div>\n","protected":false},"excerpt":{"rendered":"<p>3D-tulostettu titaanivaimennin: kevyt, kest\u00e4v\u00e4 ja tehokas.<\/p>\n","protected":false},"featured_media":102008,"template":"","meta":{"_acf_changed":false},"product_brand":[11930],"product_cat":[13160,13225,13178],"product_tag":[],"class_list":{"0":"post-42357","1":"product","2":"type-product","3":"status-publish","4":"has-post-thumbnail","6":"product_brand-vanward","7":"product_cat-aeaenenvaimentimet","8":"product_cat-kivaeaeri","9":"product_cat-kivaeaerin-aeaenenvaimentimet","11":"first","12":"instock","13":"taxable","14":"shipping-taxable","15":"purchasable","16":"product-type-variable","17":"wvs-archive-product-wrapper"},"acf":[],"_links":{"self":[{"href":"https:\/\/staging.nbg.eu\/fi\/wp-json\/wp\/v2\/product\/42357","targetHints":{"allow":["GET"]}}],"collection":[{"href":"https:\/\/staging.nbg.eu\/fi\/wp-json\/wp\/v2\/product"}],"about":[{"href":"https:\/\/staging.nbg.eu\/fi\/wp-json\/wp\/v2\/types\/product"}],"wp:featuredmedia":[{"embeddable":true,"href":"https:\/\/staging.nbg.eu\/fi\/wp-json\/wp\/v2\/media\/102008"}],"wp:attachment":[{"href":"https:\/\/staging.nbg.eu\/fi\/wp-json\/wp\/v2\/media?parent=42357"}],"wp:term":[{"taxonomy":"product_brand","embeddable":true,"href":"https:\/\/staging.nbg.eu\/fi\/wp-json\/wp\/v2\/product_brand?post=42357"},{"taxonomy":"product_cat","embeddable":true,"href":"https:\/\/staging.nbg.eu\/fi\/wp-json\/wp\/v2\/product_cat?post=42357"},{"taxonomy":"product_tag","embeddable":true,"href":"https:\/\/staging.nbg.eu\/fi\/wp-json\/wp\/v2\/product_tag?post=42357"}],"curies":[{"name":"wp","href":"https:\/\/api.w.org\/{rel}","templated":true}]}}