{"id":414854,"date":"2025-07-03T13:20:44","date_gmt":"2025-07-03T10:20:44","guid":{"rendered":"https:\/\/staging.nbg.eu\/product\/grip-kmr-l-dotmatrix-ergo-orange\/"},"modified":"2025-07-03T13:23:01","modified_gmt":"2025-07-03T10:23:01","slug":"kahva-kmr-l-dotmatrix-ergo-oranssi","status":"publish","type":"product","link":"https:\/\/staging.nbg.eu\/fi\/tuote\/kahva-kmr-l-dotmatrix-ergo-oranssi\/","title":{"rendered":"Kahva KMR L DOTMATRIX ERGO ORANSSI"},"content":{"rendered":"<div class=\"product-description\">\n<h2>Kahva KMR L DOTMATRIX ERGO ORANSSI<\/h2>\n<p>KMR Precision Arms DOTMATRIX ERGO -kahva. T\u00e4m\u00e4 t\u00e4ysikokoinen alumiinikahva sis\u00e4lt\u00e4\u00e4:<\/p>\n<ul>\n<li>Ergonominen k\u00e4mmenmuoto<\/li>\n<li>Oranssi v\u00e4ri<\/li>\n<li>Suunniteltu ilman lipaskuilua<\/li>\n<li>Tarkasti valmistettu<\/li>\n<\/ul>\n<p>Viitenumero: 0611-04001-0105<\/p>\n<\/div>\n","protected":false},"excerpt":{"rendered":"<p>Ergonomiset alumiinikahvat k\u00e4mmenpaisutuksella KMR-pistooleihin.<\/p>\n","protected":false},"featured_media":359470,"template":"","meta":{"_acf_changed":false},"product_brand":[11494],"product_cat":[13177,13226],"product_tag":[],"class_list":{"0":"post-414854","1":"product","2":"type-product","3":"status-publish","4":"has-post-thumbnail","6":"product_brand-kmr-precision","7":"product_cat-kmr-osat","8":"product_cat-pistoolin-osat","10":"first","11":"instock","12":"taxable","13":"shipping-taxable","14":"purchasable","15":"product-type-simple"},"acf":[],"_links":{"self":[{"href":"https:\/\/staging.nbg.eu\/fi\/wp-json\/wp\/v2\/product\/414854","targetHints":{"allow":["GET"]}}],"collection":[{"href":"https:\/\/staging.nbg.eu\/fi\/wp-json\/wp\/v2\/product"}],"about":[{"href":"https:\/\/staging.nbg.eu\/fi\/wp-json\/wp\/v2\/types\/product"}],"wp:featuredmedia":[{"embeddable":true,"href":"https:\/\/staging.nbg.eu\/fi\/wp-json\/wp\/v2\/media\/359470"}],"wp:attachment":[{"href":"https:\/\/staging.nbg.eu\/fi\/wp-json\/wp\/v2\/media?parent=414854"}],"wp:term":[{"taxonomy":"product_brand","embeddable":true,"href":"https:\/\/staging.nbg.eu\/fi\/wp-json\/wp\/v2\/product_brand?post=414854"},{"taxonomy":"product_cat","embeddable":true,"href":"https:\/\/staging.nbg.eu\/fi\/wp-json\/wp\/v2\/product_cat?post=414854"},{"taxonomy":"product_tag","embeddable":true,"href":"https:\/\/staging.nbg.eu\/fi\/wp-json\/wp\/v2\/product_tag?post=414854"}],"curies":[{"name":"wp","href":"https:\/\/api.w.org\/{rel}","templated":true}]}}