{"id":414607,"date":"2025-07-03T12:33:08","date_gmt":"2025-07-03T09:33:08","guid":{"rendered":"https:\/\/staging.nbg.eu\/product\/grips-kmr-w-dotmatrix-black\/"},"modified":"2025-07-03T12:35:55","modified_gmt":"2025-07-03T09:35:55","slug":"kahvat-kmr-w-dotmatrix-musta","status":"publish","type":"product","link":"https:\/\/staging.nbg.eu\/fi\/tuote\/kahvat-kmr-w-dotmatrix-musta\/","title":{"rendered":"KAHVAT KMR W DOTMATRIX MUSTA"},"content":{"rendered":"<div class=\"product-description\">\n<h2>GRIPS KMR W DOTMATRIX MUSTA<\/h2>\n<p>KMR-pistoolin kahvat duralumiinista. Kuvioitu pinta parantaa otetta. Sopii olemassa olevien pistoolien p\u00e4ivitt\u00e4miseen tai kilpa-aseiden rakentamiseen. Ominaisuudet:<\/p>\n<ul>\n<li>Pitk\u00e4 koko<\/li>\n<li>Anodisoitu duralumiini<\/li>\n<li>Ilman lipasohjainta<\/li>\n<li>Sis\u00e4lt\u00e4\u00e4 torx-ruuvit<\/li>\n<li>KMR-logo<\/li>\n<\/ul>\n<p>Yhteensopiva KMR W-02 CUDA (vuoteen 2023 asti), UMBRA ja UMBRA (OR) -mallien kanssa.<\/p>\n<\/div>\n","protected":false},"excerpt":{"rendered":"<p>Kest\u00e4v\u00e4t duralumiinista valmistetut kahvat golfpallon kuviolla KMR-pistooleille.<\/p>\n","protected":false},"featured_media":359332,"template":"","meta":{"_acf_changed":false},"product_brand":[11494],"product_cat":[13177,13226],"product_tag":[],"class_list":{"0":"post-414607","1":"product","2":"type-product","3":"status-publish","4":"has-post-thumbnail","6":"product_brand-kmr-precision","7":"product_cat-kmr-osat","8":"product_cat-pistoolin-osat","10":"first","11":"instock","12":"taxable","13":"shipping-taxable","14":"purchasable","15":"product-type-simple"},"acf":[],"_links":{"self":[{"href":"https:\/\/staging.nbg.eu\/fi\/wp-json\/wp\/v2\/product\/414607","targetHints":{"allow":["GET"]}}],"collection":[{"href":"https:\/\/staging.nbg.eu\/fi\/wp-json\/wp\/v2\/product"}],"about":[{"href":"https:\/\/staging.nbg.eu\/fi\/wp-json\/wp\/v2\/types\/product"}],"wp:featuredmedia":[{"embeddable":true,"href":"https:\/\/staging.nbg.eu\/fi\/wp-json\/wp\/v2\/media\/359332"}],"wp:attachment":[{"href":"https:\/\/staging.nbg.eu\/fi\/wp-json\/wp\/v2\/media?parent=414607"}],"wp:term":[{"taxonomy":"product_brand","embeddable":true,"href":"https:\/\/staging.nbg.eu\/fi\/wp-json\/wp\/v2\/product_brand?post=414607"},{"taxonomy":"product_cat","embeddable":true,"href":"https:\/\/staging.nbg.eu\/fi\/wp-json\/wp\/v2\/product_cat?post=414607"},{"taxonomy":"product_tag","embeddable":true,"href":"https:\/\/staging.nbg.eu\/fi\/wp-json\/wp\/v2\/product_tag?post=414607"}],"curies":[{"name":"wp","href":"https:\/\/api.w.org\/{rel}","templated":true}]}}