{"id":411640,"date":"2025-07-01T17:24:17","date_gmt":"2025-07-01T14:24:17","guid":{"rendered":"https:\/\/staging.nbg.eu\/product\/grips-kmr-w-dotmatrix-ergo-silver\/"},"modified":"2025-07-01T17:27:06","modified_gmt":"2025-07-01T14:27:06","slug":"kahvat-kmr-w-dotmatrix-ergo-hopea","status":"publish","type":"product","link":"https:\/\/staging.nbg.eu\/fi\/tuote\/kahvat-kmr-w-dotmatrix-ergo-hopea\/","title":{"rendered":"KAHVAT KMR W DOTMATRIX ERGO HOPEA"},"content":{"rendered":"<div class=\"product-description\">\n<h2>GRIPS KMR W DOTMATRIX ERGO SILVER<\/h2>\n<p>N\u00e4m\u00e4 duralumiiniset kahvat sopivat KMR-pistooliin. Golfpallokuviointi parantaa otetta. Kahvat soveltuvat p\u00e4ivityksiin tai kilpailuk\u00e4ytt\u00f6\u00f6n.<\/p>\n<ul>\n<li>Viite: 0611-03305-0101<\/li>\n<li>Merkki: KMR Precision Arms<\/li>\n<li>Yhteensopivuus: KMR W-02 CUDA, UMBRA ja UMBRA (OR) -mallit<\/li>\n<\/ul>\n<\/div>\n","protected":false},"excerpt":{"rendered":"<p>Ergonomiset duralumiinikahvat golfpallokuviolla KMR-pistooleille. Varma ote kaikissa tilanteissa.<\/p>\n","protected":false},"featured_media":359424,"template":"","meta":{"_acf_changed":false},"product_brand":[11494],"product_cat":[13177,13226],"product_tag":[],"class_list":{"0":"post-411640","1":"product","2":"type-product","3":"status-publish","4":"has-post-thumbnail","6":"product_brand-kmr-precision","7":"product_cat-kmr-osat","8":"product_cat-pistoolin-osat","10":"first","11":"instock","12":"taxable","13":"shipping-taxable","14":"purchasable","15":"product-type-simple"},"acf":[],"_links":{"self":[{"href":"https:\/\/staging.nbg.eu\/fi\/wp-json\/wp\/v2\/product\/411640","targetHints":{"allow":["GET"]}}],"collection":[{"href":"https:\/\/staging.nbg.eu\/fi\/wp-json\/wp\/v2\/product"}],"about":[{"href":"https:\/\/staging.nbg.eu\/fi\/wp-json\/wp\/v2\/types\/product"}],"wp:featuredmedia":[{"embeddable":true,"href":"https:\/\/staging.nbg.eu\/fi\/wp-json\/wp\/v2\/media\/359424"}],"wp:attachment":[{"href":"https:\/\/staging.nbg.eu\/fi\/wp-json\/wp\/v2\/media?parent=411640"}],"wp:term":[{"taxonomy":"product_brand","embeddable":true,"href":"https:\/\/staging.nbg.eu\/fi\/wp-json\/wp\/v2\/product_brand?post=411640"},{"taxonomy":"product_cat","embeddable":true,"href":"https:\/\/staging.nbg.eu\/fi\/wp-json\/wp\/v2\/product_cat?post=411640"},{"taxonomy":"product_tag","embeddable":true,"href":"https:\/\/staging.nbg.eu\/fi\/wp-json\/wp\/v2\/product_tag?post=411640"}],"curies":[{"name":"wp","href":"https:\/\/api.w.org\/{rel}","templated":true}]}}