{"id":411422,"date":"2025-07-01T17:09:19","date_gmt":"2025-07-01T14:09:19","guid":{"rendered":"https:\/\/staging.nbg.eu\/product\/grips-kmr-w-modular-sandpaper-black\/"},"modified":"2025-07-01T17:12:04","modified_gmt":"2025-07-01T14:12:04","slug":"kahvat-kmr-w-modular-hiekkapaperi-musta","status":"publish","type":"product","link":"https:\/\/staging.nbg.eu\/fi\/tuote\/kahvat-kmr-w-modular-hiekkapaperi-musta\/","title":{"rendered":"KAHVAT KMR W MODULAR HIEKKAPAPERI MUSTA"},"content":{"rendered":"<h2>GRIPS KMR W MODULAARINEN HIEKKAPAPERI MUSTA<\/h2>\n<p>KMR W Modulaarinen Hiekkapaperi Musta on pitk\u00e4, anodisoitu duralumiininen kahva aseelle. Se tarjoaa hallintaa ja mukavuutta ilman lipasohjainta. Siin\u00e4 on KMR-logo ja modulaarinen rakenne mahdollistaa muokkauksen. Asennus tapahtuu mukana tulevilla torx-ruuveilla.<\/p>\n<ul>\n<li>Koko: Pitk\u00e4<\/li>\n<li>Materiaali: Anodisoitu duralumiini<\/li>\n<li>K\u00e4ytt\u00f6: Ilman lipasohjainta<\/li>\n<li>Sis\u00e4lt\u00e4\u00e4: Torx-ruuvit<\/li>\n<li>Logo: KMR<\/li>\n<\/ul>\n<p><strong>Viite:<\/strong> 0611-03304-0101<\/p>\n","protected":false},"excerpt":{"rendered":"<p>Pitk\u00e4, kest\u00e4v\u00e4 anodisoitu duralumiinikahva.<\/p>\n","protected":false},"featured_media":359268,"template":"","meta":{"_acf_changed":false},"product_brand":[11494],"product_cat":[13177,13226],"product_tag":[],"class_list":{"0":"post-411422","1":"product","2":"type-product","3":"status-publish","4":"has-post-thumbnail","6":"product_brand-kmr-precision","7":"product_cat-kmr-osat","8":"product_cat-pistoolin-osat","10":"first","11":"instock","12":"taxable","13":"shipping-taxable","14":"purchasable","15":"product-type-simple"},"acf":[],"_links":{"self":[{"href":"https:\/\/staging.nbg.eu\/fi\/wp-json\/wp\/v2\/product\/411422","targetHints":{"allow":["GET"]}}],"collection":[{"href":"https:\/\/staging.nbg.eu\/fi\/wp-json\/wp\/v2\/product"}],"about":[{"href":"https:\/\/staging.nbg.eu\/fi\/wp-json\/wp\/v2\/types\/product"}],"wp:featuredmedia":[{"embeddable":true,"href":"https:\/\/staging.nbg.eu\/fi\/wp-json\/wp\/v2\/media\/359268"}],"wp:attachment":[{"href":"https:\/\/staging.nbg.eu\/fi\/wp-json\/wp\/v2\/media?parent=411422"}],"wp:term":[{"taxonomy":"product_brand","embeddable":true,"href":"https:\/\/staging.nbg.eu\/fi\/wp-json\/wp\/v2\/product_brand?post=411422"},{"taxonomy":"product_cat","embeddable":true,"href":"https:\/\/staging.nbg.eu\/fi\/wp-json\/wp\/v2\/product_cat?post=411422"},{"taxonomy":"product_tag","embeddable":true,"href":"https:\/\/staging.nbg.eu\/fi\/wp-json\/wp\/v2\/product_tag?post=411422"}],"curies":[{"name":"wp","href":"https:\/\/api.w.org\/{rel}","templated":true}]}}