{"id":411308,"date":"2025-07-01T17:00:10","date_gmt":"2025-07-01T14:00:10","guid":{"rendered":"https:\/\/staging.nbg.eu\/product\/grips-kmr-w-modular-sandpaper-titan\/"},"modified":"2025-07-01T17:02:57","modified_gmt":"2025-07-01T14:02:57","slug":"kahvat-kmr-w-modular-hiekkapaperi-titan","status":"publish","type":"product","link":"https:\/\/staging.nbg.eu\/fi\/tuote\/kahvat-kmr-w-modular-hiekkapaperi-titan\/","title":{"rendered":"KAHVAT KMR W MODULAR HIEKKAPAPERI TITAN"},"content":{"rendered":"<h2>GRIPS KMR W MODULAR SANDPAPER TITAN<\/h2>\n<p>GRIPS KMR W MODULAR SANDPAPER TITAN on pitk\u00e4 ase-ote. Se on valmistettu anodisoidusta duralumiinista. Suunniteltu k\u00e4ytett\u00e4v\u00e4ksi ilman lipasohjainta. Pakkauksessa mukana torx-ruuvit asennusta varten. Tuotteessa on KMR-logo.<\/p>\n<p><strong>Tuotenumero:<\/strong> 0611-03304-0101<\/p>\n","protected":false},"excerpt":{"rendered":"<p>Pitk\u00e4, kest\u00e4v\u00e4 KMR-kahva. Anodisoitu duralumiini.<\/p>\n","protected":false},"featured_media":359292,"template":"","meta":{"_acf_changed":false},"product_brand":[11494],"product_cat":[13177,13226],"product_tag":[],"class_list":{"0":"post-411308","1":"product","2":"type-product","3":"status-publish","4":"has-post-thumbnail","6":"product_brand-kmr-precision","7":"product_cat-kmr-osat","8":"product_cat-pistoolin-osat","10":"first","11":"instock","12":"taxable","13":"shipping-taxable","14":"purchasable","15":"product-type-simple"},"acf":[],"_links":{"self":[{"href":"https:\/\/staging.nbg.eu\/fi\/wp-json\/wp\/v2\/product\/411308","targetHints":{"allow":["GET"]}}],"collection":[{"href":"https:\/\/staging.nbg.eu\/fi\/wp-json\/wp\/v2\/product"}],"about":[{"href":"https:\/\/staging.nbg.eu\/fi\/wp-json\/wp\/v2\/types\/product"}],"wp:featuredmedia":[{"embeddable":true,"href":"https:\/\/staging.nbg.eu\/fi\/wp-json\/wp\/v2\/media\/359292"}],"wp:attachment":[{"href":"https:\/\/staging.nbg.eu\/fi\/wp-json\/wp\/v2\/media?parent=411308"}],"wp:term":[{"taxonomy":"product_brand","embeddable":true,"href":"https:\/\/staging.nbg.eu\/fi\/wp-json\/wp\/v2\/product_brand?post=411308"},{"taxonomy":"product_cat","embeddable":true,"href":"https:\/\/staging.nbg.eu\/fi\/wp-json\/wp\/v2\/product_cat?post=411308"},{"taxonomy":"product_tag","embeddable":true,"href":"https:\/\/staging.nbg.eu\/fi\/wp-json\/wp\/v2\/product_tag?post=411308"}],"curies":[{"name":"wp","href":"https:\/\/api.w.org\/{rel}","templated":true}]}}