{"id":411008,"date":"2025-07-01T16:45:34","date_gmt":"2025-07-01T13:45:34","guid":{"rendered":"https:\/\/staging.nbg.eu\/product\/surefire-ep7-bk-mpr-bulk-ear-plugs\/"},"modified":"2025-07-01T16:48:30","modified_gmt":"2025-07-01T13:48:30","slug":"surefire-ep7-bk-mpr-bulk-korvatulpat","status":"publish","type":"product","link":"https:\/\/staging.nbg.eu\/fi\/tuote\/surefire-ep7-bk-mpr-bulk-korvatulpat\/","title":{"rendered":"Surefire EP7-BK-MPR-BULK Korvatulpat"},"content":{"rendered":"<div class=\"product-description\">\n<h2>Surefire EP7-BK-MPR-BULK Korvatulpat<\/h2>\n<h2>Kuulonsuojaus<\/h2>\n<p>Surefire EP7 Sonic Defenders Ultra -korvatulpat tarjoavat kuulonsuojausta. Melunvaimennusluokitus (NRR) on 28 dB, ja ne suojaavat melun aiheuttamalta kuulovauriolta (NIHL).<\/p>\n<h3>Ominaisuudet:<\/h3>\n<ul>\n<li>Patentoitu vaahtomuovik\u00e4rkinen malli Comply\u2122 Canal -k\u00e4rkien kanssa<\/li>\n<li>28 dB:n melunvaimennusluokitus (NRR) suodatintulppien kanssa<\/li>\n<li>P\u00e4\u00e4st\u00e4\u00e4 l\u00e4pi turvalliset \u00e4\u00e4nitasot ja v\u00e4hent\u00e4\u00e4 yli 85 dB:n haitallisia \u00e4\u00e4ni\u00e4<\/li>\n<li>EarLock\u00ae-kiinnitysrenkaat seitsem\u00e4ll\u00e4 kontaktipisteell\u00e4<\/li>\n<li>Valmistettu hypoallergeenisesta, l\u00e4\u00e4ketieteellisest\u00e4 polymeerist\u00e4<\/li>\n<li>Matalaprofiilinen muotoilu yhteensopiva maskien, kyp\u00e4rien ja kuulokkeiden kanssa<\/li>\n<li>Kiinnitett\u00e4v\u00e4t suodatintulpat lis\u00e4suojaukseen meluisissa ymp\u00e4rist\u00f6iss\u00e4<\/li>\n<li>Yhteensopiva erilaisten radioj\u00e4rjestelmien kanssa<\/li>\n<\/ul>\n<h3>Lis\u00e4tiedot:<\/h3>\n<ul>\n<li>Saatavana kirkkaana, mustana tai oranssina<\/li>\n<li>Sis\u00e4lt\u00e4\u00e4 66 cm:n polymeeriny\u00f6rin ja ylim\u00e4\u00e4r\u00e4isen parin Comply\u2122 Canal -k\u00e4rki\u00e4<\/li>\n<li>Koot: Pieni (S), Keskikokoinen (M) ja Suuri (L)<\/li>\n<li>Vaatimustenmukaisuusvakuutus saatavilla osoitteessa surefire.com\/doc-ep7<\/li>\n<\/ul>\n<p>Surefire EP7 Sonic Defenders Ultra -korvatulpat soveltuvat sek\u00e4 ammatti- ett\u00e4 harrastusk\u00e4ytt\u00f6\u00f6n.<\/p>\n<\/div>\n","protected":false},"excerpt":{"rendered":"<p>Suojaavat korvatulpat, joiden melunvaimennusluokitus (NRR) on 28 dB. P\u00e4\u00e4st\u00e4\u00e4 l\u00e4pi turvalliset \u00e4\u00e4net. Mukavat vaahtomuovik\u00e4rjet.<\/p>\n","protected":false},"featured_media":399763,"template":"","meta":{"_acf_changed":false},"product_brand":[11869],"product_cat":[13187,13192],"product_tag":[],"class_list":{"0":"post-411008","1":"product","2":"type-product","3":"status-publish","4":"has-post-thumbnail","6":"product_brand-surefire","7":"product_cat-kuulosuojaimet","8":"product_cat-varusteet","10":"first","11":"instock","12":"taxable","13":"shipping-taxable","14":"purchasable","15":"product-type-simple"},"acf":[],"_links":{"self":[{"href":"https:\/\/staging.nbg.eu\/fi\/wp-json\/wp\/v2\/product\/411008","targetHints":{"allow":["GET"]}}],"collection":[{"href":"https:\/\/staging.nbg.eu\/fi\/wp-json\/wp\/v2\/product"}],"about":[{"href":"https:\/\/staging.nbg.eu\/fi\/wp-json\/wp\/v2\/types\/product"}],"wp:featuredmedia":[{"embeddable":true,"href":"https:\/\/staging.nbg.eu\/fi\/wp-json\/wp\/v2\/media\/399763"}],"wp:attachment":[{"href":"https:\/\/staging.nbg.eu\/fi\/wp-json\/wp\/v2\/media?parent=411008"}],"wp:term":[{"taxonomy":"product_brand","embeddable":true,"href":"https:\/\/staging.nbg.eu\/fi\/wp-json\/wp\/v2\/product_brand?post=411008"},{"taxonomy":"product_cat","embeddable":true,"href":"https:\/\/staging.nbg.eu\/fi\/wp-json\/wp\/v2\/product_cat?post=411008"},{"taxonomy":"product_tag","embeddable":true,"href":"https:\/\/staging.nbg.eu\/fi\/wp-json\/wp\/v2\/product_tag?post=411008"}],"curies":[{"name":"wp","href":"https:\/\/api.w.org\/{rel}","templated":true}]}}