{"id":410729,"date":"2025-07-01T16:29:56","date_gmt":"2025-07-01T13:29:56","guid":{"rendered":"https:\/\/staging.nbg.eu\/product\/surefire-csm-09-push-button-switch\/"},"modified":"2025-07-01T16:32:48","modified_gmt":"2025-07-01T13:32:48","slug":"surefire-csm-09-painonappi-kytkin","status":"publish","type":"product","link":"https:\/\/staging.nbg.eu\/fi\/tuote\/surefire-csm-09-painonappi-kytkin\/","title":{"rendered":"Surefire CSM-09 Painonappi Kytkin"},"content":{"rendered":"<div class=\"product-description\">\n<h2>Surefire CSM-09 Painokytkin<\/h2>\n<h2>Et\u00e4k\u00e4ytt\u00f6. S\u00e4\u00e4st\u00e4 tilaa.<\/h2>\n<p>CSM-09 Painokytkin on ratkaisu SureFire-asevalojen et\u00e4aktivointiin ja aseen kiskon tilan maksimointiin. T\u00e4m\u00e4 kompakti kytkin tarjoaa sek\u00e4 hetkellisen ett\u00e4 jatkuvan p\u00e4\u00e4ll\u00e4olon toiminnot yhdell\u00e4 ohjauksella.<\/p>\n<h3>Ominaisuudet:<\/h3>\n<ul>\n<li>Et\u00e4aktivointi SureFire-asevaloille, joissa on kytkimen liit\u00e4nt\u00e4<\/li>\n<li>Kompakti muotoilu tilan s\u00e4\u00e4st\u00e4miseksi<\/li>\n<li>Kiinnitys M-LOK-kiskoihin<\/li>\n<li>S\u00e4\u00e4nkest\u00e4v\u00e4 rakenne<\/li>\n<li>9 tuuman kaapeli sopii useimpiin kiv\u00e4\u00e4ri\/karbiinisovelluksiin<\/li>\n<\/ul>\n<h3>Yhteensopivuus:<\/h3>\n<p>CSM-09 on yhteensopiva useiden SureFire-asevalojen kanssa, mukaan lukien:<\/p>\n<ul>\n<li>Millennium Universal<\/li>\n<li>Classic Universal<\/li>\n<li>Scout Light (liit\u00e4nn\u00e4llisell\u00e4 takaosalla)<\/li>\n<li>X300<\/li>\n<li>X400 (XT-takaosakokonaisuudella)<\/li>\n<\/ul>\n<h3>K\u00e4ytt\u00f6:<\/h3>\n<p>Aktivoi asevalo:<\/p>\n<ul>\n<li>Kevyt painallus hetkelliseen p\u00e4\u00e4ll\u00e4oloon<\/li>\n<li>Paina pohjaan jatkuvaan p\u00e4\u00e4ll\u00e4oloon<\/li>\n<\/ul>\n<p>CSM-09 Painokytkin varmistaa, ett\u00e4 asevalo on k\u00e4ytt\u00f6valmis tarvittaessa. Se on kest\u00e4v\u00e4 ja tarkka taktisiin valaisutarpeisiin.<\/p>\n<\/div>\n","protected":false},"excerpt":{"rendered":"<p>Kompakti M-LOK-et\u00e4kytkin SureFire-asevaloille. Hetkellinen ja jatkuva k\u00e4ytt\u00f6.<\/p>\n","protected":false},"featured_media":399888,"template":"","meta":{"_acf_changed":false},"product_brand":[11869],"product_cat":[13216,13240],"product_tag":[],"class_list":{"0":"post-410729","1":"product","2":"type-product","3":"status-publish","4":"has-post-thumbnail","6":"product_brand-surefire","7":"product_cat-valot","8":"product_cat-valotarvikkeet","10":"first","11":"instock","12":"taxable","13":"shipping-taxable","14":"purchasable","15":"product-type-simple"},"acf":[],"_links":{"self":[{"href":"https:\/\/staging.nbg.eu\/fi\/wp-json\/wp\/v2\/product\/410729","targetHints":{"allow":["GET"]}}],"collection":[{"href":"https:\/\/staging.nbg.eu\/fi\/wp-json\/wp\/v2\/product"}],"about":[{"href":"https:\/\/staging.nbg.eu\/fi\/wp-json\/wp\/v2\/types\/product"}],"wp:featuredmedia":[{"embeddable":true,"href":"https:\/\/staging.nbg.eu\/fi\/wp-json\/wp\/v2\/media\/399888"}],"wp:attachment":[{"href":"https:\/\/staging.nbg.eu\/fi\/wp-json\/wp\/v2\/media?parent=410729"}],"wp:term":[{"taxonomy":"product_brand","embeddable":true,"href":"https:\/\/staging.nbg.eu\/fi\/wp-json\/wp\/v2\/product_brand?post=410729"},{"taxonomy":"product_cat","embeddable":true,"href":"https:\/\/staging.nbg.eu\/fi\/wp-json\/wp\/v2\/product_cat?post=410729"},{"taxonomy":"product_tag","embeddable":true,"href":"https:\/\/staging.nbg.eu\/fi\/wp-json\/wp\/v2\/product_tag?post=410729"}],"curies":[{"name":"wp","href":"https:\/\/api.w.org\/{rel}","templated":true}]}}