{"id":410418,"date":"2025-05-09T10:48:01","date_gmt":"2025-05-09T07:48:01","guid":{"rendered":"https:\/\/staging.nbg.eu\/product\/surefire-csp-07-push-button-switch\/"},"modified":"2025-07-01T16:09:34","modified_gmt":"2025-07-01T13:09:34","slug":"surefire-csp-07-painonappi-kytkin","status":"publish","type":"product","link":"https:\/\/staging.nbg.eu\/fi\/tuote\/surefire-csp-07-painonappi-kytkin\/","title":{"rendered":"Surefire CSP-07 Painonappi Kytkin"},"content":{"rendered":"<div class=\"product-description\">\n<h2>Surefire CSP-07 Painokytkin<\/h2>\n<h2>Et\u00e4k\u00e4ytt\u00f6. Tilaa s\u00e4\u00e4st\u00e4v\u00e4.<\/h2>\n<p>CSP-07 Painokytkin on ratkaisu SureFire-asevalojen et\u00e4aktivointiin s\u00e4\u00e4st\u00e4en tilaa aseessa. T\u00e4m\u00e4 kytkin tarjoaa hetkellisen ja jatkuvan valaistuksen yhdell\u00e4 ohjauksella.<\/p>\n<h3>Ominaisuudet:<\/h3>\n<ul>\n<li>Et\u00e4aktivointi SureFire-asevaloille, joissa on pistokkeita<\/li>\n<li>Pienikokoinen suunnittelu<\/li>\n<li>Hetkellinen valo kevyell\u00e4 painalluksella, jatkuva valo t\u00e4ydell\u00e4 painalluksella<\/li>\n<li>Kest\u00e4v\u00e4 muovikotelo<\/li>\n<li>Kiinnitys Picatinny-kiskoihin<\/li>\n<li>7 tuuman kaapeli useimpiin kiv\u00e4\u00e4ri\/karbiinisovelluksiin<\/li>\n<li>S\u00e4\u00e4nkest\u00e4v\u00e4 kytkin ja pistoke<\/li>\n<\/ul>\n<h3>Yhteensopivuus:<\/h3>\n<p>CSP-07 on yhteensopiva seuraavien SureFire-asevalojen kanssa:<\/p>\n<ul>\n<li>Millennium Universal<\/li>\n<li>Classic Universal<\/li>\n<li>Scout Light (pistokkeellisella takaosalla)<\/li>\n<li>X300<\/li>\n<li>X400 (XT-takaosalla)<\/li>\n<\/ul>\n<h3>Miksi valita CSP-07?<\/h3>\n<p>CSP-07 varmistaa, ett\u00e4 asevalo on k\u00e4ytt\u00f6valmis tarvittaessa. Sen tilaa s\u00e4\u00e4st\u00e4v\u00e4 muotoilu ja ty\u00f6kaluton asennus tekev\u00e4t siit\u00e4 sopivan ammattilaisille ja harrastajille. CSP-07 tarjoaa luotettavan valaistuksen eri tilanteissa.<\/p>\n<\/div>\n","protected":false},"excerpt":{"rendered":"<p>Et\u00e4k\u00e4ytt\u00f6inen asevalo. Kompakti muotoilu. Hetkellinen ja jatkuva valaistustila.<\/p>\n","protected":false},"featured_media":399935,"template":"","meta":{"_acf_changed":false},"product_brand":[11869],"product_cat":[13216,13240],"product_tag":[],"class_list":{"0":"post-410418","1":"product","2":"type-product","3":"status-publish","4":"has-post-thumbnail","6":"product_brand-surefire","7":"product_cat-valot","8":"product_cat-valotarvikkeet","10":"first","11":"instock","12":"taxable","13":"shipping-taxable","14":"purchasable","15":"product-type-simple"},"acf":[],"_links":{"self":[{"href":"https:\/\/staging.nbg.eu\/fi\/wp-json\/wp\/v2\/product\/410418","targetHints":{"allow":["GET"]}}],"collection":[{"href":"https:\/\/staging.nbg.eu\/fi\/wp-json\/wp\/v2\/product"}],"about":[{"href":"https:\/\/staging.nbg.eu\/fi\/wp-json\/wp\/v2\/types\/product"}],"wp:featuredmedia":[{"embeddable":true,"href":"https:\/\/staging.nbg.eu\/fi\/wp-json\/wp\/v2\/media\/399935"}],"wp:attachment":[{"href":"https:\/\/staging.nbg.eu\/fi\/wp-json\/wp\/v2\/media?parent=410418"}],"wp:term":[{"taxonomy":"product_brand","embeddable":true,"href":"https:\/\/staging.nbg.eu\/fi\/wp-json\/wp\/v2\/product_brand?post=410418"},{"taxonomy":"product_cat","embeddable":true,"href":"https:\/\/staging.nbg.eu\/fi\/wp-json\/wp\/v2\/product_cat?post=410418"},{"taxonomy":"product_tag","embeddable":true,"href":"https:\/\/staging.nbg.eu\/fi\/wp-json\/wp\/v2\/product_tag?post=410418"}],"curies":[{"name":"wp","href":"https:\/\/api.w.org\/{rel}","templated":true}]}}