{"id":408052,"date":"2025-07-01T12:00:42","date_gmt":"2025-07-01T09:00:42","guid":{"rendered":"https:\/\/staging.nbg.eu\/product\/surefire-m640df-bk-pro-scout-light-pro-black\/"},"modified":"2025-07-01T12:04:14","modified_gmt":"2025-07-01T09:04:14","slug":"surefire-m640df-bk-pro-scout-light-pro-musta","status":"publish","type":"product","link":"https:\/\/staging.nbg.eu\/fi\/tuote\/surefire-m640df-bk-pro-scout-light-pro-musta\/","title":{"rendered":"Surefire M640DF-BK-PRO Scout Light Pro, Musta"},"content":{"rendered":"<div class=\"product-description\">\n<h2>Surefire M640DF-BK-PRO Scout Light Pro, Musta<\/h2>\n<p>Dual Fuel Scout Light\u00ae Pro on asevalaisin, joka yhdist\u00e4\u00e4 perinteisi\u00e4 elementtej\u00e4 uuteen teknologiaan. T\u00e4m\u00e4 monik\u00e4ytt\u00f6inen valaistusty\u00f6kalu on suunniteltu taktisiin tilanteisiin.<\/p>\n<h2>T\u00e4rkeimm\u00e4t ominaisuudet:<\/h2>\n<ul>\n<li>Tuottaa jopa 1 500 lumenia valkoista valoa<\/li>\n<li>Dual Fuel -ominaisuus: K\u00e4ytt\u00e4\u00e4 joko SF18650B-akkua tai kahta 123A-litiumparistoa<\/li>\n<li>Matalaprofiilinen kiinnitys (LPM) optimaaliseen sijoitteluun<\/li>\n<li>Hybridivalokuvio pitk\u00e4n matkan tunnistamiseen ja tilannetietoisuuteen<\/li>\n<li>Kest\u00e4v\u00e4, korkeatuottoinen LED<\/li>\n<li>Mil-Spec-kovanodisoitu alumiinirakenne kest\u00e4vyytt\u00e4 varten<\/li>\n<\/ul>\n<h2>Monipuolisuus ja suorituskyky:<\/h2>\n<p>M640DF-BK-PRO:ssa on uusi matalaprofiilinen kiinnitys (LPM), joka mahdollistaa joustavan sijoittelun. Yhteensopiva sek\u00e4 MIL-STD-1913- ett\u00e4 M-LOK-kiskoj\u00e4rjestelmien kanssa. LED tuottaa 1 500 lumenia SF18650B-akulla tai 1 200 lumenia 123A-paristoilla, tarjoten tasapainon kantaman ja ymp\u00e4r\u00f6iv\u00e4n valon v\u00e4lill\u00e4 TIR-linssin kautta.<\/p>\n<h2>Rakennettu vaativiin olosuhteisiin:<\/h2>\n<p>Valmistettu kevyest\u00e4 ilmailualan alumiinista Mil-Spec-kovanodisoinnilla. O-rengastiivisteet tarjoavat IPX7-vesikest\u00e4vyyden. Karkaistu ikkuna ja kest\u00e4v\u00e4 rakenne tekev\u00e4t siit\u00e4 taisteluvalmiin.<\/p>\n<h2>Tekniset tiedot:<\/h2>\n<ul>\n<li>Pituus: 14,1 cm<\/li>\n<li>Paino paristojen kanssa: 156 g<\/li>\n<li>Kehyksen halkaisija: 2,9 cm<\/li>\n<li>Teho: Korkea &#8211; 1 500 lumenia (SF18650B) \/ 1 200 lumenia (123A)<\/li>\n<li>K\u00e4ytt\u00f6aika: 1,5 tuntia (SF18650B) \/ 1,25 tuntia (123A)<\/li>\n<\/ul>\n<\/div>\n","protected":false},"excerpt":{"rendered":"<p>Tehokas 1 500 lumenin taktinen valo monipuolisella kiinnikkeell\u00e4 l\u00e4hiet\u00e4isyyksist\u00e4 pitkille et\u00e4isyyksille k\u00e4ytett\u00e4v\u00e4ksi.<\/p>\n","protected":false},"featured_media":400337,"template":"","meta":{"_acf_changed":false},"product_brand":[11869],"product_cat":[13176,13216],"product_tag":[],"class_list":{"0":"post-408052","1":"product","2":"type-product","3":"status-publish","4":"has-post-thumbnail","6":"product_brand-surefire","7":"product_cat-kivaeaerin-valot","8":"product_cat-valot","10":"first","11":"instock","12":"taxable","13":"shipping-taxable","14":"purchasable","15":"product-type-variable","16":"wvs-archive-product-wrapper"},"acf":[],"_links":{"self":[{"href":"https:\/\/staging.nbg.eu\/fi\/wp-json\/wp\/v2\/product\/408052","targetHints":{"allow":["GET"]}}],"collection":[{"href":"https:\/\/staging.nbg.eu\/fi\/wp-json\/wp\/v2\/product"}],"about":[{"href":"https:\/\/staging.nbg.eu\/fi\/wp-json\/wp\/v2\/types\/product"}],"wp:featuredmedia":[{"embeddable":true,"href":"https:\/\/staging.nbg.eu\/fi\/wp-json\/wp\/v2\/media\/400337"}],"wp:attachment":[{"href":"https:\/\/staging.nbg.eu\/fi\/wp-json\/wp\/v2\/media?parent=408052"}],"wp:term":[{"taxonomy":"product_brand","embeddable":true,"href":"https:\/\/staging.nbg.eu\/fi\/wp-json\/wp\/v2\/product_brand?post=408052"},{"taxonomy":"product_cat","embeddable":true,"href":"https:\/\/staging.nbg.eu\/fi\/wp-json\/wp\/v2\/product_cat?post=408052"},{"taxonomy":"product_tag","embeddable":true,"href":"https:\/\/staging.nbg.eu\/fi\/wp-json\/wp\/v2\/product_tag?post=408052"}],"curies":[{"name":"wp","href":"https:\/\/api.w.org\/{rel}","templated":true}]}}