{"id":405845,"date":"2025-06-30T21:19:20","date_gmt":"2025-06-30T18:19:20","guid":{"rendered":"https:\/\/staging.nbg.eu\/product\/surefire-scout-infrared-light-m640v-pro-tan\/"},"modified":"2025-06-30T21:21:14","modified_gmt":"2025-06-30T18:21:14","slug":"surefire-scout-infrapunavalo-m640v-pro-tan","status":"publish","type":"product","link":"https:\/\/staging.nbg.eu\/fi\/tuote\/surefire-scout-infrapunavalo-m640v-pro-tan\/","title":{"rendered":"SureFire Scout Infrapunavalo &#8211; M640V PRO &#8211; Tan"},"content":{"rendered":"<h2>SureFire Scout infrapunavalo &#8211; M640V PRO &#8211; Hiekkav\u00e4ri<\/h2>\n<p>M640V PRO Scout infrapunavalo. T\u00e4m\u00e4n asevalo sis\u00e4lt\u00e4\u00e4:<\/p>\n<ul>\n<li>350 lumenia valkoista valoa ja 120 mW infrapunavaloa<\/li>\n<li>Uusi matalaprofiilinen kiinnitys MIL-STD-1913 tai M-LOK-kiskoille<\/li>\n<li>TIR-linssi pitk\u00e4lle ulottuvaan valokeilaan<\/li>\n<li>Vaihto valkoisen ja infrapunavalon v\u00e4lill\u00e4 k\u00e4yt\u00f6n aikana<\/li>\n<li>Alumiinirakenne ja anodisoitu pintak\u00e4sittely<\/li>\n<li>IPX7-vesitiiviys<\/li>\n<li>Painonappikytkimell\u00e4 varustettu takakansi<\/li>\n<\/ul>\n<p>2,5 tunnin k\u00e4ytt\u00f6aika t\u00e4ydell\u00e4 teholla ja 214 metrin valaisuet\u00e4isyys. M640V PRO soveltuu keskipitk\u00e4n ja pitk\u00e4n matkan k\u00e4ytt\u00f6\u00f6n.<\/p>\n","protected":false},"excerpt":{"rendered":"<p>Monipuolinen IR\/valkoinen asevalo, jossa on 350 lumenin teho ja 120 mW:n infrapunal\u00e4ht\u00f6.<\/p>\n","protected":false},"featured_media":353018,"template":"","meta":{"_acf_changed":false},"product_brand":[11869],"product_cat":[13184,13176,13216],"product_tag":[],"class_list":{"0":"post-405845","1":"product","2":"type-product","3":"status-publish","4":"has-post-thumbnail","6":"product_brand-surefire","7":"product_cat-edc-valot","8":"product_cat-kivaeaerin-valot","9":"product_cat-valot","11":"first","12":"instock","13":"taxable","14":"shipping-taxable","15":"purchasable","16":"product-type-simple"},"acf":[],"_links":{"self":[{"href":"https:\/\/staging.nbg.eu\/fi\/wp-json\/wp\/v2\/product\/405845","targetHints":{"allow":["GET"]}}],"collection":[{"href":"https:\/\/staging.nbg.eu\/fi\/wp-json\/wp\/v2\/product"}],"about":[{"href":"https:\/\/staging.nbg.eu\/fi\/wp-json\/wp\/v2\/types\/product"}],"wp:featuredmedia":[{"embeddable":true,"href":"https:\/\/staging.nbg.eu\/fi\/wp-json\/wp\/v2\/media\/353018"}],"wp:attachment":[{"href":"https:\/\/staging.nbg.eu\/fi\/wp-json\/wp\/v2\/media?parent=405845"}],"wp:term":[{"taxonomy":"product_brand","embeddable":true,"href":"https:\/\/staging.nbg.eu\/fi\/wp-json\/wp\/v2\/product_brand?post=405845"},{"taxonomy":"product_cat","embeddable":true,"href":"https:\/\/staging.nbg.eu\/fi\/wp-json\/wp\/v2\/product_cat?post=405845"},{"taxonomy":"product_tag","embeddable":true,"href":"https:\/\/staging.nbg.eu\/fi\/wp-json\/wp\/v2\/product_tag?post=405845"}],"curies":[{"name":"wp","href":"https:\/\/api.w.org\/{rel}","templated":true}]}}