{"id":405736,"date":"2025-06-30T21:14:08","date_gmt":"2025-06-30T18:14:08","guid":{"rendered":"https:\/\/staging.nbg.eu\/product\/surefire-plr-b-edc-flashlight-stiletto-pro\/"},"modified":"2025-06-30T21:15:59","modified_gmt":"2025-06-30T18:15:59","slug":"surefire-plr-b-edc-taskulamppu-stiletto-pro","status":"publish","type":"product","link":"https:\/\/staging.nbg.eu\/fi\/tuote\/surefire-plr-b-edc-taskulamppu-stiletto-pro\/","title":{"rendered":"Surefire PLR-B EDC Taskulamppu &#8211; Stiletto Pro"},"content":{"rendered":"<h2>Surefire PLR-B EDC Taskulamppu &#8211; Stiletto Pro<\/h2>\n<p>Stiletto Pro on kompakti taskulamppu jokap\u00e4iv\u00e4iseen k\u00e4ytt\u00f6\u00f6n. Se tuottaa 1 000 lumenia valkoista LED-valoa k\u00e4ytt\u00e4en SureFiren MaxVision Beam\u00ae -heijastinta.<\/p>\n<ul>\n<li>Kolme ohjelmoitavaa asetusta: 1 000 lumenia (korkea), 300 lumenia (keskitaso) ja 25 lumenia (matala)<\/li>\n<li>Ohut alumiinirunko helppoon kuljettamiseen ja kest\u00e4vyyteen<\/li>\n<li>Sotilasluokan anodisoitu pinta, IPX7-vesitiiviys<\/li>\n<li>Taktinen h\u00e4nt\u00e4kytkin korkealle teholle ja valinnaiselle vilkulle<\/li>\n<li>Integroitu USB-C-ladattava litiumpolymeeriakku<\/li>\n<li>LED-akun varaustason ilmaisin<\/li>\n<li>K\u00e4\u00e4nnett\u00e4v\u00e4 Melonite\u00ae-pinnoitettu jousiter\u00e4ksinen taskuklipsi<\/li>\n<\/ul>\n<p>Stiletto Pro on 4,5 tuumaa pitk\u00e4 ja painaa 4 unssia. Se sopii taskuun ja tarjoaa ammattilaistason valaistuksen.<\/p>\n","protected":false},"excerpt":{"rendered":"<p>Kompakti, tehokas 1000 lumenin EDC-valaisin MaxVision Beam\u00ae -teknologialla.<\/p>\n","protected":false},"featured_media":352662,"template":"","meta":{"_acf_changed":false},"product_brand":[11869],"product_cat":[13215,13184,13216],"product_tag":[],"class_list":{"0":"post-405736","1":"product","2":"type-product","3":"status-publish","4":"has-post-thumbnail","6":"product_brand-surefire","7":"product_cat-edc","8":"product_cat-edc-valot","9":"product_cat-valot","11":"first","12":"instock","13":"taxable","14":"shipping-taxable","15":"purchasable","16":"product-type-simple"},"acf":[],"_links":{"self":[{"href":"https:\/\/staging.nbg.eu\/fi\/wp-json\/wp\/v2\/product\/405736","targetHints":{"allow":["GET"]}}],"collection":[{"href":"https:\/\/staging.nbg.eu\/fi\/wp-json\/wp\/v2\/product"}],"about":[{"href":"https:\/\/staging.nbg.eu\/fi\/wp-json\/wp\/v2\/types\/product"}],"wp:featuredmedia":[{"embeddable":true,"href":"https:\/\/staging.nbg.eu\/fi\/wp-json\/wp\/v2\/media\/352662"}],"wp:attachment":[{"href":"https:\/\/staging.nbg.eu\/fi\/wp-json\/wp\/v2\/media?parent=405736"}],"wp:term":[{"taxonomy":"product_brand","embeddable":true,"href":"https:\/\/staging.nbg.eu\/fi\/wp-json\/wp\/v2\/product_brand?post=405736"},{"taxonomy":"product_cat","embeddable":true,"href":"https:\/\/staging.nbg.eu\/fi\/wp-json\/wp\/v2\/product_cat?post=405736"},{"taxonomy":"product_tag","embeddable":true,"href":"https:\/\/staging.nbg.eu\/fi\/wp-json\/wp\/v2\/product_tag?post=405736"}],"curies":[{"name":"wp","href":"https:\/\/api.w.org\/{rel}","templated":true}]}}