{"id":40487,"date":"2024-08-26T13:29:45","date_gmt":"2024-09-09T14:56:23","guid":{"rendered":"https:\/\/staging.nbg.eu\/product\/vanward-hunter-pro\/"},"modified":"2024-09-09T14:58:54","modified_gmt":"2024-09-09T14:58:54","slug":"vanward-hunter-pro","status":"publish","type":"product","link":"https:\/\/staging.nbg.eu\/fi\/tuote\/vanward-hunter-pro\/","title":{"rendered":"Vanward Hunter PRO"},"content":{"rendered":"<div class=\"product-description\">\n<h2>Vanward Hunter PRO<\/h2>\n<p>Koe ylivertainen suorituskyky alle 300 gramman painolla Vanward Hunter PRO -\u00e4\u00e4nenvaimentimella. Optimoidulla v\u00e4lilevyjen sijoittelulla tehostettu paineentasaus ja kest\u00e4v\u00e4 kuusikulmainen ulkomuoto tarjoavat paremman turvallisuuden, lujuuden ja j\u00e4\u00e4hdytystehokkuuden.<\/p>\n<h2>T\u00e4rkeimm\u00e4t ominaisuudet:<\/h2>\n<ul>\n<li>3D-tulostettu yhdest\u00e4 kappaleesta luokan 5 titaania maksimaalisen turvallisuuden ja suorituskyvyn takaamiseksi<\/li>\n<li>Eritt\u00e4in kest\u00e4v\u00e4 ja korroosionkest\u00e4v\u00e4<\/li>\n<li>Vaihdettavat ruostumattomasta ter\u00e4ksest\u00e4 valmistetut kierreliittimet<\/li>\n<li>POM-rengas optimaalista piipun et\u00e4isyytt\u00e4 varten<\/li>\n<li>Saatavana useilla kierretyypeill\u00e4: 1\/2*28&#8243;, 5\/8&#215;24&#8243; M14x1, M14x1.5, M15x1, M16x1, M18x1<\/li>\n<\/ul>\n<h2>Tekniset tiedot:<\/h2>\n<ul>\n<li>Halkaisija: 48 mm<\/li>\n<li>Pituus: 220 mm<\/li>\n<li>Paino: 295 grammaa*<\/li>\n<\/ul>\n<p>Vanward Hunter PRO:n innovatiivinen muotoilu ja laadukkaat materiaalit tekev\u00e4t siit\u00e4 t\u00e4ydellisen valinnan vaativille mets\u00e4st\u00e4jille ja ampumaharrastajille, jotka haluavat parasta \u00e4\u00e4nenvaimentimien teknologiaa.<\/p>\n<\/div>\n","protected":false},"excerpt":{"rendered":"<p>Eritt\u00e4in kevyt, titaanista valmistettu \u00e4\u00e4nenvaimennin optimoidulla suorituskyvyll\u00e4.<\/p>\n","protected":false},"featured_media":102152,"template":"","meta":{"_acf_changed":false},"product_brand":[11930],"product_cat":[13160,13225,13178],"product_tag":[],"class_list":{"0":"post-40487","1":"product","2":"type-product","3":"status-publish","4":"has-post-thumbnail","6":"product_brand-vanward","7":"product_cat-aeaenenvaimentimet","8":"product_cat-kivaeaeri","9":"product_cat-kivaeaerin-aeaenenvaimentimet","11":"first","12":"instock","13":"taxable","14":"shipping-taxable","15":"purchasable","16":"product-type-variable","17":"wvs-archive-product-wrapper"},"acf":[],"_links":{"self":[{"href":"https:\/\/staging.nbg.eu\/fi\/wp-json\/wp\/v2\/product\/40487","targetHints":{"allow":["GET"]}}],"collection":[{"href":"https:\/\/staging.nbg.eu\/fi\/wp-json\/wp\/v2\/product"}],"about":[{"href":"https:\/\/staging.nbg.eu\/fi\/wp-json\/wp\/v2\/types\/product"}],"wp:featuredmedia":[{"embeddable":true,"href":"https:\/\/staging.nbg.eu\/fi\/wp-json\/wp\/v2\/media\/102152"}],"wp:attachment":[{"href":"https:\/\/staging.nbg.eu\/fi\/wp-json\/wp\/v2\/media?parent=40487"}],"wp:term":[{"taxonomy":"product_brand","embeddable":true,"href":"https:\/\/staging.nbg.eu\/fi\/wp-json\/wp\/v2\/product_brand?post=40487"},{"taxonomy":"product_cat","embeddable":true,"href":"https:\/\/staging.nbg.eu\/fi\/wp-json\/wp\/v2\/product_cat?post=40487"},{"taxonomy":"product_tag","embeddable":true,"href":"https:\/\/staging.nbg.eu\/fi\/wp-json\/wp\/v2\/product_tag?post=40487"}],"curies":[{"name":"wp","href":"https:\/\/api.w.org\/{rel}","templated":true}]}}