{"id":404785,"date":"2025-06-30T12:05:58","date_gmt":"2025-06-30T09:05:58","guid":{"rendered":"https:\/\/staging.nbg.eu\/product\/ammunition-sb-cal-357-mag-fmj-10-25g\/"},"modified":"2025-06-30T12:07:34","modified_gmt":"2025-06-30T09:07:34","slug":"patruunat-sb-kal-357-mag-fmj-1025g","status":"publish","type":"product","link":"https:\/\/staging.nbg.eu\/fi\/tuote\/patruunat-sb-kal-357-mag-fmj-1025g\/","title":{"rendered":"PATRUUNAT S&#038;B kal. 357 Mag FMJ 10.25g"},"content":{"rendered":"<div class=\"product-description\">\n<h2>S&amp;B FMJ .357 Magnum 10,25g<\/h2>\n<p>Sellier &amp; Bellotin .357 Magnum -patruuna t\u00e4ysvaippaluodilla. T\u00e4m\u00e4 ammus soveltuu revolverin k\u00e4ytt\u00e4jille.<\/p>\n<h3>Ominaisuudet:<\/h3>\n<ul>\n<li>Kaliiperi: .357 Magnum<\/li>\n<li>Luodin paino: 158gr\/10,25g T\u00e4ysvaippaluoti (FMJ)<\/li>\n<li>Suuluopeus: 385 m\/s<\/li>\n<li>Ballistinen kerroin: 0,184<\/li>\n<li>Voimakerroin: 199,6<\/li>\n<li>Pakkauskoko: 50 patruunaa<\/li>\n<\/ul>\n<p>Valmistaja Sellier &amp; Bellot on perustettu vuonna 1825. T\u00e4m\u00e4 patruuna soveltuu harjoitteluun, kilpailuihin ja muuhun ammuntaan.<\/p>\n<p>T\u00e4t\u00e4 .357 Magnum -patruunaa k\u00e4ytt\u00e4v\u00e4t sek\u00e4 siviilit ett\u00e4 sotilashenkil\u00f6st\u00f6 eri puolilla maailmaa.<\/p>\n<\/div>\n","protected":false},"excerpt":{"rendered":"<p>S&amp;B .357 Mag FMJ 10,25g: Tehokas, tarkka revolverin patruuna harjoitteluun<\/p>\n","protected":false},"featured_media":359123,"template":"","meta":{"_acf_changed":false},"product_brand":[],"product_cat":[13200,13210],"product_tag":[],"class_list":{"0":"post-404785","1":"product","2":"type-product","3":"status-publish","4":"has-post-thumbnail","6":"product_cat-ammukset","7":"product_cat-lisensoitu","9":"first","10":"instock","11":"taxable","12":"shipping-taxable","13":"purchasable","14":"product-type-simple"},"acf":[],"_links":{"self":[{"href":"https:\/\/staging.nbg.eu\/fi\/wp-json\/wp\/v2\/product\/404785","targetHints":{"allow":["GET"]}}],"collection":[{"href":"https:\/\/staging.nbg.eu\/fi\/wp-json\/wp\/v2\/product"}],"about":[{"href":"https:\/\/staging.nbg.eu\/fi\/wp-json\/wp\/v2\/types\/product"}],"wp:featuredmedia":[{"embeddable":true,"href":"https:\/\/staging.nbg.eu\/fi\/wp-json\/wp\/v2\/media\/359123"}],"wp:attachment":[{"href":"https:\/\/staging.nbg.eu\/fi\/wp-json\/wp\/v2\/media?parent=404785"}],"wp:term":[{"taxonomy":"product_brand","embeddable":true,"href":"https:\/\/staging.nbg.eu\/fi\/wp-json\/wp\/v2\/product_brand?post=404785"},{"taxonomy":"product_cat","embeddable":true,"href":"https:\/\/staging.nbg.eu\/fi\/wp-json\/wp\/v2\/product_cat?post=404785"},{"taxonomy":"product_tag","embeddable":true,"href":"https:\/\/staging.nbg.eu\/fi\/wp-json\/wp\/v2\/product_tag?post=404785"}],"curies":[{"name":"wp","href":"https:\/\/api.w.org\/{rel}","templated":true}]}}