{"id":39241,"date":"2024-08-26T13:35:02","date_gmt":"2024-09-09T14:48:46","guid":{"rendered":"https:\/\/staging.nbg.eu\/product\/vanward-felt\/"},"modified":"2024-09-09T14:50:23","modified_gmt":"2024-09-09T14:50:23","slug":"vanward-felt","status":"publish","type":"product","link":"https:\/\/staging.nbg.eu\/fi\/tuote\/vanward-felt\/","title":{"rendered":"Vanward Felt"},"content":{"rendered":"<div class=\"product-description\">\n<h2>Vanward Felt -\u00e4\u00e4nenvaimennin<\/h2>\n<p>Koe \u00e4\u00e4nenvaimennintekniikan seuraava kehitysaskel Vanward Feltin avulla, joka on kehitetty TE-Titanin 3D-tulostetuista \u00e4\u00e4nenvaimentimista.<\/p>\n<h2>T\u00e4rkeimm\u00e4t ominaisuudet:<\/h2>\n<ul>\n<li>Optimoitu v\u00e4lilevyjen et\u00e4isyys ylivertaiseen paineentasaukseen<\/li>\n<li>Kuusikulmainen ulkomuotoilu parantaa lujuutta ja tehostaa j\u00e4\u00e4hdytyst\u00e4<\/li>\n<li>Uskomattoman kevyt, vain 171 grammaa*<\/li>\n<li>3D-tulostettu yhdest\u00e4 kappaleesta 5-luokan titaania<\/li>\n<li>Ruostumattomasta ter\u00e4ksest\u00e4 valmistettu kierreosa<\/li>\n<li>Kest\u00e4\u00e4 vett\u00e4, suolaliuoksia ja asekaasuja<\/li>\n<li>Minimaalinen ruutij\u00e4\u00e4mien tarttuminen<\/li>\n<\/ul>\n<h2>Tekniset tiedot:<\/h2>\n<ul>\n<li>Saatavilla olevat kaliiperit: .223, .264, .30<\/li>\n<li>Kierretyypit: M18x1, M15x1, M14x1, 1\/2*28<\/li>\n<li>Mitat: \u00d842mm x 130mm pituus<\/li>\n<\/ul>\n<p>Vanward Felt on suunniteltu huippuampujien palautteen perusteella ja tarjoaa vertaansa vailla olevaa turvallisuutta, lujuutta ja suorituskyky\u00e4. Sen integroidut j\u00e4\u00e4hdytysrivat ja kevyt rakenne tekev\u00e4t siit\u00e4 ihanteellisen kentt\u00e4ammuntaan.<\/p>\n<p><em>*Paino M14x1-kierretyypille<\/em><\/p>\n<\/div>\n","protected":false},"excerpt":{"rendered":"<p>Kevyt, 3D-tulostettu titaanivaimennin optimoidulla suunnittelulla.<\/p>\n","protected":false},"featured_media":32221,"template":"","meta":{"_acf_changed":false},"product_brand":[11930],"product_cat":[13160,13225,13178],"product_tag":[],"class_list":{"0":"post-39241","1":"product","2":"type-product","3":"status-publish","4":"has-post-thumbnail","6":"product_brand-vanward","7":"product_cat-aeaenenvaimentimet","8":"product_cat-kivaeaeri","9":"product_cat-kivaeaerin-aeaenenvaimentimet","11":"first","12":"instock","13":"taxable","14":"shipping-taxable","15":"purchasable","16":"product-type-variable","17":"wvs-archive-product-wrapper"},"acf":[],"_links":{"self":[{"href":"https:\/\/staging.nbg.eu\/fi\/wp-json\/wp\/v2\/product\/39241","targetHints":{"allow":["GET"]}}],"collection":[{"href":"https:\/\/staging.nbg.eu\/fi\/wp-json\/wp\/v2\/product"}],"about":[{"href":"https:\/\/staging.nbg.eu\/fi\/wp-json\/wp\/v2\/types\/product"}],"wp:featuredmedia":[{"embeddable":true,"href":"https:\/\/staging.nbg.eu\/fi\/wp-json\/wp\/v2\/media\/32221"}],"wp:attachment":[{"href":"https:\/\/staging.nbg.eu\/fi\/wp-json\/wp\/v2\/media?parent=39241"}],"wp:term":[{"taxonomy":"product_brand","embeddable":true,"href":"https:\/\/staging.nbg.eu\/fi\/wp-json\/wp\/v2\/product_brand?post=39241"},{"taxonomy":"product_cat","embeddable":true,"href":"https:\/\/staging.nbg.eu\/fi\/wp-json\/wp\/v2\/product_cat?post=39241"},{"taxonomy":"product_tag","embeddable":true,"href":"https:\/\/staging.nbg.eu\/fi\/wp-json\/wp\/v2\/product_tag?post=39241"}],"curies":[{"name":"wp","href":"https:\/\/api.w.org\/{rel}","templated":true}]}}