{"id":37989,"date":"2024-08-26T13:54:16","date_gmt":"2024-09-09T14:38:10","guid":{"rendered":"https:\/\/staging.nbg.eu\/product\/vanward-ultra-light\/"},"modified":"2025-05-01T17:52:04","modified_gmt":"2025-05-01T17:52:04","slug":"vanward-ultra-light","status":"publish","type":"product","link":"https:\/\/staging.nbg.eu\/fi\/tuote\/vanward-ultra-light\/","title":{"rendered":"Vanward Ultra Light"},"content":{"rendered":"<h2>Vanward Ultra Light -\u00e4\u00e4nenvaimennin<\/h2>\n<p>Koe vertaansa vailla oleva keveys ja suorituskyky Vanward Ultra Light -\u00e4\u00e4nenvaimentimella. 137 gramman* painollaan se on luokkansa kevyin tinkim\u00e4tt\u00e4 toiminnallisuudesta.<\/p>\n<h2>T\u00e4rkeimm\u00e4t ominaisuudet:<\/h2>\n<ul>\n<li>Optimoitu v\u00e4lilevyjen et\u00e4isyys ylivoimaiseen paineentasaukseen<\/li>\n<li>Kuusikulmainen ulkomuoto parantaa lujuutta ja j\u00e4\u00e4hdytyst\u00e4<\/li>\n<li>3D-tulostettu yhdest\u00e4 kappaleesta 5. luokan titaania<\/li>\n<li>Eritt\u00e4in kest\u00e4v\u00e4 ja korroosionkest\u00e4v\u00e4<\/li>\n<li>Saatavana kaliipereissa .223, .264 ja .30<\/li>\n<li>Kierretyypit: M18x1, M15x1, M14x1, 1\/2*28<\/li>\n<\/ul>\n<h2>Tekniset tiedot:<\/h2>\n<ul>\n<li>Halkaisija: 42 mm<\/li>\n<li>Pituus: 130 mm<\/li>\n<li>Paino: 137 grammaa* (M18-malli)<\/li>\n<\/ul>\n<p>Nosta ampumiskokemuksesi uudelle tasolle Vanward Ultra Light -\u00e4\u00e4nenvaimentimella &#8211; jossa innovaatio kohtaa suorituskyvyn.<\/p>\n","protected":false},"excerpt":{"rendered":"<p>Ultrakevyt titaanivaimennin, 137 g. 3D-tulostettu, kest\u00e4v\u00e4, tehokas j\u00e4\u00e4hdytys.<\/p>\n","protected":false},"featured_media":32429,"template":"","meta":{"_acf_changed":false},"product_brand":[11930],"product_cat":[13160,13225,13178],"product_tag":[],"class_list":{"0":"post-37989","1":"product","2":"type-product","3":"status-publish","4":"has-post-thumbnail","6":"product_brand-vanward","7":"product_cat-aeaenenvaimentimet","8":"product_cat-kivaeaeri","9":"product_cat-kivaeaerin-aeaenenvaimentimet","11":"first","12":"instock","13":"taxable","14":"shipping-taxable","15":"purchasable","16":"product-type-variable","17":"wvs-archive-product-wrapper"},"acf":[],"_links":{"self":[{"href":"https:\/\/staging.nbg.eu\/fi\/wp-json\/wp\/v2\/product\/37989","targetHints":{"allow":["GET"]}}],"collection":[{"href":"https:\/\/staging.nbg.eu\/fi\/wp-json\/wp\/v2\/product"}],"about":[{"href":"https:\/\/staging.nbg.eu\/fi\/wp-json\/wp\/v2\/types\/product"}],"wp:featuredmedia":[{"embeddable":true,"href":"https:\/\/staging.nbg.eu\/fi\/wp-json\/wp\/v2\/media\/32429"}],"wp:attachment":[{"href":"https:\/\/staging.nbg.eu\/fi\/wp-json\/wp\/v2\/media?parent=37989"}],"wp:term":[{"taxonomy":"product_brand","embeddable":true,"href":"https:\/\/staging.nbg.eu\/fi\/wp-json\/wp\/v2\/product_brand?post=37989"},{"taxonomy":"product_cat","embeddable":true,"href":"https:\/\/staging.nbg.eu\/fi\/wp-json\/wp\/v2\/product_cat?post=37989"},{"taxonomy":"product_tag","embeddable":true,"href":"https:\/\/staging.nbg.eu\/fi\/wp-json\/wp\/v2\/product_tag?post=37989"}],"curies":[{"name":"wp","href":"https:\/\/api.w.org\/{rel}","templated":true}]}}