{"id":37607,"date":"2024-09-02T10:54:46","date_gmt":"2024-09-02T10:54:46","guid":{"rendered":"https:\/\/staging.nbg.eu\/product\/bcm-quick-detach-sling-swivel-heavy-duty-design\/"},"modified":"2024-09-09T14:28:46","modified_gmt":"2024-09-09T14:28:46","slug":"bcm-quick-detach-sling-swivel-heavy-duty-design","status":"publish","type":"product","link":"https:\/\/staging.nbg.eu\/fi\/tuote\/bcm-quick-detach-sling-swivel-heavy-duty-design\/","title":{"rendered":"BCM\u00ae Quick Detach Sling Swivel (Heavy Duty Design)"},"content":{"rendered":"<div class=\"product-description\">\n<h2>BCM\u00ae Pikairrotettava hihnakiinnike (Vahva malli)<\/h2>\n<p>Paranna aseesi toiminnallisuutta BCM\u00ae pikairrotettavalla hihnakiinnikkeell\u00e4, joka on suunniteltu kest\u00e4vyytt\u00e4 ja luotettavuutta silm\u00e4ll\u00e4 pit\u00e4en.<\/p>\n<ul>\n<li>Tasainen painikemekanismi est\u00e4\u00e4 vahingossa tapahtuvan irtoamisen, varmistaen hihnan pysymisen tukevasti kiinni<\/li>\n<li>Valmistettu tarkasti hiiliter\u00e4ksest\u00e4 ja viimeistelty mangaanifosfaattipinnoitteella erinomaisen korroosionkest\u00e4vyyden takaamiseksi<\/li>\n<li>Rumpuhiottu ja hiekkapuhallettu ennen pinnoitusta sile\u00e4n, tarttumattoman pinnan aikaansaamiseksi<\/li>\n<li>Yhteensopiva 1-1\/4 tuuman hihnojen kanssa, tarjoten monipuolisuutta erilaisiin kokoonpanoihin<\/li>\n<li>Vahva rakenne kest\u00e4\u00e4 kovaa k\u00e4ytt\u00f6\u00e4 vaativissa ymp\u00e4rist\u00f6iss\u00e4<\/li>\n<\/ul>\n<p>Luota BCM:n sitoutumiseen laatuun ja suorituskykyyn. T\u00e4m\u00e4 pikairrotettava hihnakiinnike on t\u00e4ydellinen lis\u00e4 taktiseen varustukseesi, mahdollistaen nopean kiinnityksen ja irrotuksen turvallisuudesta tinkim\u00e4tt\u00e4.<\/p>\n<\/div>\n","protected":false},"excerpt":{"rendered":"<p>Nopeavapautteinen, kest\u00e4v\u00e4 hihnan kiinnike. Turvallinen, kest\u00e4v\u00e4, yhteensopiva 1-1\/4 tuuman kanssa.<\/p>\n","protected":false},"featured_media":36978,"template":"","meta":{"_acf_changed":false},"product_brand":[11061],"product_cat":[13188,13225,13174],"product_tag":[],"class_list":{"0":"post-37607","1":"product","2":"type-product","3":"status-publish","4":"has-post-thumbnail","6":"product_brand-bcm","7":"product_cat-hihnat","8":"product_cat-kivaeaeri","9":"product_cat-kivaeaerin-viritys","11":"first","12":"instock","13":"taxable","14":"shipping-taxable","15":"purchasable","16":"product-type-simple"},"acf":[],"_links":{"self":[{"href":"https:\/\/staging.nbg.eu\/fi\/wp-json\/wp\/v2\/product\/37607","targetHints":{"allow":["GET"]}}],"collection":[{"href":"https:\/\/staging.nbg.eu\/fi\/wp-json\/wp\/v2\/product"}],"about":[{"href":"https:\/\/staging.nbg.eu\/fi\/wp-json\/wp\/v2\/types\/product"}],"wp:featuredmedia":[{"embeddable":true,"href":"https:\/\/staging.nbg.eu\/fi\/wp-json\/wp\/v2\/media\/36978"}],"wp:attachment":[{"href":"https:\/\/staging.nbg.eu\/fi\/wp-json\/wp\/v2\/media?parent=37607"}],"wp:term":[{"taxonomy":"product_brand","embeddable":true,"href":"https:\/\/staging.nbg.eu\/fi\/wp-json\/wp\/v2\/product_brand?post=37607"},{"taxonomy":"product_cat","embeddable":true,"href":"https:\/\/staging.nbg.eu\/fi\/wp-json\/wp\/v2\/product_cat?post=37607"},{"taxonomy":"product_tag","embeddable":true,"href":"https:\/\/staging.nbg.eu\/fi\/wp-json\/wp\/v2\/product_tag?post=37607"}],"curies":[{"name":"wp","href":"https:\/\/api.w.org\/{rel}","templated":true}]}}