{"id":37584,"date":"2024-09-02T16:31:14","date_gmt":"2024-09-02T16:31:14","guid":{"rendered":"https:\/\/staging.nbg.eu\/product\/bcm-mcmr-sm-quick-detachable-sling-mount-m-lok-compatible\/"},"modified":"2024-09-09T14:21:49","modified_gmt":"2024-09-09T14:21:49","slug":"bcm-mcmr-sm-quick-detachable-sling-mount-m-lok-compatible","status":"publish","type":"product","link":"https:\/\/staging.nbg.eu\/fi\/tuote\/bcm-mcmr-sm-quick-detachable-sling-mount-m-lok-compatible\/","title":{"rendered":"BCM\u00ae MCMR-SM Quick Detachable Sling Mount (M-LOK\u00ae Compatible*)"},"content":{"rendered":"<div class=\"product-description\">\n<h2>BCM\u00ae MCMR-SM Pikairrotettava Hihnan Kiinnike (M-LOK\u00ae -yhteensopiva*)<\/h2>\n<p>Paranna aseesi monik\u00e4ytt\u00f6isyytt\u00e4 BCM\u00ae MCMR-SM pikairrotettavalla hihnan kiinnikkeell\u00e4. T\u00e4m\u00e4 matalaprofiilinen lis\u00e4varuste on suunniteltu lis\u00e4\u00e4m\u00e4\u00e4n liikkuvuutta ja v\u00e4hent\u00e4m\u00e4\u00e4n takertumisriski\u00e4, tehden siit\u00e4 olennaisen lis\u00e4n M-LOK\u00ae -yhteensopivaan kokoonpanoosi.<\/p>\n<ul>\n<li>M-LOK\u00ae -yhteensopiva helppoa asennusta varten<\/li>\n<li>Sopii tavallisille painonapillisille, pikairrotettaville hihnakiinnikkeille (ei sis\u00e4lly)<\/li>\n<li>8-asentoinen (360\u00b0) py\u00f6rim\u00e4t\u00f6n lukitusliit\u00e4nt\u00e4 optimaalista hihnan sijoittelua varten<\/li>\n<li>Kest\u00e4v\u00e4 kokonaan ter\u00e4ksinen rakenne takaa pitk\u00e4aikaisen suorituskyvyn<\/li>\n<\/ul>\n<p>Koe parantunut liikkuvuus ja nopea hihnan kiinnitys t\u00e4m\u00e4n vankan, matalaprofiilisen kiinnikkeen avulla. Huomaa: Pikairrotettava hihnakiinnike myyd\u00e4\u00e4n erikseen.<\/p>\n<\/div>\n","protected":false},"excerpt":{"rendered":"<p>BCM\u00ae MCMR-SM QD -hihnankiinnike: Matalaprofiilinen, M-LOK-yhteensopiva.<\/p>\n","protected":false},"featured_media":37048,"template":"","meta":{"_acf_changed":false},"product_brand":[11061],"product_cat":[13188,13225,13174],"product_tag":[],"class_list":{"0":"post-37584","1":"product","2":"type-product","3":"status-publish","4":"has-post-thumbnail","6":"product_brand-bcm","7":"product_cat-hihnat","8":"product_cat-kivaeaeri","9":"product_cat-kivaeaerin-viritys","11":"first","12":"instock","13":"taxable","14":"shipping-taxable","15":"purchasable","16":"product-type-simple"},"acf":[],"_links":{"self":[{"href":"https:\/\/staging.nbg.eu\/fi\/wp-json\/wp\/v2\/product\/37584","targetHints":{"allow":["GET"]}}],"collection":[{"href":"https:\/\/staging.nbg.eu\/fi\/wp-json\/wp\/v2\/product"}],"about":[{"href":"https:\/\/staging.nbg.eu\/fi\/wp-json\/wp\/v2\/types\/product"}],"wp:featuredmedia":[{"embeddable":true,"href":"https:\/\/staging.nbg.eu\/fi\/wp-json\/wp\/v2\/media\/37048"}],"wp:attachment":[{"href":"https:\/\/staging.nbg.eu\/fi\/wp-json\/wp\/v2\/media?parent=37584"}],"wp:term":[{"taxonomy":"product_brand","embeddable":true,"href":"https:\/\/staging.nbg.eu\/fi\/wp-json\/wp\/v2\/product_brand?post=37584"},{"taxonomy":"product_cat","embeddable":true,"href":"https:\/\/staging.nbg.eu\/fi\/wp-json\/wp\/v2\/product_cat?post=37584"},{"taxonomy":"product_tag","embeddable":true,"href":"https:\/\/staging.nbg.eu\/fi\/wp-json\/wp\/v2\/product_tag?post=37584"}],"curies":[{"name":"wp","href":"https:\/\/api.w.org\/{rel}","templated":true}]}}