{"id":37559,"date":"2024-09-02T16:34:30","date_gmt":"2024-09-02T16:34:30","guid":{"rendered":"https:\/\/staging.nbg.eu\/product\/bcm-3-inch-picatinny-rail-section-aluminum-m-lok-compatible\/"},"modified":"2024-09-09T14:09:53","modified_gmt":"2024-09-09T14:09:53","slug":"bcm-3-inch-picatinny-rail-section-aluminum-m-lok-compatible","status":"publish","type":"product","link":"https:\/\/staging.nbg.eu\/fi\/tuote\/bcm-3-inch-picatinny-rail-section-aluminum-m-lok-compatible\/","title":{"rendered":"BCM\u00ae 3 inch Picatinny Rail Section, Aluminum (M-LOK\u00ae Compatible*)"},"content":{"rendered":"<div class=\"product-description\">\n<h2>BCM\u00ae 3 tuuman Picatinny-kiskoj\u00e4rjestelm\u00e4, alumiini (M-LOK\u00ae-yhteensopiva*)<\/h2>\n<p>Paranna aseesi monik\u00e4ytt\u00f6isyytt\u00e4 BCM\u00ae 3 tuuman Picatinny-kiskoj\u00e4rjestelm\u00e4ll\u00e4. T\u00e4m\u00e4 laadukas lis\u00e4varuste on valmistettu kovasta anodisoidusta lentokonealumiiniseoksesta, mik\u00e4 takaa kest\u00e4vyyden ja pitk\u00e4ik\u00e4isyyden vaativissa olosuhteissa.<\/p>\n<ul>\n<li>Valmistettu Mil-Standard 1913 Picatinny Arsenal -m\u00e4\u00e4ritysten mukaisesti<\/li>\n<li>Tarttumaton muotoilu sujuvaa k\u00e4sittely\u00e4 varten<\/li>\n<li>M-LOK\u00ae-yhteensopiva helppoa asennusta ja irrottamista varten<\/li>\n<li>Kevyt mutta luja rakenne<\/li>\n<li>Ihanteellinen erilaisten lis\u00e4varusteiden, kuten valojen, lasereiden ja kahvojen kiinnitt\u00e4miseen<\/li>\n<\/ul>\n<p>T\u00e4m\u00e4 kiskoj\u00e4rjestelm\u00e4 yhdist\u00e4\u00e4 toiminnallisuuden taktiseen ulkon\u00e4k\u00f6\u00f6n, mik\u00e4 mahdollistaa aseesi r\u00e4\u00e4t\u00e4l\u00f6innin erityistarpeitasi vastaavaksi. Olipa kyseess\u00e4 ammattilainen tai harrastaja, BCM\u00ae 3 tuuman Picatinny-kiskoj\u00e4rjestelm\u00e4 on olennainen lis\u00e4 varusteisiisi.<\/p>\n<\/div>\n","protected":false},"excerpt":{"rendered":"<p>BCM\u00ae 3&#8243; Picatinny-kisko: Mil-Spec-standardin mukainen, M-LOK-yhteensopiva, tarttumaton<\/p>\n","protected":false},"featured_media":37187,"template":"","meta":{"_acf_changed":false},"product_brand":[11061],"product_cat":[13173,13225,13174],"product_tag":[],"class_list":{"0":"post-37559","1":"product","2":"type-product","3":"status-publish","4":"has-post-thumbnail","6":"product_brand-bcm","7":"product_cat-kiskot","8":"product_cat-kivaeaeri","9":"product_cat-kivaeaerin-viritys","11":"first","12":"instock","13":"taxable","14":"shipping-taxable","15":"purchasable","16":"product-type-simple"},"acf":[],"_links":{"self":[{"href":"https:\/\/staging.nbg.eu\/fi\/wp-json\/wp\/v2\/product\/37559","targetHints":{"allow":["GET"]}}],"collection":[{"href":"https:\/\/staging.nbg.eu\/fi\/wp-json\/wp\/v2\/product"}],"about":[{"href":"https:\/\/staging.nbg.eu\/fi\/wp-json\/wp\/v2\/types\/product"}],"wp:featuredmedia":[{"embeddable":true,"href":"https:\/\/staging.nbg.eu\/fi\/wp-json\/wp\/v2\/media\/37187"}],"wp:attachment":[{"href":"https:\/\/staging.nbg.eu\/fi\/wp-json\/wp\/v2\/media?parent=37559"}],"wp:term":[{"taxonomy":"product_brand","embeddable":true,"href":"https:\/\/staging.nbg.eu\/fi\/wp-json\/wp\/v2\/product_brand?post=37559"},{"taxonomy":"product_cat","embeddable":true,"href":"https:\/\/staging.nbg.eu\/fi\/wp-json\/wp\/v2\/product_cat?post=37559"},{"taxonomy":"product_tag","embeddable":true,"href":"https:\/\/staging.nbg.eu\/fi\/wp-json\/wp\/v2\/product_tag?post=37559"}],"curies":[{"name":"wp","href":"https:\/\/api.w.org\/{rel}","templated":true}]}}