{"id":37505,"date":"2024-09-02T16:37:54","date_gmt":"2024-09-02T16:37:54","guid":{"rendered":"https:\/\/staging.nbg.eu\/product\/bcm-kag-m-lok-compatible\/"},"modified":"2024-09-09T14:01:16","modified_gmt":"2024-09-09T14:01:16","slug":"bcm-kag-m-lok-compatible","status":"publish","type":"product","link":"https:\/\/staging.nbg.eu\/fi\/tuote\/bcm-kag-m-lok-compatible\/","title":{"rendered":"BCM\u00ae KAG &#8211; (M-LOK\u00ae Compatible*)"},"content":{"rendered":"<div class=\"product-description\">\n<h2>BCM\u00ae KAG &#8211; Kinesteettinen kulmakahva (M-LOK\u00ae yhteensopiva*)<\/h2>\n<p>Paranna ampumiskokemustasi BCM\u00ae KAG:lla, joka on BCM\u00ae:n ja Travis Haleyn (Haley Strategic Partners) yhteisty\u00f6n tulos. T\u00e4m\u00e4 innovatiivinen kahva sis\u00e4lt\u00e4\u00e4 seuraavat ominaisuudet:<\/p>\n<ul>\n<li>Biomekaanisesti tehokas eteenp\u00e4in kallistettu muotoilu positiivista pitoa varten<\/li>\n<li>Nivelten kuormituksen v\u00e4hent\u00e4minen ranteessa, kyyn\u00e4rp\u00e4\u00e4ss\u00e4 ja olkap\u00e4\u00e4ss\u00e4<\/li>\n<li>Kuvioitu etu- ja takaosa johdonmukaista otetta varten<\/li>\n<li>&#8221;C-clamp&#8221;-otteelle ja tuetuille ampuma-asennoille ihanteellinen<\/li>\n<li>Kompakti muotoilu parantaa aseen k\u00e4sittely\u00e4<\/li>\n<li>Valmistettu Yhdysvalloissa korkealaatuisista, iskunkest\u00e4vist\u00e4 polymeereist\u00e4<\/li>\n<\/ul>\n<p>KAG:n ergonominen muotoilu t\u00e4ydent\u00e4\u00e4 moderneja ampumaotteita, mahdollistaen sujuvat siirtym\u00e4t ja paremman tehokkuuden lis\u00e4\u00e4m\u00e4tt\u00e4 painoa asej\u00e4rjestelm\u00e4\u00e4n.<\/p>\n<\/div>\n","protected":false},"excerpt":{"rendered":"<p>BCM\u00ae KAG: Ergonominen M-LOK\u00ae-kahva parantaa aseen hallintaa.<\/p>\n","protected":false},"featured_media":37351,"template":"","meta":{"_acf_changed":false},"product_brand":[11061],"product_cat":[13241],"product_tag":[],"class_list":{"0":"post-37505","1":"product","2":"type-product","3":"status-publish","4":"has-post-thumbnail","6":"product_brand-bcm","7":"product_cat-luokittelematon","9":"first","10":"instock","11":"taxable","12":"shipping-taxable","13":"purchasable","14":"product-type-variable","15":"wvs-archive-product-wrapper"},"acf":[],"_links":{"self":[{"href":"https:\/\/staging.nbg.eu\/fi\/wp-json\/wp\/v2\/product\/37505","targetHints":{"allow":["GET"]}}],"collection":[{"href":"https:\/\/staging.nbg.eu\/fi\/wp-json\/wp\/v2\/product"}],"about":[{"href":"https:\/\/staging.nbg.eu\/fi\/wp-json\/wp\/v2\/types\/product"}],"wp:featuredmedia":[{"embeddable":true,"href":"https:\/\/staging.nbg.eu\/fi\/wp-json\/wp\/v2\/media\/37351"}],"wp:attachment":[{"href":"https:\/\/staging.nbg.eu\/fi\/wp-json\/wp\/v2\/media?parent=37505"}],"wp:term":[{"taxonomy":"product_brand","embeddable":true,"href":"https:\/\/staging.nbg.eu\/fi\/wp-json\/wp\/v2\/product_brand?post=37505"},{"taxonomy":"product_cat","embeddable":true,"href":"https:\/\/staging.nbg.eu\/fi\/wp-json\/wp\/v2\/product_cat?post=37505"},{"taxonomy":"product_tag","embeddable":true,"href":"https:\/\/staging.nbg.eu\/fi\/wp-json\/wp\/v2\/product_tag?post=37505"}],"curies":[{"name":"wp","href":"https:\/\/api.w.org\/{rel}","templated":true}]}}