{"id":37447,"date":"2024-09-02T10:45:09","date_gmt":"2024-09-09T13:25:01","guid":{"rendered":"https:\/\/staging.nbg.eu\/product\/condition-one-j-arm-45-1-70\/"},"modified":"2024-09-09T13:25:35","modified_gmt":"2024-09-09T13:25:35","slug":"condition-one-j-arm-45-1-70","status":"publish","type":"product","link":"https:\/\/staging.nbg.eu\/fi\/tuote\/condition-one-j-arm-45-1-70\/","title":{"rendered":"Condition One J-Arm 45\u00b0 1.70"},"content":{"rendered":"<div class=\"product-description\">\n<h2>Condition One J-Arm 45\u00b0 1.70<\/h2>\n<p>Paranna Condition One Modular Mount (C.O.M.M.) -j\u00e4rjestelm\u00e4\u00e4si monipuolisella Condition One J-Arm -lis\u00e4varusteella. T\u00e4m\u00e4 v\u00e4ltt\u00e4m\u00e4t\u00f6n lis\u00e4varuste tarjoaa vertaansa vailla olevaa joustavuutta erilaisten lis\u00e4laitteiden kiinnitt\u00e4miseen kokoonpanoosi.<\/p>\n<ul>\n<li>45\u00b0 kulma optimaalista asentoa varten<\/li>\n<li>1.70&#8243; pituus tarkkaa lis\u00e4varusteen sijoittelua varten<\/li>\n<li>Molempik\u00e4tinen muotoilu &#8211; kiinnitys vasemmalle tai oikealle<\/li>\n<li>S\u00e4\u00e4dett\u00e4v\u00e4 etu- ja takasijoitus<\/li>\n<li>Valmistettu kest\u00e4v\u00e4st\u00e4 7075-T6 alumiinista<\/li>\n<li>Tyyppi III kova anodisoitu pinta<\/li>\n<li>Saatavana ruskeana ja mustana<\/li>\n<\/ul>\n<p>Mukauta varusteesi helposti ja tehokkaasti. J-Arm:n mukautuva luonne mahdollistaa k\u00e4ytt\u00e4jille kokoonpanon optimoinnin mit\u00e4 tahansa teht\u00e4v\u00e4\u00e4 tai mieltymyst\u00e4 varten. Koe ylivertainen laatu ja toiminnallisuus Condition One J-Arm 45\u00b0 1.70 -lis\u00e4varusteen avulla.<\/p>\n<\/div>\n","protected":false},"excerpt":{"rendered":"<p>Monik\u00e4ytt\u00f6inen 45\u00b0 J-varsi kiinnike C.O.M.M:lle. Kest\u00e4v\u00e4\u00e4 alumiinia, s\u00e4\u00e4dett\u00e4v\u00e4.<\/p>\n","protected":false},"featured_media":35359,"template":"","meta":{"_acf_changed":false},"product_brand":[11084],"product_cat":[13225,13174,13202,13201],"product_tag":[],"class_list":{"0":"post-37447","1":"product","2":"type-product","3":"status-publish","4":"has-post-thumbnail","6":"product_brand-badger-ordnance","7":"product_cat-kivaeaeri","8":"product_cat-kivaeaerin-viritys","9":"product_cat-punapisteet","10":"product_cat-taehtaeys","12":"first","13":"instock","14":"taxable","15":"shipping-taxable","16":"purchasable","17":"product-type-simple"},"acf":[],"_links":{"self":[{"href":"https:\/\/staging.nbg.eu\/fi\/wp-json\/wp\/v2\/product\/37447","targetHints":{"allow":["GET"]}}],"collection":[{"href":"https:\/\/staging.nbg.eu\/fi\/wp-json\/wp\/v2\/product"}],"about":[{"href":"https:\/\/staging.nbg.eu\/fi\/wp-json\/wp\/v2\/types\/product"}],"wp:featuredmedia":[{"embeddable":true,"href":"https:\/\/staging.nbg.eu\/fi\/wp-json\/wp\/v2\/media\/35359"}],"wp:attachment":[{"href":"https:\/\/staging.nbg.eu\/fi\/wp-json\/wp\/v2\/media?parent=37447"}],"wp:term":[{"taxonomy":"product_brand","embeddable":true,"href":"https:\/\/staging.nbg.eu\/fi\/wp-json\/wp\/v2\/product_brand?post=37447"},{"taxonomy":"product_cat","embeddable":true,"href":"https:\/\/staging.nbg.eu\/fi\/wp-json\/wp\/v2\/product_cat?post=37447"},{"taxonomy":"product_tag","embeddable":true,"href":"https:\/\/staging.nbg.eu\/fi\/wp-json\/wp\/v2\/product_tag?post=37447"}],"curies":[{"name":"wp","href":"https:\/\/api.w.org\/{rel}","templated":true}]}}