{"id":36684,"date":"2024-07-29T19:05:32","date_gmt":"2024-09-02T14:41:38","guid":{"rendered":"https:\/\/staging.nbg.eu\/product\/medium-tkn-refill-advanced\/"},"modified":"2024-09-02T14:42:34","modified_gmt":"2024-09-02T14:42:34","slug":"medium-tkn-refill-advanced","status":"publish","type":"product","link":"https:\/\/staging.nbg.eu\/fi\/tuote\/medium-tkn-refill-advanced\/","title":{"rendered":"Medium TKN!\u2122 Refill &#8211; ADVANCED"},"content":{"rendered":"<div class=\"product-description\">\n<h2>Keskikokoinen TKN!\u2122 T\u00e4ytt\u00f6pakkaus &#8211; EDISTYNYT BlueForceGearin valmistama<\/h2>\n<p>P\u00e4ivit\u00e4 ensiapulaukkusi BlueForceGearin Keskikokoisella TKN!\u2122 T\u00e4ytt\u00f6pakkauksella &#8211; EDISTYNYT. T\u00e4m\u00e4 kattava t\u00e4ytt\u00f6pakkaus on suunniteltu t\u00e4ydent\u00e4m\u00e4\u00e4n olemassa olevaa TKN!\u2122 (Trauma Kit NOW!) -pakkaustasi tai luomaan uuden, t\u00e4ysin varustellun ensiapulaukun h\u00e4t\u00e4tilanteita varten.<\/p>\n<h2>T\u00e4rkeimm\u00e4t ominaisuudet:<\/h2>\n<ul>\n<li>T\u00e4ydellinen sarja edistyneit\u00e4 l\u00e4\u00e4kint\u00e4tarvikkeita traumahoitoon<\/li>\n<li>Sis\u00e4lt\u00e4\u00e4 v\u00e4ltt\u00e4m\u00e4tt\u00f6m\u00e4t tarvikkeet vakavien vammojen hoitoon<\/li>\n<li>Kompakti ja j\u00e4rjestetty nopeaa k\u00e4ytt\u00f6\u00e4 varten h\u00e4t\u00e4tilanteissa<\/li>\n<li>Korkealaatuiset, sotilasluokan komponentit<\/li>\n<li>Sopii lainvalvonnan, armeijan ja siviilien k\u00e4ytt\u00f6\u00f6n<\/li>\n<\/ul>\n<h2>Pakkauksen sis\u00e4lt\u00f6:<\/h2>\n<ul>\n<li>Edistynyt t\u00e4ytt\u00f6pakkaus sis\u00e4lt\u00e4\u00e4:\n<li>1. Traumahanskat (Rullattuna 1 pari)<\/li>\n<li>2. Quikclot Combat Gauze (1 kpl)<\/li>\n<li>3. H\u00e4t\u00e4tilanteen traumaside 6&#8243; (1 kpl)<\/li>\n<li>4. Hypotermiahuopa<\/li>\n<li>5. Litte\u00e4 teippi (1 kpl)<\/li>\n<li>6. Puristettu sideharso (1 kpl)<\/li>\n<li>7. Traumasakset (1 kpl)<\/li>\n<li>8. T\u00e4ysikokoinen rintakeh\u00e4n peite (1 kaksoispakkaus)<\/li>\n<li>9. Nen\u00e4nieluputki (1 kpl)<\/li>\n<li>10. Dekompressioneula (1 kpl)<\/li>\n<\/ul>\n<p>Keskikokoinen TKN!\u2122 T\u00e4ytt\u00f6pakkaus &#8211; EDISTYNYT on asiantuntevasti koottu tarjoamaan sinulle ty\u00f6kalut vakavan verenvuodon, j\u00e4nniteilmarinnan ja ilmateiden tukkeutumisen hoitamiseen. Jokainen komponentti on huolellisesti valittu tehokkuutensa ja helppok\u00e4ytt\u00f6isyytens\u00e4 vuoksi stressaavissa tilanteissa.<\/p>\n<p>Oletpa sitten ensihoitaja, ulkoilun harrastaja tai varaudut vain odottamattomiin h\u00e4t\u00e4tilanteisiin, t\u00e4m\u00e4 t\u00e4ytt\u00f6pakkaus varmistaa, ett\u00e4 olet varustettu k\u00e4sittelem\u00e4\u00e4n kriittisi\u00e4 vammoja, kunnes ammattimainen l\u00e4\u00e4kint\u00e4apu saapuu. \u00c4l\u00e4 tingi turvallisuudesta \u2013 valitse BlueForceGearin Keskikokoinen TKN!\u2122 T\u00e4ytt\u00f6pakkaus &#8211; EDISTYNYT luotettavaa, henke\u00e4 pelastavaa varustusta varten.<\/p>\n<p><strong>Huomaa:<\/strong> Asianmukainen koulutus n\u00e4iden l\u00e4\u00e4kint\u00e4tarvikkeiden k\u00e4ytt\u00f6\u00f6n on eritt\u00e4in suositeltavaa optimaalisen tehokkuuden saavuttamiseksi h\u00e4t\u00e4tilanteissa.<\/p>\n<\/div>\n","protected":false},"excerpt":{"rendered":"<p>Pienikokoinen, edistynyt ensiapupakkauksen t\u00e4ydennys kriittiseen hoitoon kentt\u00e4olosuhteissa.<\/p>\n","protected":false},"featured_media":36693,"template":"","meta":{"_acf_changed":false},"product_brand":[11127],"product_cat":[13227,13192],"product_tag":[],"class_list":{"0":"post-36684","1":"product","2":"type-product","3":"status-publish","4":"has-post-thumbnail","6":"product_brand-blue-force-gear","7":"product_cat-laeaekintae","8":"product_cat-varusteet","10":"first","11":"instock","12":"taxable","13":"shipping-taxable","14":"purchasable","15":"product-type-simple"},"acf":[],"_links":{"self":[{"href":"https:\/\/staging.nbg.eu\/fi\/wp-json\/wp\/v2\/product\/36684","targetHints":{"allow":["GET"]}}],"collection":[{"href":"https:\/\/staging.nbg.eu\/fi\/wp-json\/wp\/v2\/product"}],"about":[{"href":"https:\/\/staging.nbg.eu\/fi\/wp-json\/wp\/v2\/types\/product"}],"wp:featuredmedia":[{"embeddable":true,"href":"https:\/\/staging.nbg.eu\/fi\/wp-json\/wp\/v2\/media\/36693"}],"wp:attachment":[{"href":"https:\/\/staging.nbg.eu\/fi\/wp-json\/wp\/v2\/media?parent=36684"}],"wp:term":[{"taxonomy":"product_brand","embeddable":true,"href":"https:\/\/staging.nbg.eu\/fi\/wp-json\/wp\/v2\/product_brand?post=36684"},{"taxonomy":"product_cat","embeddable":true,"href":"https:\/\/staging.nbg.eu\/fi\/wp-json\/wp\/v2\/product_cat?post=36684"},{"taxonomy":"product_tag","embeddable":true,"href":"https:\/\/staging.nbg.eu\/fi\/wp-json\/wp\/v2\/product_tag?post=36684"}],"curies":[{"name":"wp","href":"https:\/\/api.w.org\/{rel}","templated":true}]}}