{"id":36467,"date":"2024-07-29T19:12:01","date_gmt":"2024-09-02T14:22:07","guid":{"rendered":"https:\/\/staging.nbg.eu\/product\/two-4-waist-pack-for-plate-carriers\/"},"modified":"2024-09-02T14:23:12","modified_gmt":"2024-09-02T14:23:12","slug":"two-4-waist-pack-for-plate-carriers","status":"publish","type":"product","link":"https:\/\/staging.nbg.eu\/fi\/tuote\/two-4-waist-pack-for-plate-carriers\/","title":{"rendered":"Two-4 Waist Pack for Plate Carriers"},"content":{"rendered":"<p>Paranna suojaliiviesi varustusta monipuolisella BlueForceGearin Two-4-vy\u00f6laukulla. T\u00e4m\u00e4 matalaprofiilinen laukku kiinnittyy tukevasti vy\u00f6t\u00e4r\u00f6llesi tai suojaliiviin, tarjoten nopean p\u00e4\u00e4syn t\u00e4rkeisiin varusteisiin. Ominaisuuksiin kuuluvat:<\/p>\n<ul>\n<li>Kest\u00e4v\u00e4 500D Cordura-rakenne<\/li>\n<li>MOLLE-yhteensopiva kiinnitysj\u00e4rjestelm\u00e4<\/li>\n<li>P\u00e4\u00e4osasto sis\u00e4isell\u00e4 j\u00e4rjestelyll\u00e4<\/li>\n<li>Etutasku pienille tavaroille<\/li>\n<li>Molempik\u00e4tinen muotoilu vasemman tai oikean k\u00e4den k\u00e4ytt\u00f6\u00f6n<\/li>\n<li>Saatavana useissa v\u00e4reiss\u00e4<\/li>\n<\/ul>\n<p>Two-4-vy\u00f6laukku sopii t\u00e4ydellisesti sotilaille, lainvalvojille tai taktisesta varustuksesta kiinnostuneille tarjoten k\u00e4tev\u00e4n s\u00e4ilytystilan liikkuvuutta vaarantamatta. Kuljeta l\u00e4\u00e4kint\u00e4tarvikkeita, ammuksia tai henkil\u00f6kohtaisia tavaroita helposti. Rakennettu kest\u00e4m\u00e4\u00e4n ja suunniteltu optimaaliseen toimivuuteen stressaavissa tilanteissa.<\/p>\n","protected":false},"excerpt":{"rendered":"<p>Modulaarinen vy\u00f6laukku liivivarustuksiin. Turvallinen, monipuolinen s\u00e4ilytysratkaisu.<\/p>\n","protected":false},"featured_media":36468,"template":"","meta":{"_acf_changed":false},"product_brand":[11127],"product_cat":[13183,13207,13192],"product_tag":[],"class_list":{"0":"post-36467","1":"product","2":"type-product","3":"status-publish","4":"has-post-thumbnail","6":"product_brand-blue-force-gear","7":"product_cat-pussit","8":"product_cat-taisteluliivilevyt","9":"product_cat-varusteet","11":"first","12":"instock","13":"taxable","14":"shipping-taxable","15":"purchasable","16":"product-type-simple"},"acf":[],"_links":{"self":[{"href":"https:\/\/staging.nbg.eu\/fi\/wp-json\/wp\/v2\/product\/36467","targetHints":{"allow":["GET"]}}],"collection":[{"href":"https:\/\/staging.nbg.eu\/fi\/wp-json\/wp\/v2\/product"}],"about":[{"href":"https:\/\/staging.nbg.eu\/fi\/wp-json\/wp\/v2\/types\/product"}],"wp:featuredmedia":[{"embeddable":true,"href":"https:\/\/staging.nbg.eu\/fi\/wp-json\/wp\/v2\/media\/36468"}],"wp:attachment":[{"href":"https:\/\/staging.nbg.eu\/fi\/wp-json\/wp\/v2\/media?parent=36467"}],"wp:term":[{"taxonomy":"product_brand","embeddable":true,"href":"https:\/\/staging.nbg.eu\/fi\/wp-json\/wp\/v2\/product_brand?post=36467"},{"taxonomy":"product_cat","embeddable":true,"href":"https:\/\/staging.nbg.eu\/fi\/wp-json\/wp\/v2\/product_cat?post=36467"},{"taxonomy":"product_tag","embeddable":true,"href":"https:\/\/staging.nbg.eu\/fi\/wp-json\/wp\/v2\/product_tag?post=36467"}],"curies":[{"name":"wp","href":"https:\/\/api.w.org\/{rel}","templated":true}]}}