{"id":36373,"date":"2024-07-29T19:14:09","date_gmt":"2024-09-02T14:16:54","guid":{"rendered":"https:\/\/staging.nbg.eu\/product\/ten-speed-cummerbund-flap-triple-m4\/"},"modified":"2025-02-16T16:00:02","modified_gmt":"2025-02-16T16:00:02","slug":"ten-speed-cummerbund-flap-triple-m4","status":"publish","type":"product","link":"https:\/\/staging.nbg.eu\/fi\/tuote\/ten-speed-cummerbund-flap-triple-m4\/","title":{"rendered":"Ten-Speed\u00ae Cummerbund Flap &#8211; Triple M4"},"content":{"rendered":"<div class=\"product-description\">\n<h2>Ten-Speed\u00ae Pinoava kolmen lippaan paneeli Crye Precision\u00ae AVS \/ JPC \/ AirLite -alustoille BlueForceGearilta<\/h2>\n<p>Ten-Speed\u00ae Pinoava kolmen lippaan paneeli on suunniteltu Crye Precision\u00ae AVS, JPC ja AirLite -alustoille. Paneelin ominaisuudet:<\/p>\n<ul>\n<li>Kevyt ja kest\u00e4v\u00e4 rakenne<\/li>\n<li>Pit\u00e4\u00e4 kolme kiv\u00e4\u00e4rin lipasta<\/li>\n<li>Ten-Speed\u00ae elastinen materiaali nopeaa k\u00e4ytt\u00f6\u00e4 varten<\/li>\n<li>Pinoava rakenne mukautettavuutta varten<\/li>\n<li>Yhteensopiva MOLLE\/PALS-kiinnitysj\u00e4rjestelm\u00e4n kanssa<\/li>\n<li>Valmistettu Yhdysvalloissa<\/li>\n<\/ul>\n<p>BlueForceGearin lippaan paneeli parantaa tehokkuutta ja mukautuvuutta kent\u00e4ll\u00e4.<\/p>\n<\/div>\n","protected":false},"excerpt":{"rendered":"<p>Monik\u00e4ytt\u00f6inen kolmen lippaan paneeli Crye Precision\u00ae -varusteille. Nopea k\u00e4ytt\u00e4\u00e4, pinottava rakenne.<\/p>\n","protected":false},"featured_media":0,"template":"","meta":{"_acf_changed":false},"product_brand":[11127],"product_cat":[13168,13183,13192],"product_tag":[],"class_list":{"0":"post-36373","1":"product","2":"type-product","3":"status-publish","5":"product_brand-blue-force-gear","6":"product_cat-lippaanpitimet","7":"product_cat-pussit","8":"product_cat-varusteet","10":"first","11":"instock","12":"taxable","13":"shipping-taxable","14":"purchasable","15":"product-type-variable","16":"wvs-archive-product-wrapper"},"acf":[],"_links":{"self":[{"href":"https:\/\/staging.nbg.eu\/fi\/wp-json\/wp\/v2\/product\/36373","targetHints":{"allow":["GET"]}}],"collection":[{"href":"https:\/\/staging.nbg.eu\/fi\/wp-json\/wp\/v2\/product"}],"about":[{"href":"https:\/\/staging.nbg.eu\/fi\/wp-json\/wp\/v2\/types\/product"}],"wp:attachment":[{"href":"https:\/\/staging.nbg.eu\/fi\/wp-json\/wp\/v2\/media?parent=36373"}],"wp:term":[{"taxonomy":"product_brand","embeddable":true,"href":"https:\/\/staging.nbg.eu\/fi\/wp-json\/wp\/v2\/product_brand?post=36373"},{"taxonomy":"product_cat","embeddable":true,"href":"https:\/\/staging.nbg.eu\/fi\/wp-json\/wp\/v2\/product_cat?post=36373"},{"taxonomy":"product_tag","embeddable":true,"href":"https:\/\/staging.nbg.eu\/fi\/wp-json\/wp\/v2\/product_tag?post=36373"}],"curies":[{"name":"wp","href":"https:\/\/api.w.org\/{rel}","templated":true}]}}