{"id":36339,"date":"2024-07-30T18:54:40","date_gmt":"2024-09-02T13:54:31","guid":{"rendered":"https:\/\/staging.nbg.eu\/product\/mag-now-single-m4-pouch\/"},"modified":"2024-09-02T13:55:17","modified_gmt":"2024-09-02T13:55:17","slug":"mag-now-single-m4-pouch","status":"publish","type":"product","link":"https:\/\/staging.nbg.eu\/fi\/tuote\/mag-now-single-m4-pouch\/","title":{"rendered":"MAG NOW! SINGLE M4 POUCH"},"content":{"rendered":"<div class=\"product-description\">\n<h2>MAG NOW! SINGLE M4 POUCH &#8211; BlueForceGear<\/h2>\n<p>MAG NOW! SINGLE M4 POUCH on monipuolinen ja kest\u00e4v\u00e4 lipastaskuratkaisu, joka on suunniteltu nopeaan k\u00e4ytt\u00f6\u00f6n ja varmaan kiinnitykseen. Ominaisuuksiin kuuluvat:<\/p>\n<ul>\n<li>Eritt\u00e4in kevyt rakenne, jossa k\u00e4ytet\u00e4\u00e4n patentoitua ULTRAcomp-materiaalia<\/li>\n<li>S\u00e4\u00e4dett\u00e4v\u00e4 kiinnitys erilaisille lipastyypeille<\/li>\n<li>MOLLE-yhteensopiva kiinnitysj\u00e4rjestelm\u00e4<\/li>\n<li>Molempik\u00e4tinen muotoilu vasemman- ja oikeank\u00e4tiseen k\u00e4ytt\u00f6\u00f6n<\/li>\n<li>Matalaprofiilinen muotoilu v\u00e4hent\u00e4\u00e4 tilantarvetta<\/li>\n<\/ul>\n<p>T\u00e4ydellinen valinta sotilaille, lainvalvojille ja kilpa-ampujille, jotka vaativat nopeita lippaanvaihtoja ja luotettavia varusteita.<\/p>\n<\/div>\n","protected":false},"excerpt":{"rendered":"<p>Turvallinen, nopeasti avattava M4-lipastasku. Kest\u00e4v\u00e4, kevyt rakenne.<\/p>\n","protected":false},"featured_media":34639,"template":"","meta":{"_acf_changed":false},"product_brand":[11127],"product_cat":[13168,13183,13192],"product_tag":[],"class_list":{"0":"post-36339","1":"product","2":"type-product","3":"status-publish","4":"has-post-thumbnail","6":"product_brand-blue-force-gear","7":"product_cat-lippaanpitimet","8":"product_cat-pussit","9":"product_cat-varusteet","11":"first","12":"instock","13":"taxable","14":"shipping-taxable","15":"purchasable","16":"product-type-variable","17":"wvs-archive-product-wrapper"},"acf":[],"_links":{"self":[{"href":"https:\/\/staging.nbg.eu\/fi\/wp-json\/wp\/v2\/product\/36339","targetHints":{"allow":["GET"]}}],"collection":[{"href":"https:\/\/staging.nbg.eu\/fi\/wp-json\/wp\/v2\/product"}],"about":[{"href":"https:\/\/staging.nbg.eu\/fi\/wp-json\/wp\/v2\/types\/product"}],"wp:featuredmedia":[{"embeddable":true,"href":"https:\/\/staging.nbg.eu\/fi\/wp-json\/wp\/v2\/media\/34639"}],"wp:attachment":[{"href":"https:\/\/staging.nbg.eu\/fi\/wp-json\/wp\/v2\/media?parent=36339"}],"wp:term":[{"taxonomy":"product_brand","embeddable":true,"href":"https:\/\/staging.nbg.eu\/fi\/wp-json\/wp\/v2\/product_brand?post=36339"},{"taxonomy":"product_cat","embeddable":true,"href":"https:\/\/staging.nbg.eu\/fi\/wp-json\/wp\/v2\/product_cat?post=36339"},{"taxonomy":"product_tag","embeddable":true,"href":"https:\/\/staging.nbg.eu\/fi\/wp-json\/wp\/v2\/product_tag?post=36339"}],"curies":[{"name":"wp","href":"https:\/\/api.w.org\/{rel}","templated":true}]}}