{"id":36287,"date":"2024-07-30T18:55:35","date_gmt":"2024-09-02T13:50:31","guid":{"rendered":"https:\/\/staging.nbg.eu\/product\/helium-whisper-zippered-accessory-pouch\/"},"modified":"2024-09-02T13:51:26","modified_gmt":"2024-09-02T13:51:26","slug":"helium-whisper-zippered-accessory-pouch","status":"publish","type":"product","link":"https:\/\/staging.nbg.eu\/fi\/tuote\/helium-whisper-zippered-accessory-pouch\/","title":{"rendered":"HELIUM WHISPER\u00ae ZIPPERED ACCESSORY POUCH"},"content":{"rendered":"<p>\nBlueForceGearin HELIUM WHISPER\u00ae VETOKETJULLINEN LIS\u00c4VARUSTEPUSSI on monipuolinen ja kevyt s\u00e4ilytysratkaisu taktisille varusteillesi. Ominaisuuksia:<\/p>\n<ul>\n<li>Eritt\u00e4in kevyt ULTRAcomp\u00ae-materiaali kest\u00e4vyyden ja vedenpit\u00e4vyyden takaamiseksi<\/li>\n<li>MOLLE-yhteensopiva Helium Whisper\u00ae -kiinnitysj\u00e4rjestelm\u00e4 helppoa integrointia varten<\/li>\n<li>Vetoketjullinen p\u00e4\u00e4osasto turvalliseen s\u00e4ilytykseen<\/li>\n<li>Sis\u00e4iset joustavat j\u00e4rjestelynauhat pienille tavaroille<\/li>\n<li>Saatavana useissa v\u00e4reiss\u00e4 varusteidesi mukaan<\/li>\n<\/ul>\n<p>T\u00e4ydellinen l\u00e4\u00e4kint\u00e4tarvikkeiden, elektroniikan tai muiden v\u00e4ltt\u00e4m\u00e4tt\u00f6mien tavaroiden s\u00e4ilytykseen. T\u00e4m\u00e4 pussi yhdist\u00e4\u00e4 toiminnallisuuden BlueForceGearin innovatiiviseen suunnitteluun taaten optimaalisen suorituskyvyn kaikissa ymp\u00e4rist\u00f6iss\u00e4.<\/p>\n","protected":false},"excerpt":{"rendered":"<p>Kevyt ja monik\u00e4ytt\u00f6inen pussi varusteiden turvalliseen s\u00e4ilytykseen liikkeell\u00e4 ollessa.<\/p>\n","protected":false},"featured_media":36288,"template":"","meta":{"_acf_changed":false},"product_brand":[11127],"product_cat":[13183,13192],"product_tag":[],"class_list":{"0":"post-36287","1":"product","2":"type-product","3":"status-publish","4":"has-post-thumbnail","6":"product_brand-blue-force-gear","7":"product_cat-pussit","8":"product_cat-varusteet","10":"first","11":"instock","12":"taxable","13":"shipping-taxable","14":"purchasable","15":"product-type-variable","16":"wvs-archive-product-wrapper"},"acf":[],"_links":{"self":[{"href":"https:\/\/staging.nbg.eu\/fi\/wp-json\/wp\/v2\/product\/36287","targetHints":{"allow":["GET"]}}],"collection":[{"href":"https:\/\/staging.nbg.eu\/fi\/wp-json\/wp\/v2\/product"}],"about":[{"href":"https:\/\/staging.nbg.eu\/fi\/wp-json\/wp\/v2\/types\/product"}],"wp:featuredmedia":[{"embeddable":true,"href":"https:\/\/staging.nbg.eu\/fi\/wp-json\/wp\/v2\/media\/36288"}],"wp:attachment":[{"href":"https:\/\/staging.nbg.eu\/fi\/wp-json\/wp\/v2\/media?parent=36287"}],"wp:term":[{"taxonomy":"product_brand","embeddable":true,"href":"https:\/\/staging.nbg.eu\/fi\/wp-json\/wp\/v2\/product_brand?post=36287"},{"taxonomy":"product_cat","embeddable":true,"href":"https:\/\/staging.nbg.eu\/fi\/wp-json\/wp\/v2\/product_cat?post=36287"},{"taxonomy":"product_tag","embeddable":true,"href":"https:\/\/staging.nbg.eu\/fi\/wp-json\/wp\/v2\/product_tag?post=36287"}],"curies":[{"name":"wp","href":"https:\/\/api.w.org\/{rel}","templated":true}]}}