{"id":35836,"date":"2024-04-18T05:40:44","date_gmt":"2024-09-02T13:39:36","guid":{"rendered":"https:\/\/staging.nbg.eu\/product\/blue-force-gear-vickers-sling-1-25\/"},"modified":"2024-09-13T09:17:22","modified_gmt":"2024-09-13T09:17:22","slug":"blue-force-gear-vickers-sling-1-25","status":"publish","type":"product","link":"https:\/\/staging.nbg.eu\/fi\/tuote\/blue-force-gear-vickers-sling-1-25\/","title":{"rendered":"Blue Force Gear Vickers Sling, 1.25&#8243;"},"content":{"rendered":"<div class=\"product-description\">\n<h2>Blue Force Gear Vickers -hihna, 1,25&#8243;<\/h2>\n<p>Vickers Combat Applications Sling\u2122 on taktinen hihna, joka on kehitetty yhteisty\u00f6ss\u00e4 Larry Vickersin kanssa, entisen 1st SFOD-Delta -operatiivisen j\u00e4senen ja Vickers Guide -kirjailijan.<\/p>\n<ul>\n<li>Nopeasti s\u00e4\u00e4dett\u00e4v\u00e4 rakenne<\/li>\n<li>1,25&#8243; leveys painon jakautumista varten<\/li>\n<li>Yhdysvaltain asevoimien k\u00e4ytt\u00e4m\u00e4<\/li>\n<li>Kest\u00e4v\u00e4 rakenne<\/li>\n<\/ul>\n<p>Hihna on suunniteltu parantamaan aseen k\u00e4sittely\u00e4 ja liikkuvuutta. Se soveltuu sek\u00e4 ammattilaisille ett\u00e4 harrastajille.<\/p>\n<\/div>\n","protected":false},"excerpt":{"rendered":"<p>Larry Vickersin taktinen asehihna. Nopeasti s\u00e4\u00e4dett\u00e4v\u00e4, sotilasluokan.<\/p>\n","protected":false},"featured_media":35837,"template":"","meta":{"_acf_changed":false},"product_brand":[11127],"product_cat":[13188,13192],"product_tag":[],"class_list":{"0":"post-35836","1":"product","2":"type-product","3":"status-publish","4":"has-post-thumbnail","6":"product_brand-blue-force-gear","7":"product_cat-hihnat","8":"product_cat-varusteet","10":"first","11":"instock","12":"taxable","13":"shipping-taxable","14":"purchasable","15":"product-type-variable","16":"wvs-archive-product-wrapper"},"acf":[],"_links":{"self":[{"href":"https:\/\/staging.nbg.eu\/fi\/wp-json\/wp\/v2\/product\/35836","targetHints":{"allow":["GET"]}}],"collection":[{"href":"https:\/\/staging.nbg.eu\/fi\/wp-json\/wp\/v2\/product"}],"about":[{"href":"https:\/\/staging.nbg.eu\/fi\/wp-json\/wp\/v2\/types\/product"}],"wp:featuredmedia":[{"embeddable":true,"href":"https:\/\/staging.nbg.eu\/fi\/wp-json\/wp\/v2\/media\/35837"}],"wp:attachment":[{"href":"https:\/\/staging.nbg.eu\/fi\/wp-json\/wp\/v2\/media?parent=35836"}],"wp:term":[{"taxonomy":"product_brand","embeddable":true,"href":"https:\/\/staging.nbg.eu\/fi\/wp-json\/wp\/v2\/product_brand?post=35836"},{"taxonomy":"product_cat","embeddable":true,"href":"https:\/\/staging.nbg.eu\/fi\/wp-json\/wp\/v2\/product_cat?post=35836"},{"taxonomy":"product_tag","embeddable":true,"href":"https:\/\/staging.nbg.eu\/fi\/wp-json\/wp\/v2\/product_tag?post=35836"}],"curies":[{"name":"wp","href":"https:\/\/api.w.org\/{rel}","templated":true}]}}