{"id":35551,"date":"2024-07-30T14:27:38","date_gmt":"2024-09-02T13:33:14","guid":{"rendered":"https:\/\/staging.nbg.eu\/product\/blueforcegear-grid-belt\/"},"modified":"2024-09-02T13:34:07","modified_gmt":"2024-09-02T13:34:07","slug":"blueforcegear-grid-vyoe","status":"publish","type":"product","link":"https:\/\/staging.nbg.eu\/fi\/tuote\/blueforcegear-grid-vyoe\/","title":{"rendered":"BlueForceGear GRID Vy\u00f6"},"content":{"rendered":"<p>BlueForceGear GRID\u2122 -vy\u00f6 on monipuolinen ja kest\u00e4v\u00e4 taktinen vy\u00f6, joka on suunniteltu maksimaalista mukavuutta ja toiminnallisuutta ajatellen. Innovatiivisen MOLLE-yhteensopivan GRID\u2122-j\u00e4rjestelm\u00e4n ansiosta t\u00e4h\u00e4n vy\u00f6h\u00f6n voi kiinnitt\u00e4\u00e4 pusseja ja lis\u00e4varusteita yksil\u00f6llisesti. Kest\u00e4vist\u00e4 materiaaleista valmistettu vy\u00f6 tarjoaa erinomaisen lujuuden ja pitk\u00e4ik\u00e4isyyden.<\/p>\n<ul>\n<li>Kevyt mutta tukeva rakenne<\/li>\n<li>Pikavapautettava cobra-solki helpottaa pukemista ja riisumista<\/li>\n<li>S\u00e4\u00e4dett\u00e4viss\u00e4 t\u00e4ydellisen istuvuuden saavuttamiseksi<\/li>\n<li>Yhteensopiva virka- ja piilokantokotelot<\/li>\n<li>Saatavana useissa v\u00e4reiss\u00e4 ja koissa<\/li>\n<\/ul>\n<p>Koe vertaansa vailla oleva tuki ja joustavuus BlueForceGear GRID\u2122 -vy\u00f6n avulla, joka sopii ihanteellisesti lainvalvontaviranomaisille, sotilashenkil\u00f6st\u00f6lle ja taktisista varusteista kiinnostuneille.<\/p>\n","protected":false},"excerpt":{"rendered":"<p>Kest\u00e4v\u00e4, matalaprofiilinen taktinen vy\u00f6 monipuoliseen varusteiden kiinnitt\u00e4miseen.<\/p>\n","protected":false},"featured_media":35552,"template":"","meta":{"_acf_changed":false},"product_brand":[11127],"product_cat":[13211,13192],"product_tag":[],"class_list":{"0":"post-35551","1":"product","2":"type-product","3":"status-publish","4":"has-post-thumbnail","6":"product_brand-blue-force-gear","7":"product_cat-taktiset-vyoet","8":"product_cat-varusteet","10":"first","11":"instock","12":"taxable","13":"shipping-taxable","14":"purchasable","15":"product-type-variable","16":"wvs-archive-product-wrapper"},"acf":[],"_links":{"self":[{"href":"https:\/\/staging.nbg.eu\/fi\/wp-json\/wp\/v2\/product\/35551","targetHints":{"allow":["GET"]}}],"collection":[{"href":"https:\/\/staging.nbg.eu\/fi\/wp-json\/wp\/v2\/product"}],"about":[{"href":"https:\/\/staging.nbg.eu\/fi\/wp-json\/wp\/v2\/types\/product"}],"wp:featuredmedia":[{"embeddable":true,"href":"https:\/\/staging.nbg.eu\/fi\/wp-json\/wp\/v2\/media\/35552"}],"wp:attachment":[{"href":"https:\/\/staging.nbg.eu\/fi\/wp-json\/wp\/v2\/media?parent=35551"}],"wp:term":[{"taxonomy":"product_brand","embeddable":true,"href":"https:\/\/staging.nbg.eu\/fi\/wp-json\/wp\/v2\/product_brand?post=35551"},{"taxonomy":"product_cat","embeddable":true,"href":"https:\/\/staging.nbg.eu\/fi\/wp-json\/wp\/v2\/product_cat?post=35551"},{"taxonomy":"product_tag","embeddable":true,"href":"https:\/\/staging.nbg.eu\/fi\/wp-json\/wp\/v2\/product_tag?post=35551"}],"curies":[{"name":"wp","href":"https:\/\/api.w.org\/{rel}","templated":true}]}}