{"id":34803,"date":"2024-07-30T19:21:28","date_gmt":"2024-08-27T14:43:33","guid":{"rendered":"https:\/\/staging.nbg.eu\/product\/leg-strap-for-holster-adapter\/"},"modified":"2024-08-27T14:44:21","modified_gmt":"2024-08-27T14:44:21","slug":"reisiremmi-kotelotarttimen","status":"publish","type":"product","link":"https:\/\/staging.nbg.eu\/fi\/tuote\/reisiremmi-kotelotarttimen\/","title":{"rendered":"Reisiremmi Kotelotarttimen"},"content":{"rendered":"<div class=\"product-description\">\n<h2>BlueForceGear Reisihihna Holsterin Sovittimelle<\/h2>\n<p>Paranna holsterisi vakautta ja mukavuutta BlueForceGear-reisihihnalla holsterin sovittimelle. T\u00e4m\u00e4 kest\u00e4v\u00e4, s\u00e4\u00e4dett\u00e4v\u00e4 hihna on suunniteltu kiinnitt\u00e4m\u00e4\u00e4n holsterisi reiteen, tarjoten luotettavan ja johdonmukaisen vedon.<\/p>\n<ul>\n<h3>Ominaisuudet:<\/h3>\n<li>Yhteensopiva useimpien holsterin sovittimien kanssa<\/li>\n<li>S\u00e4\u00e4dett\u00e4v\u00e4 t\u00e4ydellisen istuvuuden saavuttamiseksi<\/li>\n<li>Valmistettu korkealaatuisista, hengitt\u00e4vist\u00e4 materiaaleista<\/li>\n<li>Luistamaton muotoilu maksimaalisen vakauden takaamiseksi<\/li>\n<li>Pikavapautussolki helppoa pukemista ja riisumista varten<\/li>\n<\/ul>\n<p>Ihanteellinen lainvalvontaviranomaisille, sotilaille ja siviileille, t\u00e4m\u00e4 reisihihna varmistaa, ett\u00e4 holsterisi pysyy paikallaan intensiivisenkin toiminnan aikana.<\/p>\n<\/div>\n","protected":false},"excerpt":{"rendered":"<p>Turvallinen jalkaremmi parantaa kotelon vakautta taaten sujuvan aseen vedon.<\/p>\n","protected":false},"featured_media":34804,"template":"","meta":{"_acf_changed":false},"product_brand":[11127],"product_cat":[13179,13212,13192],"product_tag":[],"class_list":{"0":"post-34803","1":"product","2":"type-product","3":"status-publish","4":"has-post-thumbnail","6":"product_brand-blue-force-gear","7":"product_cat-kotelo","8":"product_cat-kotelotarvikkeet","9":"product_cat-varusteet","11":"first","12":"instock","13":"taxable","14":"shipping-taxable","15":"purchasable","16":"product-type-variable","17":"wvs-archive-product-wrapper"},"acf":[],"_links":{"self":[{"href":"https:\/\/staging.nbg.eu\/fi\/wp-json\/wp\/v2\/product\/34803","targetHints":{"allow":["GET"]}}],"collection":[{"href":"https:\/\/staging.nbg.eu\/fi\/wp-json\/wp\/v2\/product"}],"about":[{"href":"https:\/\/staging.nbg.eu\/fi\/wp-json\/wp\/v2\/types\/product"}],"wp:featuredmedia":[{"embeddable":true,"href":"https:\/\/staging.nbg.eu\/fi\/wp-json\/wp\/v2\/media\/34804"}],"wp:attachment":[{"href":"https:\/\/staging.nbg.eu\/fi\/wp-json\/wp\/v2\/media?parent=34803"}],"wp:term":[{"taxonomy":"product_brand","embeddable":true,"href":"https:\/\/staging.nbg.eu\/fi\/wp-json\/wp\/v2\/product_brand?post=34803"},{"taxonomy":"product_cat","embeddable":true,"href":"https:\/\/staging.nbg.eu\/fi\/wp-json\/wp\/v2\/product_cat?post=34803"},{"taxonomy":"product_tag","embeddable":true,"href":"https:\/\/staging.nbg.eu\/fi\/wp-json\/wp\/v2\/product_tag?post=34803"}],"curies":[{"name":"wp","href":"https:\/\/api.w.org\/{rel}","templated":true}]}}