{"id":34637,"date":"2024-07-30T19:26:43","date_gmt":"2024-08-27T14:29:59","guid":{"rendered":"https:\/\/staging.nbg.eu\/product\/mag-now-triple-m4-pouch\/"},"modified":"2024-08-27T14:30:50","modified_gmt":"2024-08-27T14:30:50","slug":"mag-now-kolminkertainen-m4-pussi","status":"publish","type":"product","link":"https:\/\/staging.nbg.eu\/fi\/tuote\/mag-now-kolminkertainen-m4-pussi\/","title":{"rendered":"MAG NOW! Kolminkertainen M4 Pussi"},"content":{"rendered":"<p><strong>MAG NOW! TRIPLE M4 POUCH<\/strong> BlueForceGearilta on suorituskykyinen lipaskotelo, joka on suunniteltu taktisille ammattilaisille ja harrastajille. Ominaisuuksiin kuuluvat:<\/p>\n<ul>\n<li>Pit\u00e4\u00e4 kolme 30 patruunan M4\/AR-15 -lipasta turvallisesti<\/li>\n<li>Kest\u00e4v\u00e4 500D Cordura -nylonrakenne<\/li>\n<li>Helium Whisper -kiinnitysj\u00e4rjestelm\u00e4 kevyeen MOLLE-yhteensopivuuteen<\/li>\n<li>Nopean k\u00e4yt\u00f6n kuminauhakiinnikkeet<\/li>\n<li>Matalaprofiilinen muotoilu v\u00e4hent\u00e4\u00e4 tilantarvetta<\/li>\n<li>Saatavana useissa v\u00e4reiss\u00e4 varusteidesi mukaan<\/li>\n<\/ul>\n<p>P\u00e4ivit\u00e4 varustuksesi t\u00e4ll\u00e4 monipuolisella, luotettavalla kotelolla, joka varmistaa nopeat lippaanvaihdot, kun joka sekunti on t\u00e4rke\u00e4.<\/p>\n","protected":false},"excerpt":{"rendered":"<p>Turvallinen kolmoiss\u00e4ili\u00f6 M4-lippaalle. Nopea k\u00e4ytt\u00f6\u00f6notto. Kest\u00e4v\u00e4 rakenne.<\/p>\n","protected":false},"featured_media":34638,"template":"","meta":{"_acf_changed":false},"product_brand":[11127],"product_cat":[13168,13183,13192],"product_tag":[],"class_list":{"0":"post-34637","1":"product","2":"type-product","3":"status-publish","4":"has-post-thumbnail","6":"product_brand-blue-force-gear","7":"product_cat-lippaanpitimet","8":"product_cat-pussit","9":"product_cat-varusteet","11":"first","12":"instock","13":"taxable","14":"shipping-taxable","15":"purchasable","16":"product-type-variable","17":"wvs-archive-product-wrapper"},"acf":[],"_links":{"self":[{"href":"https:\/\/staging.nbg.eu\/fi\/wp-json\/wp\/v2\/product\/34637","targetHints":{"allow":["GET"]}}],"collection":[{"href":"https:\/\/staging.nbg.eu\/fi\/wp-json\/wp\/v2\/product"}],"about":[{"href":"https:\/\/staging.nbg.eu\/fi\/wp-json\/wp\/v2\/types\/product"}],"wp:featuredmedia":[{"embeddable":true,"href":"https:\/\/staging.nbg.eu\/fi\/wp-json\/wp\/v2\/media\/34638"}],"wp:attachment":[{"href":"https:\/\/staging.nbg.eu\/fi\/wp-json\/wp\/v2\/media?parent=34637"}],"wp:term":[{"taxonomy":"product_brand","embeddable":true,"href":"https:\/\/staging.nbg.eu\/fi\/wp-json\/wp\/v2\/product_brand?post=34637"},{"taxonomy":"product_cat","embeddable":true,"href":"https:\/\/staging.nbg.eu\/fi\/wp-json\/wp\/v2\/product_cat?post=34637"},{"taxonomy":"product_tag","embeddable":true,"href":"https:\/\/staging.nbg.eu\/fi\/wp-json\/wp\/v2\/product_tag?post=34637"}],"curies":[{"name":"wp","href":"https:\/\/api.w.org\/{rel}","templated":true}]}}