{"id":34441,"date":"2024-07-30T19:30:06","date_gmt":"2024-08-27T14:17:53","guid":{"rendered":"https:\/\/staging.nbg.eu\/product\/admin-pouch\/"},"modified":"2024-08-27T14:18:57","modified_gmt":"2024-08-27T14:18:57","slug":"hallintopussi","status":"publish","type":"product","link":"https:\/\/staging.nbg.eu\/fi\/tuote\/hallintopussi\/","title":{"rendered":"Hallintopussi"},"content":{"rendered":"<div class=\"product-description\">\n<h2>BlueForceGear Hallintapussi<\/h2>\n<p>Pysy j\u00e4rjest\u00e4ytyneen\u00e4 kent\u00e4ll\u00e4 BlueForceGear Hallintapussilla. T\u00e4m\u00e4 monik\u00e4ytt\u00f6inen pussi on t\u00e4ydellinen v\u00e4ltt\u00e4m\u00e4tt\u00f6mien varusteiden s\u00e4ilytt\u00e4miseen ja k\u00e4ytt\u00f6\u00f6n:<\/p>\n<ul>\n<li>Kest\u00e4v\u00e4 500D Cordura-rakenne<\/li>\n<li>MOLLE-yhteensopiva helppoa kiinnityst\u00e4 varten<\/li>\n<li>Useita sis\u00e4taskuja ja joustavia lenkkej\u00e4<\/li>\n<li>Turvallinen vetoketjusulkeminen<\/li>\n<li>Saatavana useissa v\u00e4reiss\u00e4<\/li>\n<\/ul>\n<p>Ihanteellinen sotilaille, lainvalvontaviranomaisille ja ulkoilmaharrastajille. Pid\u00e4 hallintatarvikkeesi j\u00e4rjestyksess\u00e4 ja helposti saatavilla t\u00e4ll\u00e4 kest\u00e4v\u00e4ll\u00e4 ja k\u00e4yt\u00e4nn\u00f6llisell\u00e4 pussilla.<\/p>\n<\/div>\n","protected":false},"excerpt":{"rendered":"<p>Kompakti ja monik\u00e4ytt\u00f6inen s\u00e4ilytyspussi t\u00e4rkeimpien varusteiden j\u00e4rjest\u00e4miseen liikkeell\u00e4 ollessa.<\/p>\n","protected":false},"featured_media":34448,"template":"","meta":{"_acf_changed":false},"product_brand":[11127],"product_cat":[13183,13192],"product_tag":[],"class_list":{"0":"post-34441","1":"product","2":"type-product","3":"status-publish","4":"has-post-thumbnail","6":"product_brand-blue-force-gear","7":"product_cat-pussit","8":"product_cat-varusteet","10":"first","11":"instock","12":"taxable","13":"shipping-taxable","14":"purchasable","15":"product-type-variable","16":"wvs-archive-product-wrapper"},"acf":[],"_links":{"self":[{"href":"https:\/\/staging.nbg.eu\/fi\/wp-json\/wp\/v2\/product\/34441","targetHints":{"allow":["GET"]}}],"collection":[{"href":"https:\/\/staging.nbg.eu\/fi\/wp-json\/wp\/v2\/product"}],"about":[{"href":"https:\/\/staging.nbg.eu\/fi\/wp-json\/wp\/v2\/types\/product"}],"wp:featuredmedia":[{"embeddable":true,"href":"https:\/\/staging.nbg.eu\/fi\/wp-json\/wp\/v2\/media\/34448"}],"wp:attachment":[{"href":"https:\/\/staging.nbg.eu\/fi\/wp-json\/wp\/v2\/media?parent=34441"}],"wp:term":[{"taxonomy":"product_brand","embeddable":true,"href":"https:\/\/staging.nbg.eu\/fi\/wp-json\/wp\/v2\/product_brand?post=34441"},{"taxonomy":"product_cat","embeddable":true,"href":"https:\/\/staging.nbg.eu\/fi\/wp-json\/wp\/v2\/product_cat?post=34441"},{"taxonomy":"product_tag","embeddable":true,"href":"https:\/\/staging.nbg.eu\/fi\/wp-json\/wp\/v2\/product_tag?post=34441"}],"curies":[{"name":"wp","href":"https:\/\/api.w.org\/{rel}","templated":true}]}}