{"id":34103,"date":"2024-07-30T19:31:05","date_gmt":"2024-08-27T14:08:51","guid":{"rendered":"https:\/\/staging.nbg.eu\/product\/boo-boo-pouch\/"},"modified":"2024-08-27T14:10:05","modified_gmt":"2024-08-27T14:10:05","slug":"ensiapu-pussi","status":"publish","type":"product","link":"https:\/\/staging.nbg.eu\/fi\/tuote\/ensiapu-pussi\/","title":{"rendered":"Ensiapu Pussi"},"content":{"rendered":"<p>Blue Force Gearin Boo Boo Pouch on kompakti, monipuolinen ensiapupakkaus, joka on suunniteltu jokap\u00e4iv\u00e4iseen kantamiseen. T\u00e4m\u00e4 kevyt pussukka kiinnittyy helposti varusteisiisi MOLLE\/PALS-kiinnitysj\u00e4rjestelm\u00e4ll\u00e4 tai vy\u00f6lenkeill\u00e4. Se on valmistettu kest\u00e4v\u00e4st\u00e4 500D Cordura -nailonista ja rakennettu kest\u00e4m\u00e4\u00e4n vaativia olosuhteita.<\/p>\n<ul>\n<li>Mitat: 10 cm x 10 cm x 5 cm<\/li>\n<li>Useita kiinnitysvaihtoehtoja<\/li>\n<li>Sis\u00e4iset joustavat lenkit j\u00e4rjest\u00e4mist\u00e4 varten<\/li>\n<li>Saatavana eri v\u00e4reiss\u00e4<\/li>\n<li>T\u00e4ydellinen perusensiapuv\u00e4lineiden s\u00e4ilytt\u00e4miseen<\/li>\n<\/ul>\n<p>Olipa kyseess\u00e4 vaellus, retkeily tai ty\u00f6teht\u00e4v\u00e4t, Boo Boo Pouch varmistaa, ett\u00e4 olet valmistautunut pieniin vammoihin ja h\u00e4t\u00e4tilanteisiin. Kompakti mutta tilava, se on v\u00e4ltt\u00e4m\u00e4t\u00f6n lis\u00e4 p\u00e4ivitt\u00e4iseen varustukseesi.<\/p>\n","protected":false},"excerpt":{"rendered":"<p>Kompakti l\u00e4\u00e4kint\u00e4laukku v\u00e4ltt\u00e4m\u00e4tt\u00f6mille ensiapuv\u00e4lineille liikkeell\u00e4 ollessa.<\/p>\n","protected":false},"featured_media":34109,"template":"","meta":{"_acf_changed":false},"product_brand":[11127],"product_cat":[13183,13192],"product_tag":[],"class_list":{"0":"post-34103","1":"product","2":"type-product","3":"status-publish","4":"has-post-thumbnail","6":"product_brand-blue-force-gear","7":"product_cat-pussit","8":"product_cat-varusteet","10":"first","11":"instock","12":"taxable","13":"shipping-taxable","14":"purchasable","15":"product-type-variable","16":"wvs-archive-product-wrapper"},"acf":[],"_links":{"self":[{"href":"https:\/\/staging.nbg.eu\/fi\/wp-json\/wp\/v2\/product\/34103","targetHints":{"allow":["GET"]}}],"collection":[{"href":"https:\/\/staging.nbg.eu\/fi\/wp-json\/wp\/v2\/product"}],"about":[{"href":"https:\/\/staging.nbg.eu\/fi\/wp-json\/wp\/v2\/types\/product"}],"wp:featuredmedia":[{"embeddable":true,"href":"https:\/\/staging.nbg.eu\/fi\/wp-json\/wp\/v2\/media\/34109"}],"wp:attachment":[{"href":"https:\/\/staging.nbg.eu\/fi\/wp-json\/wp\/v2\/media?parent=34103"}],"wp:term":[{"taxonomy":"product_brand","embeddable":true,"href":"https:\/\/staging.nbg.eu\/fi\/wp-json\/wp\/v2\/product_brand?post=34103"},{"taxonomy":"product_cat","embeddable":true,"href":"https:\/\/staging.nbg.eu\/fi\/wp-json\/wp\/v2\/product_cat?post=34103"},{"taxonomy":"product_tag","embeddable":true,"href":"https:\/\/staging.nbg.eu\/fi\/wp-json\/wp\/v2\/product_tag?post=34103"}],"curies":[{"name":"wp","href":"https:\/\/api.w.org\/{rel}","templated":true}]}}