{"id":33679,"date":"2024-07-30T19:33:04","date_gmt":"2024-08-27T13:14:12","guid":{"rendered":"https:\/\/staging.nbg.eu\/product\/mag-now-single-pistol-pouch-bullets-flat\/"},"modified":"2024-08-27T13:15:11","modified_gmt":"2024-08-27T13:15:11","slug":"mag-now-yksittaeinen-pistoolin-lippaan-pussi-patruunat-tasaisena","status":"publish","type":"product","link":"https:\/\/staging.nbg.eu\/fi\/tuote\/mag-now-yksittaeinen-pistoolin-lippaan-pussi-patruunat-tasaisena\/","title":{"rendered":"MAG NOW! Yksitt\u00e4inen Pistoolin Lippaan Pussi (Patruunat Tasaisena)"},"content":{"rendered":"<p>\nBlue Force Gearin <strong>MAG NOW! SINGLE PISTOL POUCH (BULLETS FLAT)<\/strong> on monipuolinen ja kest\u00e4v\u00e4 ratkaisu pistoolin lippaan kantamiseen. Ominaisuuksiin kuuluvat:<\/p>\n<ul>\n<li>Matalaprofiilinen muotoilu huomaamatonta kantamista varten<\/li>\n<li>Varma kiinnitys ja nopea irrotusmahdollisuus<\/li>\n<li>Yhteensopiva useimpien kaksirivisten pistoolilippaiden kanssa<\/li>\n<li>Kevyt ULTRAcomp-rakenne<\/li>\n<li>MOLLE\/PALS-yhteensopiva<\/li>\n<li>Saatavana useissa v\u00e4reiss\u00e4<\/li>\n<\/ul>\n<p>T\u00e4ydellinen sotilas-, lainvalvonta- ja siviilihenkil\u00f6iden k\u00e4ytt\u00f6\u00f6n, t\u00e4m\u00e4 lipastaskun tarjoaa nopean k\u00e4ytett\u00e4vyyden ja luotettavan suorituskyvyn kaikissa tilanteissa. P\u00e4ivit\u00e4 varusteesi Blue Force Gearin innovatiivisella muotoilulla.<\/p>\n","protected":false},"excerpt":{"rendered":"<p>Ohut, turvallinen pistoolin lipaskotelo. Litte\u00e4t luodit. Nopean k\u00e4yt\u00f6n muotoilu.<\/p>\n","protected":false},"featured_media":33680,"template":"","meta":{"_acf_changed":false},"product_brand":[11127],"product_cat":[13183,13192],"product_tag":[],"class_list":{"0":"post-33679","1":"product","2":"type-product","3":"status-publish","4":"has-post-thumbnail","6":"product_brand-blue-force-gear","7":"product_cat-pussit","8":"product_cat-varusteet","10":"first","11":"instock","12":"taxable","13":"shipping-taxable","14":"purchasable","15":"product-type-variable","16":"wvs-archive-product-wrapper"},"acf":[],"_links":{"self":[{"href":"https:\/\/staging.nbg.eu\/fi\/wp-json\/wp\/v2\/product\/33679","targetHints":{"allow":["GET"]}}],"collection":[{"href":"https:\/\/staging.nbg.eu\/fi\/wp-json\/wp\/v2\/product"}],"about":[{"href":"https:\/\/staging.nbg.eu\/fi\/wp-json\/wp\/v2\/types\/product"}],"wp:featuredmedia":[{"embeddable":true,"href":"https:\/\/staging.nbg.eu\/fi\/wp-json\/wp\/v2\/media\/33680"}],"wp:attachment":[{"href":"https:\/\/staging.nbg.eu\/fi\/wp-json\/wp\/v2\/media?parent=33679"}],"wp:term":[{"taxonomy":"product_brand","embeddable":true,"href":"https:\/\/staging.nbg.eu\/fi\/wp-json\/wp\/v2\/product_brand?post=33679"},{"taxonomy":"product_cat","embeddable":true,"href":"https:\/\/staging.nbg.eu\/fi\/wp-json\/wp\/v2\/product_cat?post=33679"},{"taxonomy":"product_tag","embeddable":true,"href":"https:\/\/staging.nbg.eu\/fi\/wp-json\/wp\/v2\/product_tag?post=33679"}],"curies":[{"name":"wp","href":"https:\/\/api.w.org\/{rel}","templated":true}]}}