{"id":33213,"date":"2024-01-30T18:06:01","date_gmt":"2024-08-27T12:55:18","guid":{"rendered":"https:\/\/staging.nbg.eu\/product\/plate6-molleminus-plate-carrier\/"},"modified":"2024-08-27T12:56:26","modified_gmt":"2024-08-27T12:56:26","slug":"plate6-molleminus-suojalevyliivi","status":"publish","type":"product","link":"https:\/\/staging.nbg.eu\/fi\/tuote\/plate6-molleminus-suojalevyliivi\/","title":{"rendered":"PLATE6 MOLLEminus Suojalevyliivi"},"content":{"rendered":"<p>\nBlueForceGearin PLATE6\u00ae MOLLEminus -luotiliivi on kevyt ja matalaprofiilinen ratkaisu taktisille operaattoreille. Ominaisuudet:<\/p>\n<ul>\n<li>Patentoitu ULTRAcomp\u00ae-laminaattirakenne<\/li>\n<li>Innovatiivinen MOLLEminus-kiinnitysj\u00e4rjestelm\u00e4<\/li>\n<li>S\u00e4\u00e4dett\u00e4v\u00e4t olkahihnat ja vy\u00f6t\u00e4r\u00f6nauha<\/li>\n<li>Yhteensopiva SAPI\/ESAPI-levyjen kanssa 10&#215;12 tuumaan asti<\/li>\n<li>Pikairrotusj\u00e4rjestelm\u00e4 nopeaa riisumista varten<\/li>\n<li>Laserilla leikatut tuuletusaukot parantavat hengitt\u00e4vyytt\u00e4<\/li>\n<li>Saatavana useissa v\u00e4reiss\u00e4<\/li>\n<\/ul>\n<p>PLATE6\u00ae on suunniteltu maksimaalista liikkuvuutta ja minimaalista painoa silm\u00e4ll\u00e4 pit\u00e4en, tarjoten ylivoimaisen suojan tinkim\u00e4tt\u00e4 ketteryydest\u00e4. T\u00e4ydellinen valinta armeijan, poliisin ja turvallisuusalan ammattilaisille, jotka vaativat parasta taktista varustusta.<\/p>\n","protected":false},"excerpt":{"rendered":"<p>Eritt\u00e4in kevyt, matalaprofiilinen liivivarustus. Mukautuva, mukava, kest\u00e4v\u00e4.<\/p>\n","protected":false},"featured_media":33217,"template":"","meta":{"_acf_changed":false},"product_brand":[11127],"product_cat":[13207,13192],"product_tag":[],"class_list":{"0":"post-33213","1":"product","2":"type-product","3":"status-publish","4":"has-post-thumbnail","6":"product_brand-blue-force-gear","7":"product_cat-taisteluliivilevyt","8":"product_cat-varusteet","10":"first","11":"instock","12":"taxable","13":"shipping-taxable","14":"purchasable","15":"product-type-variable","16":"wvs-archive-product-wrapper"},"acf":[],"_links":{"self":[{"href":"https:\/\/staging.nbg.eu\/fi\/wp-json\/wp\/v2\/product\/33213","targetHints":{"allow":["GET"]}}],"collection":[{"href":"https:\/\/staging.nbg.eu\/fi\/wp-json\/wp\/v2\/product"}],"about":[{"href":"https:\/\/staging.nbg.eu\/fi\/wp-json\/wp\/v2\/types\/product"}],"wp:featuredmedia":[{"embeddable":true,"href":"https:\/\/staging.nbg.eu\/fi\/wp-json\/wp\/v2\/media\/33217"}],"wp:attachment":[{"href":"https:\/\/staging.nbg.eu\/fi\/wp-json\/wp\/v2\/media?parent=33213"}],"wp:term":[{"taxonomy":"product_brand","embeddable":true,"href":"https:\/\/staging.nbg.eu\/fi\/wp-json\/wp\/v2\/product_brand?post=33213"},{"taxonomy":"product_cat","embeddable":true,"href":"https:\/\/staging.nbg.eu\/fi\/wp-json\/wp\/v2\/product_cat?post=33213"},{"taxonomy":"product_tag","embeddable":true,"href":"https:\/\/staging.nbg.eu\/fi\/wp-json\/wp\/v2\/product_tag?post=33213"}],"curies":[{"name":"wp","href":"https:\/\/api.w.org\/{rel}","templated":true}]}}